{"id":940,"date":"2015-04-25T21:53:44","date_gmt":"2015-04-25T21:53:44","guid":{"rendered":"http:\/\/dstenerife.ducklingit.com\/?page_id=940"},"modified":"2021-08-09T15:23:45","modified_gmt":"2021-08-09T15:23:45","slug":"gestion-de-calidad-en-el-colegio-aleman-de-santa-cruz-de-tenerife","status":"publish","type":"page","link":"https:\/\/staging.dst.deutsche-schule.eu\/es\/colegio\/comites-del-colegio\/gestion-de-calidad-en-el-colegio-aleman-de-santa-cruz-de-tenerife\/","title":{"rendered":"Grupo de la Gesti\u00f3n de Calidad"},"content":{"rendered":"<p><strong>Miembros permanentes 2020\/2021<\/strong><\/p>\n<ol>\n<li>Coordinadora del Grupo Director: Sra. Graack<\/li>\n<li>Direcci\u00f3n: Sra. Schneider, Sr. Leeuw, Sr. Paul<\/li>\n<li>Representante de los padres: Sra. Untiedt<\/li>\n<li>Representante de los alumnos:\u00a0NN<\/li>\n<li>Representante de la Junta Directiva: Sr. Soldevilla<\/li>\n<li>Prioridades en el desarrollo escolar en el a\u00f1o escolar\u00a02020\/2021<br \/>\nGrupos de trabajo:<\/li>\n<\/ol>\n<p>\u00abAlem\u00e1n\u00bb: Sra. Heim<br \/>\n\u00abDFU\u00bb:\u00a0Sra. Noss<br \/>\n\u00abMatem\u00e1ticas\u00bb: Sra. Lang, Sr. Gal\u00e1n<br \/>\n\u00abFase de Integraci\u00f3n Espa\u00f1ol\u00bb : Sr. Jorge<br \/>\n\u00abConcepto de medios digitales\u00bb: Sra. Mertens, Sra. Schumacher, Sr. Wagener<br \/>\n\u00abPrimaria\u00bb: Sr. Paul<\/p>\n<p><strong>Prioridades en el desarrollo escolar en el curso escolar\u00a02020\/2021<\/strong><\/p>\n\t\t<div data-elementor-type=\"section\" data-elementor-id=\"40450\" class=\"elementor elementor-40450\" data-elementor-post-type=\"elementor_library\">\n\t\t\t\t\t<section class=\"elementor-section elementor-top-section elementor-element elementor-element-5fe89949 elementor-section-boxed elementor-section-height-default elementor-section-height-default\" data-id=\"5fe89949\" data-element_type=\"section\" data-settings=\"{&quot;_ob_glider_is_slider&quot;:&quot;no&quot;}\">\n\t\t\t\t\t\t<div class=\"elementor-container elementor-column-gap-default\">\n\t\t\t\t\t<div class=\"elementor-column elementor-col-100 elementor-top-column elementor-element elementor-element-5d5f6ce0\" data-id=\"5d5f6ce0\" data-element_type=\"column\">\n\t\t\t<div class=\"elementor-widget-wrap elementor-element-populated\">\n\t\t\t\t\t\t<div class=\"elementor-element elementor-element-4612a5c0 elementor-widget elementor-widget-jet-hotspots\" data-id=\"4612a5c0\" data-element_type=\"widget\" data-settings=\"{&quot;_ob_widget_stalker_use&quot;:&quot;no&quot;,&quot;_ob_shadough_use&quot;:&quot;no&quot;}\" data-widget_type=\"jet-hotspots.default\">\n\t\t\t\t<div class=\"elementor-widget-container\">\n\t\t\t\t\t\t\t<div class=\"jet-hotspots jet-hotspots__hotspots-pulse-animation\" data-settings=\"{&quot;tooltipPlacement&quot;:&quot;top&quot;,&quot;tooltipArrow&quot;:true,&quot;tooltipTrigger&quot;:&quot;mouseenter&quot;,&quot;tooltipShowOnInit&quot;:false,&quot;tooltipShowDuration&quot;:{&quot;unit&quot;:&quot;ms&quot;,&quot;size&quot;:500,&quot;sizes&quot;:[]},&quot;tooltipHideDuration&quot;:{&quot;unit&quot;:&quot;ms&quot;,&quot;size&quot;:300,&quot;sizes&quot;:[]},&quot;tooltipDelay&quot;:{&quot;unit&quot;:&quot;ms&quot;,&quot;size&quot;:100,&quot;sizes&quot;:[]},&quot;tooltipDistance&quot;:{&quot;unit&quot;:&quot;px&quot;,&quot;size&quot;:30,&quot;sizes&quot;:[]},&quot;tooltipAnimation&quot;:&quot;fade&quot;,&quot;tooltipInteractive&quot;:false}\">\r\n\t\t\t<div class=\"jet-hotspots__inner\"><img fetchpriority=\"high\" decoding=\"async\" width=\"803\" height=\"720\" src=\"https:\/\/staging.dst.deutsche-schule.eu\/wp-content\/uploads\/2020\/01\/PQM2.png\" class=\"attachment-large size-large wp-image-27343\" alt=\"\" srcset=\"https:\/\/staging.dst.deutsche-schule.eu\/wp-content\/uploads\/2020\/01\/PQM2.png 855w, https:\/\/staging.dst.deutsche-schule.eu\/wp-content\/uploads\/2020\/01\/PQM2-640x574.png 640w, https:\/\/staging.dst.deutsche-schule.eu\/wp-content\/uploads\/2020\/01\/PQM2-180x161.png 180w, https:\/\/staging.dst.deutsche-schule.eu\/wp-content\/uploads\/2020\/01\/PQM2-768x689.png 768w, https:\/\/staging.dst.deutsche-schule.eu\/wp-content\/uploads\/2020\/01\/PQM2-334x300.png 334w\" sizes=\"(max-width: 803px) 100vw, 803px\" \/>\t\t\t\t<div class=\"jet-hotspots__container\"><a id=\"jet-hotspot-1171\" class=\"jet-hotspots__item\" data-tippy-content=\"Projektkarte Methoden GS\" data-horizontal-position=\"55\" data-vertical-position=\"7\" data-tooltip-width=\"px\" data-show-on-init=\"no\" href=\"\/wp-content\/uploads\/2020\/01\/Projektkarte_Methoden_GS_18102017.pdf\" target=\"_blank\"><div class=\"jet-hotspots__item-inner\"><span class=\"jet-hotspots__item-icon jet-tricks-icon\"><i aria-hidden=\"true\" class=\"fas fa-external-link-alt\"><\/i><\/span><\/div><\/a><a id=\"jet-hotspot-1172\" class=\"jet-hotspots__item\" data-tippy-content=\"Projektkarte Deutsch\/DFU\" data-horizontal-position=\"74\" data-vertical-position=\"66\" data-tooltip-width=\"px\" data-show-on-init=\"no\" href=\"\/wp-content\/uploads\/2020\/01\/aktuelle-Projektkarte_Verankerung-DFU-StrukturenLeitbild.doc.pdf\" target=\"_blank\"><div class=\"jet-hotspots__item-inner\"><span class=\"jet-hotspots__item-icon jet-tricks-icon\"><i aria-hidden=\"true\" class=\"fas fa-external-link-alt\"><\/i><\/span><\/div><\/a><a id=\"jet-hotspot-1173\" class=\"jet-hotspots__item\" data-tippy-content=\"Projektkarte IPS\" data-horizontal-position=\"92\" data-vertical-position=\"59\" data-tooltip-width=\"px\" data-show-on-init=\"no\" href=\"\/wp-content\/uploads\/2020\/01\/Projektkarte-IPS-revisado-y-aprobado..pdf\" target=\"_blank\"><div class=\"jet-hotspots__item-inner\"><span class=\"jet-hotspots__item-icon jet-tricks-icon\"><i aria-hidden=\"true\" class=\"fas fa-external-link-alt\"><\/i><\/span><\/div><\/a>\t\t\t\t<\/div>\r\n\t\t\t<\/div>\r\n\t\t<\/div>\r\n\t\t\t\t\t\t<\/div>\n\t\t\t\t<\/div>\n\t\t\t\t\t<\/div>\n\t\t<\/div>\n\t\t\t\t\t<\/div>\n\t\t<\/section>\n\t\t\t\t<\/div>\n\t\t\n<p>Los diferentes Grupos de Calidad funcionan seg\u00fan el principio de la gesti\u00f3n de proyectos con responsabilidades claramente definidas, una planificaci\u00f3n temporal fijada, con peque\u00f1os objetivos en los proyectos para garantizar y aumentar la calidad educativa. Sus tareas y metas est\u00e1n definidas en el programa escolar, como <a href=\"https:\/\/stage.dst.deutsche-schule.eu\/es\/colegio\/gestion-de-calidad-en-el-colegio-aleman-santa-cruz-de-tenerife\/evaluaciones\/\">resultado de las evaluaciones internas (por ejemplo SEIS+) y externas (por ejemplo BLI)<\/a>. Despu\u00e9s de alcanzar sus objetivos y la integraci\u00f3n de sus resultados en la gesti\u00f3n del proceso cont\u00ednuo, se disuelven los Grupos de Calidad y se ocupan de nuevas prioridades en el desarrollo.<\/p>\n<p>En la actualidad se est\u00e1 trabajando en prioridades, resultado de las inspecciones y visitas de la Central de Colegios en el Extranjero y de la evaluaci\u00f3n interna del a\u00f1o 2016.<\/p>\n","protected":false},"excerpt":{"rendered":"<p>Miembros permanentes 2020\/2021 Coordinadora del Grupo Director: Sra. Graack Direcci\u00f3n: Sra. Schneider, Sr. Leeuw, Sr. Paul [&hellip;]<\/p>\n","protected":false},"author":10,"featured_media":0,"parent":1913,"menu_order":4,"comment_status":"closed","ping_status":"closed","template":"","meta":{"site-sidebar-layout":"default","site-content-layout":"default","ast-site-content-layout":"default","site-content-style":"default","site-sidebar-style":"default","ast-global-header-display":"","ast-banner-title-visibility":"","ast-main-header-display":"","ast-hfb-above-header-display":"","ast-hfb-below-header-display":"","ast-hfb-mobile-header-display":"","site-post-title":"","ast-breadcrumbs-content":"","ast-featured-img":"","footer-sml-layout":"","ast-disable-related-posts":"","theme-transparent-header-meta":"default","adv-header-id-meta":"","stick-header-meta":"default","header-above-stick-meta":"","header-main-stick-meta":"","header-below-stick-meta":"","astra-migrate-meta-layouts":"default","ast-page-background-enabled":"default","ast-page-background-meta":{"desktop":{"background-color":"","background-image":"","background-repeat":"repeat","background-position":"center center","background-size":"auto","background-attachment":"scroll","background-type":"","background-media":"","overlay-type":"","overlay-color":"","overlay-opacity":"","overlay-gradient":""},"tablet":{"background-color":"","background-image":"","background-repeat":"repeat","background-position":"center center","background-size":"auto","background-attachment":"scroll","background-type":"","background-media":"","overlay-type":"","overlay-color":"","overlay-opacity":"","overlay-gradient":""},"mobile":{"background-color":"","background-image":"","background-repeat":"repeat","background-position":"center center","background-size":"auto","background-attachment":"scroll","background-type":"","background-media":"","overlay-type":"","overlay-color":"","overlay-opacity":"","overlay-gradient":""}},"ast-content-background-meta":{"desktop":{"background-color":"var(--ast-global-color-5)","background-image":"","background-repeat":"repeat","background-position":"center center","background-size":"auto","background-attachment":"scroll","background-type":"","background-media":"","overlay-type":"","overlay-color":"","overlay-opacity":"","overlay-gradient":""},"tablet":{"background-color":"var(--ast-global-color-5)","background-image":"","background-repeat":"repeat","background-position":"center center","background-size":"auto","background-attachment":"scroll","background-type":"","background-media":"","overlay-type":"","overlay-color":"","overlay-opacity":"","overlay-gradient":""},"mobile":{"background-color":"var(--ast-global-color-5)","background-image":"","background-repeat":"repeat","background-position":"center center","background-size":"auto","background-attachment":"scroll","background-type":"","background-media":"","overlay-type":"","overlay-color":"","overlay-opacity":"","overlay-gradient":""}},"_jet_sm_ready_style":"","_jet_sm_style":"","_jet_sm_controls_values":"","_jet_sm_fonts_collection":"","_jet_sm_fonts_links":"","footnotes":""},"schlagwortedst":[],"class_list":["post-940","page","type-page","status-publish","hentry"],"_links":{"self":[{"href":"https:\/\/staging.dst.deutsche-schule.eu\/es\/wp-json\/wp\/v2\/pages\/940","targetHints":{"allow":["GET"]}}],"collection":[{"href":"https:\/\/staging.dst.deutsche-schule.eu\/es\/wp-json\/wp\/v2\/pages"}],"about":[{"href":"https:\/\/staging.dst.deutsche-schule.eu\/es\/wp-json\/wp\/v2\/types\/page"}],"author":[{"embeddable":true,"href":"https:\/\/staging.dst.deutsche-schule.eu\/es\/wp-json\/wp\/v2\/users\/10"}],"replies":[{"embeddable":true,"href":"https:\/\/staging.dst.deutsche-schule.eu\/es\/wp-json\/wp\/v2\/comments?post=940"}],"version-history":[{"count":7,"href":"https:\/\/staging.dst.deutsche-schule.eu\/es\/wp-json\/wp\/v2\/pages\/940\/revisions"}],"predecessor-version":[{"id":45178,"href":"https:\/\/staging.dst.deutsche-schule.eu\/es\/wp-json\/wp\/v2\/pages\/940\/revisions\/45178"}],"up":[{"embeddable":true,"href":"https:\/\/staging.dst.deutsche-schule.eu\/es\/wp-json\/wp\/v2\/pages\/1913"}],"wp:attachment":[{"href":"https:\/\/staging.dst.deutsche-schule.eu\/es\/wp-json\/wp\/v2\/media?parent=940"}],"wp:term":[{"taxonomy":"schlagwortedst","embeddable":true,"href":"https:\/\/staging.dst.deutsche-schule.eu\/es\/wp-json\/wp\/v2\/schlagwortedst?post=940"}],"curies":[{"name":"wp","href":"https:\/\/api.w.org\/{rel}","templated":true}]}}