{"id":875,"date":"2015-05-02T19:36:25","date_gmt":"2015-05-02T19:36:25","guid":{"rendered":"http:\/\/dstenerife.ducklingit.com\/?page_id=875"},"modified":"2021-08-09T10:16:06","modified_gmt":"2021-08-09T10:16:06","slug":"orientacion-laboral","status":"publish","type":"page","link":"https:\/\/staging.dst.deutsche-schule.eu\/es\/secundaria-y-bachilerato\/orientacion-laboral\/","title":{"rendered":"Orientaci\u00f3n laboral"},"content":{"rendered":"<p>En este punto, el Colegio Alem\u00e1n de Santa Cruz de Tenerife ofrece a sus alumnos numerosa ayuda y servicios de informaci\u00f3n. Desde hace varios a\u00f1os se ha ampliado y combinado estructuralmente nuestro servicio profesional de informaci\u00f3n, compuesto por actividades dirigidas a clases espec\u00edficas y en momentos puntuales, ofertas continuas, as\u00ed como eventos actuales puntuales.<\/p>\n<ul>\n<li><strong>Solicitudes de empleo, formaci\u00f3n o pr\u00e1cticas y Curriculum<\/strong> (clases 10); en las clases de Alem\u00e1n, se ense\u00f1a a los alumnos a confeccionar las solicitudes y los curriculum. Las solicitudes y los curriculum escritos por ellos mismos, se utilizan para solicitar las plazas de pr\u00e1cticas en empresas en Francfor.<\/li>\n<li><strong>Semana de informaci\u00f3n profesional<\/strong> (clases 11); anualmente viene un consultor en profesiones acad\u00e9micas y EURES de la Agencia Federal de Empleo a nuestro colegio, que informa a nuestros alumnos y a sus padres, en grupo e idividualmente, sobre las posibilidades de formaci\u00f3n en Alemania. Desde 2013 tiene lugar una reuni\u00f3n informativa para los podres interesados.<\/li>\n<li><strong>Pr\u00e1cticas en empresas en Fr\u00e1ncfor <\/strong>(clases 11); durante el viaje de estudios de las clases 11,\u00a0 se realiza una semana de pr\u00e1cticas en empresas en Fr\u00e1ncfor. De esta manera, los alumnos conocen una empresa y obtienen la visi\u00f3n del mundo laboral en Alemania.<\/li>\n<li><strong>Visita a la universidad<\/strong> (clase 11 con tutores en Berlin)<\/li>\n<li><strong>Asesoramiento individual <\/strong>(todos los alumnos y sus padres); oferta del asesor de la Agencia Federal de Empleo o por el Jefe de estudios del colegio.<\/li>\n<li><strong>Portal de antiguos alumnos<\/strong><\/li>\n<li><strong>Informaci\u00f3n y prospectos<\/strong> (clases11 y 12); se pone a disposici\u00f3n de los alumnos en la sala de bachilleres.<\/li>\n<\/ul>\n<p>&nbsp;<\/p>\n<p><a href=\"https:\/\/stage.dst.deutsche-schule.eu\/es\/secundaria-y-bachilerato\/orientacion-laboral\/orientacion-laboral\/\">Una visi\u00f3n general sobre p\u00e1ginas web<\/a> interesantes sobre diversos temas.<\/p>\n","protected":false},"excerpt":{"rendered":"<p>En este punto, el Colegio Alem\u00e1n de Santa Cruz de Tenerife ofrece a sus alumnos numerosa [&hellip;]<\/p>\n","protected":false},"author":10,"featured_media":0,"parent":1993,"menu_order":11,"comment_status":"closed","ping_status":"closed","template":"","meta":{"site-sidebar-layout":"default","site-content-layout":"default","ast-site-content-layout":"default","site-content-style":"default","site-sidebar-style":"default","ast-global-header-display":"","ast-banner-title-visibility":"","ast-main-header-display":"","ast-hfb-above-header-display":"","ast-hfb-below-header-display":"","ast-hfb-mobile-header-display":"","site-post-title":"","ast-breadcrumbs-content":"","ast-featured-img":"","footer-sml-layout":"","ast-disable-related-posts":"","theme-transparent-header-meta":"default","adv-header-id-meta":"","stick-header-meta":"default","header-above-stick-meta":"","header-main-stick-meta":"","header-below-stick-meta":"","astra-migrate-meta-layouts":"default","ast-page-background-enabled":"default","ast-page-background-meta":{"desktop":{"background-color":"","background-image":"","background-repeat":"repeat","background-position":"center center","background-size":"auto","background-attachment":"scroll","background-type":"","background-media":"","overlay-type":"","overlay-color":"","overlay-opacity":"","overlay-gradient":""},"tablet":{"background-color":"","background-image":"","background-repeat":"repeat","background-position":"center center","background-size":"auto","background-attachment":"scroll","background-type":"","background-media":"","overlay-type":"","overlay-color":"","overlay-opacity":"","overlay-gradient":""},"mobile":{"background-color":"","background-image":"","background-repeat":"repeat","background-position":"center center","background-size":"auto","background-attachment":"scroll","background-type":"","background-media":"","overlay-type":"","overlay-color":"","overlay-opacity":"","overlay-gradient":""}},"ast-content-background-meta":{"desktop":{"background-color":"var(--ast-global-color-5)","background-image":"","background-repeat":"repeat","background-position":"center center","background-size":"auto","background-attachment":"scroll","background-type":"","background-media":"","overlay-type":"","overlay-color":"","overlay-opacity":"","overlay-gradient":""},"tablet":{"background-color":"var(--ast-global-color-5)","background-image":"","background-repeat":"repeat","background-position":"center center","background-size":"auto","background-attachment":"scroll","background-type":"","background-media":"","overlay-type":"","overlay-color":"","overlay-opacity":"","overlay-gradient":""},"mobile":{"background-color":"var(--ast-global-color-5)","background-image":"","background-repeat":"repeat","background-position":"center center","background-size":"auto","background-attachment":"scroll","background-type":"","background-media":"","overlay-type":"","overlay-color":"","overlay-opacity":"","overlay-gradient":""}},"_jet_sm_ready_style":"","_jet_sm_style":"","_jet_sm_controls_values":"","_jet_sm_fonts_collection":"","_jet_sm_fonts_links":"","footnotes":""},"schlagwortedst":[151],"class_list":["post-875","page","type-page","status-publish","hentry","schlagwortedst-sidesek"],"_links":{"self":[{"href":"https:\/\/staging.dst.deutsche-schule.eu\/es\/wp-json\/wp\/v2\/pages\/875","targetHints":{"allow":["GET"]}}],"collection":[{"href":"https:\/\/staging.dst.deutsche-schule.eu\/es\/wp-json\/wp\/v2\/pages"}],"about":[{"href":"https:\/\/staging.dst.deutsche-schule.eu\/es\/wp-json\/wp\/v2\/types\/page"}],"author":[{"embeddable":true,"href":"https:\/\/staging.dst.deutsche-schule.eu\/es\/wp-json\/wp\/v2\/users\/10"}],"replies":[{"embeddable":true,"href":"https:\/\/staging.dst.deutsche-schule.eu\/es\/wp-json\/wp\/v2\/comments?post=875"}],"version-history":[{"count":2,"href":"https:\/\/staging.dst.deutsche-schule.eu\/es\/wp-json\/wp\/v2\/pages\/875\/revisions"}],"predecessor-version":[{"id":45079,"href":"https:\/\/staging.dst.deutsche-schule.eu\/es\/wp-json\/wp\/v2\/pages\/875\/revisions\/45079"}],"up":[{"embeddable":true,"href":"https:\/\/staging.dst.deutsche-schule.eu\/es\/wp-json\/wp\/v2\/pages\/1993"}],"wp:attachment":[{"href":"https:\/\/staging.dst.deutsche-schule.eu\/es\/wp-json\/wp\/v2\/media?parent=875"}],"wp:term":[{"taxonomy":"schlagwortedst","embeddable":true,"href":"https:\/\/staging.dst.deutsche-schule.eu\/es\/wp-json\/wp\/v2\/schlagwortedst?post=875"}],"curies":[{"name":"wp","href":"https:\/\/api.w.org\/{rel}","templated":true}]}}