{"id":7125,"date":"2016-11-02T22:22:45","date_gmt":"2016-11-02T22:22:45","guid":{"rendered":"https:\/\/stage.dst.deutsche-schule.eu\/es\/?page_id=7125"},"modified":"2021-08-09T15:27:46","modified_gmt":"2021-08-09T15:27:46","slug":"gestion-de-calidad-en-el-colegio-aleman-santa-cruz-de-tenerife","status":"publish","type":"page","link":"https:\/\/staging.dst.deutsche-schule.eu\/es\/colegio\/gestion-de-calidad-en-el-colegio-aleman-santa-cruz-de-tenerife\/","title":{"rendered":"Gesti\u00f3n de Calidad en el Colegio Alem\u00e1n Santa Cruz de Tenerife"},"content":{"rendered":"<p style=\"text-align: justify;\">La mejora en la calidad de un colegio (<strong>\u00ab<\/strong><strong>Desarrollo escolar\u00bb<\/strong>) es un proceso continuo y circular, que cubre todas las \u00e1reas de un colegio e integra a todos los miembros de la comunidad escolar.<\/p>\n<p><img fetchpriority=\"high\" decoding=\"async\" class=\"alignnone size-medium wp-image-27291\" src=\"https:\/\/stage.dst.deutsche-schule.eu\/wp-content\/uploads\/2020\/01\/Steuergruppe-schematisch-19-20-1140x855.png\" alt=\"\" width=\"1140\" height=\"855\" srcset=\"https:\/\/staging.dst.deutsche-schule.eu\/wp-content\/uploads\/2020\/01\/Steuergruppe-schematisch-19-20-1140x855.png 1140w, https:\/\/staging.dst.deutsche-schule.eu\/wp-content\/uploads\/2020\/01\/Steuergruppe-schematisch-19-20-640x480.png 640w, https:\/\/staging.dst.deutsche-schule.eu\/wp-content\/uploads\/2020\/01\/Steuergruppe-schematisch-19-20-180x135.png 180w, https:\/\/staging.dst.deutsche-schule.eu\/wp-content\/uploads\/2020\/01\/Steuergruppe-schematisch-19-20-768x576.png 768w, https:\/\/staging.dst.deutsche-schule.eu\/wp-content\/uploads\/2020\/01\/Steuergruppe-schematisch-19-20-400x300.png 400w, https:\/\/staging.dst.deutsche-schule.eu\/wp-content\/uploads\/2020\/01\/Steuergruppe-schematisch-19-20.png 1440w\" sizes=\"(max-width: 1140px) 100vw, 1140px\" \/><\/p>\n<p style=\"text-align: justify;\"><a href=\"https:\/\/stage.dst.deutsche-schule.eu\/es\/colegio\/gestion-de-calidad-en-el-colegio-aleman-santa-cruz-de-tenerife\/evaluaciones\/\">Las evaluaciones internas y externas,<\/a> al igual que las estructuras de retroalimentaci\u00f3n, proporcionan valiosos incentivos para ajustar los procesos de desarrollo de la calidad y ayudan a confirmar que las medidas tomadas han sido las correctas. La evaluaci\u00f3n se convierte as\u00ed en motor de un desarrollo de calidad.<\/p>\n<p style=\"text-align: justify;\">Incluye el desarrollo personal (elecci\u00f3n de personal, oferta formativa y orientativa espec\u00edfica, motivaci\u00f3n del personal, gesti\u00f3n sostenible de los recursos humanos), pero sobre todo la llamada Gesti\u00f3n de Calidad Pedag\u00f3gica (<strong>\u00abPQM\u00bb<\/strong>), que tiene como objetivo la mejora de la labor educativa.<\/p>\n<p style=\"text-align: justify;\">El desarrollo del personal incumbe a la Direcci\u00f3n y a la Junta Directiva. Los objetivos y m\u00e9todos del desarrollo de calidad pedag\u00f3gica, lo determinan la Direcci\u00f3n y el claustro de profesores, junto a padres, alumnos y Junta Directiva, en base de los resultados de evaluaci\u00f3n interna y auditor\u00edas externas. Los pasos concretos que llevar\u00e1n a los respectivos objetivos, los planea y coordina el Grupo de la Gesti\u00f3n de Calidad, compuesto por profesores de Primaria y de Secundaria, al igual que la Direcci\u00f3n, miembros de la Junta Directiva, el consejo de padres y alumnado representando personalmente.<br \/>\nGracias a la formaci\u00f3n adecuada y al apoyo de un \u00abacompa\u00f1ante en el proceso\u00bb, puesto a disposici\u00f3n de los Colegios Alemanes en el Extranjero de forma gratuita, los grupos directores y los grupos de trabajo constituidos, son capaces de organizar el proceso de desarrollo escolar de forma profesional. Los planes de desarrollo est\u00e1n confeccionados como proyectos y tienen fijado un periodo de tiempo, finalmente se eval\u00faan los resultados de los pasos desarrollados. Esto permite optimizar el proceso PQM, identificar \u00e1reas de acci\u00f3n a tiempo y asegurar los puntos fuertes.<br \/>\n<a href=\"https:\/\/stage.dst.deutsche-schule.eu\/es\/comites-del-colegio\/gestion-de-calidad-en-el-colegio-aleman-de-santa-cruz-de-tenerife\/\">El Grupo de la Gesti\u00f3n de Calidad <\/a>se compone por miembros fijos \u2013 representantes de la Direcci\u00f3n, padres, alumnos, Junta Directiva y el coordinador del Grupo de la Gesti\u00f3n de Calidad. Con ello se asegura la colaboraci\u00f3n de todos los miembros de la comunidad escolar y se ampl\u00eda la cooperaci\u00f3n en la Gesti\u00f3n de Calidad.<\/p>\n","protected":false},"excerpt":{"rendered":"<p>La mejora en la calidad de un colegio (\u00abDesarrollo escolar\u00bb) es un proceso continuo y circular, [&hellip;]<\/p>\n","protected":false},"author":10,"featured_media":6778,"parent":902,"menu_order":11,"comment_status":"closed","ping_status":"closed","template":"","meta":{"site-sidebar-layout":"default","site-content-layout":"default","ast-site-content-layout":"default","site-content-style":"default","site-sidebar-style":"default","ast-global-header-display":"","ast-banner-title-visibility":"","ast-main-header-display":"","ast-hfb-above-header-display":"","ast-hfb-below-header-display":"","ast-hfb-mobile-header-display":"","site-post-title":"","ast-breadcrumbs-content":"","ast-featured-img":"","footer-sml-layout":"","ast-disable-related-posts":"","theme-transparent-header-meta":"default","adv-header-id-meta":"","stick-header-meta":"default","header-above-stick-meta":"","header-main-stick-meta":"","header-below-stick-meta":"","astra-migrate-meta-layouts":"default","ast-page-background-enabled":"default","ast-page-background-meta":{"desktop":{"background-color":"","background-image":"","background-repeat":"repeat","background-position":"center center","background-size":"auto","background-attachment":"scroll","background-type":"","background-media":"","overlay-type":"","overlay-color":"","overlay-opacity":"","overlay-gradient":""},"tablet":{"background-color":"","background-image":"","background-repeat":"repeat","background-position":"center center","background-size":"auto","background-attachment":"scroll","background-type":"","background-media":"","overlay-type":"","overlay-color":"","overlay-opacity":"","overlay-gradient":""},"mobile":{"background-color":"","background-image":"","background-repeat":"repeat","background-position":"center center","background-size":"auto","background-attachment":"scroll","background-type":"","background-media":"","overlay-type":"","overlay-color":"","overlay-opacity":"","overlay-gradient":""}},"ast-content-background-meta":{"desktop":{"background-color":"var(--ast-global-color-5)","background-image":"","background-repeat":"repeat","background-position":"center center","background-size":"auto","background-attachment":"scroll","background-type":"","background-media":"","overlay-type":"","overlay-color":"","overlay-opacity":"","overlay-gradient":""},"tablet":{"background-color":"var(--ast-global-color-5)","background-image":"","background-repeat":"repeat","background-position":"center center","background-size":"auto","background-attachment":"scroll","background-type":"","background-media":"","overlay-type":"","overlay-color":"","overlay-opacity":"","overlay-gradient":""},"mobile":{"background-color":"var(--ast-global-color-5)","background-image":"","background-repeat":"repeat","background-position":"center center","background-size":"auto","background-attachment":"scroll","background-type":"","background-media":"","overlay-type":"","overlay-color":"","overlay-opacity":"","overlay-gradient":""}},"_jet_sm_ready_style":"","_jet_sm_style":"","_jet_sm_controls_values":"","_jet_sm_fonts_collection":"","_jet_sm_fonts_links":"","footnotes":""},"schlagwortedst":[153],"class_list":["post-7125","page","type-page","status-publish","has-post-thumbnail","hentry","schlagwortedst-sideschule"],"_links":{"self":[{"href":"https:\/\/staging.dst.deutsche-schule.eu\/es\/wp-json\/wp\/v2\/pages\/7125","targetHints":{"allow":["GET"]}}],"collection":[{"href":"https:\/\/staging.dst.deutsche-schule.eu\/es\/wp-json\/wp\/v2\/pages"}],"about":[{"href":"https:\/\/staging.dst.deutsche-schule.eu\/es\/wp-json\/wp\/v2\/types\/page"}],"author":[{"embeddable":true,"href":"https:\/\/staging.dst.deutsche-schule.eu\/es\/wp-json\/wp\/v2\/users\/10"}],"replies":[{"embeddable":true,"href":"https:\/\/staging.dst.deutsche-schule.eu\/es\/wp-json\/wp\/v2\/comments?post=7125"}],"version-history":[{"count":4,"href":"https:\/\/staging.dst.deutsche-schule.eu\/es\/wp-json\/wp\/v2\/pages\/7125\/revisions"}],"predecessor-version":[{"id":45182,"href":"https:\/\/staging.dst.deutsche-schule.eu\/es\/wp-json\/wp\/v2\/pages\/7125\/revisions\/45182"}],"up":[{"embeddable":true,"href":"https:\/\/staging.dst.deutsche-schule.eu\/es\/wp-json\/wp\/v2\/pages\/902"}],"wp:featuredmedia":[{"embeddable":true,"href":"https:\/\/staging.dst.deutsche-schule.eu\/es\/wp-json\/wp\/v2\/media\/6778"}],"wp:attachment":[{"href":"https:\/\/staging.dst.deutsche-schule.eu\/es\/wp-json\/wp\/v2\/media?parent=7125"}],"wp:term":[{"taxonomy":"schlagwortedst","embeddable":true,"href":"https:\/\/staging.dst.deutsche-schule.eu\/es\/wp-json\/wp\/v2\/schlagwortedst?post=7125"}],"curies":[{"name":"wp","href":"https:\/\/api.w.org\/{rel}","templated":true}]}}