{"id":42274,"date":"2021-04-12T10:23:05","date_gmt":"2021-04-12T10:23:05","guid":{"rendered":"https:\/\/stage.dst.deutsche-schule.eu\/?page_id=42274"},"modified":"2021-07-27T14:42:49","modified_gmt":"2021-07-27T14:42:49","slug":"praktikum-sekundarstufe","status":"publish","type":"page","link":"https:\/\/staging.dst.deutsche-schule.eu\/es\/secundaria-y-bachilerato\/praktikum-sekundarstufe\/","title":{"rendered":"Pr\u00e1cticas en Secundaria"},"content":{"rendered":"\t\t<div data-elementor-type=\"wp-page\" data-elementor-id=\"42274\" class=\"elementor elementor-42274 elementor-37333\" data-elementor-post-type=\"page\">\n\t\t\t\t\t\t<section class=\"elementor-section elementor-top-section elementor-element elementor-element-51729e95 elementor-section-boxed elementor-section-height-default elementor-section-height-default\" data-id=\"51729e95\" data-element_type=\"section\" data-settings=\"{&quot;_ob_glider_is_slider&quot;:&quot;no&quot;}\">\n\t\t\t\t\t\t<div class=\"elementor-container elementor-column-gap-default\">\n\t\t\t\t\t<div class=\"elementor-column elementor-col-50 elementor-top-column elementor-element elementor-element-f155601\" data-id=\"f155601\" data-element_type=\"column\">\n\t\t\t<div class=\"elementor-widget-wrap elementor-element-populated\">\n\t\t\t\t\t\t<div class=\"elementor-element elementor-element-7fe5cd00 elementor-toc--minimized-on-mobile elementor-widget elementor-widget-table-of-contents\" data-id=\"7fe5cd00\" data-element_type=\"widget\" data-settings=\"{&quot;headings_by_tags&quot;:[&quot;h2&quot;,&quot;h3&quot;,&quot;h4&quot;],&quot;exclude_headings_by_selector&quot;:[],&quot;minimized_on&quot;:&quot;mobile&quot;,&quot;sticky&quot;:&quot;top&quot;,&quot;marker_view&quot;:&quot;numbers&quot;,&quot;no_headings_message&quot;:&quot;No se ha encontrado ning\\u00fan encabezado en esta p\\u00e1gina.&quot;,&quot;minimize_box&quot;:&quot;yes&quot;,&quot;hierarchical_view&quot;:&quot;yes&quot;,&quot;min_height&quot;:{&quot;unit&quot;:&quot;px&quot;,&quot;size&quot;:&quot;&quot;,&quot;sizes&quot;:[]},&quot;min_height_tablet&quot;:{&quot;unit&quot;:&quot;px&quot;,&quot;size&quot;:&quot;&quot;,&quot;sizes&quot;:[]},&quot;min_height_mobile&quot;:{&quot;unit&quot;:&quot;px&quot;,&quot;size&quot;:&quot;&quot;,&quot;sizes&quot;:[]},&quot;_ob_widget_stalker_use&quot;:&quot;no&quot;,&quot;sticky_on&quot;:[&quot;desktop&quot;,&quot;tablet&quot;,&quot;mobile&quot;],&quot;sticky_offset&quot;:0,&quot;sticky_effects_offset&quot;:0,&quot;sticky_anchor_link_offset&quot;:0,&quot;_ob_shadough_use&quot;:&quot;no&quot;}\" data-widget_type=\"table-of-contents.default\">\n\t\t\t\t<div class=\"elementor-widget-container\">\n\t\t\t\t\t\t\t\t\t<div class=\"elementor-toc__header\">\n\t\t\t\t\t\t<h6 class=\"elementor-toc__header-title\">\n\t\t\t\t\u00cdndice\t\t\t<\/h6>\n\t\t\t\t\t\t\t\t\t\t<div class=\"elementor-toc__toggle-button elementor-toc__toggle-button--expand\" role=\"button\" tabindex=\"0\" aria-controls=\"elementor-toc__7fe5cd00\" aria-expanded=\"true\" aria-label=\"Abrir la tabla de contenidos\"><i aria-hidden=\"true\" class=\"fas fa-caret-down\"><\/i><\/div>\n\t\t\t\t<div class=\"elementor-toc__toggle-button elementor-toc__toggle-button--collapse\" role=\"button\" tabindex=\"0\" aria-controls=\"elementor-toc__7fe5cd00\" aria-expanded=\"true\" aria-label=\"Cerrar la tabla de contenidos\"><i aria-hidden=\"true\" class=\"fas fa-caret-up\"><\/i><\/div>\n\t\t\t\t\t<\/div>\n\t\t\t\t<div id=\"elementor-toc__7fe5cd00\" class=\"elementor-toc__body\">\n\t\t\t<div class=\"elementor-toc__spinner-container\">\n\t\t\t\t<i class=\"elementor-toc__spinner eicon-animation-spin eicon-loading\" aria-hidden=\"true\"><\/i>\t\t\t<\/div>\n\t\t<\/div>\n\t\t\t\t\t\t<\/div>\n\t\t\t\t<\/div>\n\t\t\t\t\t<\/div>\n\t\t<\/div>\n\t\t\t\t<div class=\"elementor-column elementor-col-50 elementor-top-column elementor-element elementor-element-6d8fdd9c\" data-id=\"6d8fdd9c\" data-element_type=\"column\">\n\t\t\t<div class=\"elementor-widget-wrap elementor-element-populated\">\n\t\t\t\t\t\t<div class=\"elementor-element elementor-element-a8ef5bd elementor-position-left elementor-vertical-align-top elementor-widget elementor-widget-image-box\" data-id=\"a8ef5bd\" data-element_type=\"widget\" data-settings=\"{&quot;_ob_widget_stalker_use&quot;:&quot;no&quot;,&quot;_ob_shadough_use&quot;:&quot;no&quot;}\" data-widget_type=\"image-box.default\">\n\t\t\t\t<div class=\"elementor-widget-container\">\n\t\t\t\t\t<div class=\"elementor-image-box-wrapper\"><figure class=\"elementor-image-box-img\"><img fetchpriority=\"high\" decoding=\"async\" width=\"564\" height=\"423\" src=\"https:\/\/staging.dst.deutsche-schule.eu\/wp-content\/uploads\/2021\/05\/IMG20210517130009-1-564x423.jpg\" class=\"attachment-medium size-medium wp-image-41662\" alt=\"\" srcset=\"https:\/\/staging.dst.deutsche-schule.eu\/wp-content\/uploads\/2021\/05\/IMG20210517130009-1-564x423.jpg 564w, https:\/\/staging.dst.deutsche-schule.eu\/wp-content\/uploads\/2021\/05\/IMG20210517130009-1-960x720.jpg 960w, https:\/\/staging.dst.deutsche-schule.eu\/wp-content\/uploads\/2021\/05\/IMG20210517130009-1-768x576.jpg 768w, https:\/\/staging.dst.deutsche-schule.eu\/wp-content\/uploads\/2021\/05\/IMG20210517130009-1-1536x1152.jpg 1536w, https:\/\/staging.dst.deutsche-schule.eu\/wp-content\/uploads\/2021\/05\/IMG20210517130009-1-320x240.jpg 320w, https:\/\/staging.dst.deutsche-schule.eu\/wp-content\/uploads\/2021\/05\/IMG20210517130009-1.jpg 1920w\" sizes=\"(max-width: 564px) 100vw, 564px\" \/><\/figure><div class=\"elementor-image-box-content\"><h3 class=\"elementor-image-box-title\">...en el Colegio Alem\u00e1n Santa Cruz de Tenerife<\/h3><p class=\"elementor-image-box-description\">\u00bfLe interesa hacer pr\u00e1cticas en infantil como educador, estudiante en pr\u00e1cticas o a\u00f1o de voluntariado?<\/p><\/div><\/div>\t\t\t\t<\/div>\n\t\t\t\t<\/div>\n\t\t\t\t<div class=\"elementor-element elementor-element-37afaee3 elementor-position-right elementor-vertical-align-top elementor-widget elementor-widget-image-box\" data-id=\"37afaee3\" data-element_type=\"widget\" data-settings=\"{&quot;_ob_widget_stalker_use&quot;:&quot;no&quot;,&quot;_ob_shadough_use&quot;:&quot;no&quot;}\" data-widget_type=\"image-box.default\">\n\t\t\t\t<div class=\"elementor-widget-container\">\n\t\t\t\t\t<div class=\"elementor-image-box-wrapper\"><figure class=\"elementor-image-box-img\"><img decoding=\"async\" width=\"480\" height=\"480\" src=\"https:\/\/staging.dst.deutsche-schule.eu\/wp-content\/uploads\/2021\/05\/collaboration.svg\" class=\"attachment-dst-thumb-featured size-dst-thumb-featured wp-image-40906\" alt=\"\" \/><\/figure><div class=\"elementor-image-box-content\"><h3 class=\"elementor-image-box-title\">Organizaci\u00f3n<\/h3><p class=\"elementor-image-box-description\">Aqu\u00ed encontrar\u00e1 informaci\u00f3n importante para sus pr\u00e1cticas.\n\n<\/p><\/div><\/div>\t\t\t\t<\/div>\n\t\t\t\t<\/div>\n\t\t\t\t<div class=\"elementor-element elementor-element-7e61c01 elementor-widget elementor-widget-text-editor\" data-id=\"7e61c01\" data-element_type=\"widget\" data-settings=\"{&quot;_ob_postman_use&quot;:&quot;no&quot;,&quot;_ob_widget_stalker_use&quot;:&quot;no&quot;,&quot;_ob_shadough_use&quot;:&quot;no&quot;}\" data-widget_type=\"text-editor.default\">\n\t\t\t\t<div class=\"elementor-widget-container\">\n\t\t\t\t\t\t\t\t\t<h4>\u00bfC\u00f3mo solicito una plaza?<\/h4><p>En cualquier momento puede solicitar una plaza de pr\u00e1cticas. Para ello, env\u00ede un correo electr\u00f3nico con la documentaci\u00f3n (curriculum con foto, formaci\u00f3n, certificado de notas, diploma, tipo de pr\u00e1cticas que desea realizar, etc.).\u00a0<a href=\"mailto:dstenerife@dstenerife.eu\">al colegio (dstenerife@dstenerife.eu)\u00a0<\/a>o directamente a la encargada de las pr\u00e1cticas en Secundaria, Bettina Riedesser (<span style=\"color: #808080;\"><span style=\"font-size: 13.5pt;\"><a style=\"color: #808080;\" href=\"mailto:praktikumsekundaria@dstenerife.eu\"><span style=\"color: #ff6600;\">praktikumsekundaria@dstenerife.eu).<\/span><\/a><\/span><\/span><\/p><p>Tienen preferencia los estudiantes de Alem\u00e1n para la docencia.\u00a0<\/p><h4>Duraci\u00f3n de las pr\u00e1cticas<\/h4><p>Acogemos sobre todo a practicantes con una duraci\u00f3n m\u00ednima de tres meses. Se puede realizar las pr\u00e1cticas en el primer semestre, desde mediados de septiembre hasta finales de enero, o en el segundo semestre, desde febrero hasta finales de junio.\u00a0<\/p><p>Persona de contacto:\u00a0<strong>Bettina Riedesser, encargada de las pr\u00e1cticas en Secundaria.<\/strong><\/p><p>CONSEJO: En nuestra web encontrar\u00e1 el calendario escolar con todas las fechas importantes.\u00a0<\/p><h4>\u00bfQu\u00e9 documentaci\u00f3n necesito?<\/h4><ol><li>Gu\u00eda para pr\u00e1cticas de su centro de formaci\u00f3n<\/li><li>Tarjeta sanitaria europea y\/o seguro sanitario y de responsabilidad civil europeo<\/li><li>Certificado de buena conducta<\/li><li>Confirmaci\u00f3n escrita de su plaza de pr\u00e1cticas<br \/><strong>\u00a1Atenci\u00f3n!<\/strong>\u00a0Por escrito asegura al comienzo de las pr\u00e1cticas que el centro no tiene la obligaci\u00f3n de ofrecerle un contrato laboral.\u00a0\u00a0<\/li><\/ol><h4>\u00bfQu\u00e9 beneficios adicionales me ofrece el colegio?<\/h4><ol><li>Transporte escolar gratuito<\/li><li>Almuerzo gratuito en el comedor<\/li><\/ol><p>\u00a0<\/p>\t\t\t\t\t\t\t\t<\/div>\n\t\t\t\t<\/div>\n\t\t\t\t<div class=\"elementor-element elementor-element-4dd95531 elementor-position-right elementor-vertical-align-top elementor-widget elementor-widget-image-box\" data-id=\"4dd95531\" data-element_type=\"widget\" data-settings=\"{&quot;_ob_widget_stalker_use&quot;:&quot;no&quot;,&quot;_ob_shadough_use&quot;:&quot;no&quot;}\" data-widget_type=\"image-box.default\">\n\t\t\t\t<div class=\"elementor-widget-container\">\n\t\t\t\t\t<div class=\"elementor-image-box-wrapper\"><figure class=\"elementor-image-box-img\"><img decoding=\"async\" width=\"113\" height=\"122\" src=\"https:\/\/staging.dst.deutsche-schule.eu\/wp-content\/uploads\/2021\/05\/bulb-checkmark.svg\" class=\"attachment-full size-full wp-image-39154\" alt=\"\" \/><\/figure><div class=\"elementor-image-box-content\"><h3 class=\"elementor-image-box-title\">Deberes y obligaciones<\/h3><p class=\"elementor-image-box-description\">Aqu\u00ed encontrar\u00e1 los deberes y los derechos durante el periodo de pr\u00e1cticas.<\/p><\/div><\/div>\t\t\t\t<\/div>\n\t\t\t\t<\/div>\n\t\t\t\t<div class=\"elementor-element elementor-element-340bc9c9 elementor-widget elementor-widget-text-editor\" data-id=\"340bc9c9\" data-element_type=\"widget\" data-settings=\"{&quot;_ob_postman_use&quot;:&quot;no&quot;,&quot;_ob_widget_stalker_use&quot;:&quot;no&quot;,&quot;_ob_shadough_use&quot;:&quot;no&quot;}\" data-widget_type=\"text-editor.default\">\n\t\t\t\t<div class=\"elementor-widget-container\">\n\t\t\t\t\t\t\t\t\t<h4>\u00bfCu\u00e1les son las obligaciones?<\/h4><ul><li>Tiempo presencial en el centro de las 7:50 hasta las 13:10 horas (cuatro horas de clase, una de preparaci\u00f3n y una de recreo)<\/li><li>Ayuda en las actividades por la tarde (de manera voluntaria o si las condiciones de las pr\u00e1cticas lo determinan)<\/li><li>Visita y observaci\u00f3n de las clases, impartici\u00f3n de clases guiadas, grupos peque\u00f1os de trabajo, apoyo espec\u00edfico, etc. (seg\u00fan el tipo de pr\u00e1cticas)<\/li><li>Apoyo en las clases y del profesorado en las actividades escolares como, por ejemplo, excursiones, visitas, proyectos, fiestas, etc.<\/li><li>Vigilancias y sustituciones<\/li><\/ul><h4>Asignaci\u00f3n de grupo y horario<\/h4><p>Generalmente se asigna el grupo para las pr\u00e1cticas en junio para el primer semestre y en diciembre para el segundo semestre.\u00a0<\/p><p>Por asignatura tendr\u00e1 un tutor de pr\u00e1cticas, que conocer\u00e1 en la primera semana de clase y con quien elaborar\u00e1 el horario. \u00a0<\/p><p>Comun\u00edquenos, por favor, si tiene intereses especiales que en su caso podamos tener en cuenta para sus pr\u00e1cticas.\u00a0<\/p>\t\t\t\t\t\t\t\t<\/div>\n\t\t\t\t<\/div>\n\t\t\t\t<div class=\"elementor-element elementor-element-340c1333 elementor-widget elementor-widget-jet-listing-grid\" data-id=\"340c1333\" data-element_type=\"widget\" data-settings=\"{&quot;columns&quot;:&quot;1&quot;,&quot;columns_tablet&quot;:&quot;1&quot;,&quot;columns_mobile&quot;:&quot;1&quot;,&quot;_ob_widget_stalker_use&quot;:&quot;no&quot;,&quot;_ob_shadough_use&quot;:&quot;no&quot;}\" data-widget_type=\"jet-listing-grid.default\">\n\t\t\t\t<div class=\"elementor-widget-container\">\n\t\t\t\t\t<div class=\"jet-listing-grid jet-listing\"><div class=\"jet-listing-not-found jet-listing-grid__items\" data-nav=\"{&quot;enabled&quot;:false,&quot;type&quot;:null,&quot;more_el&quot;:null,&quot;query&quot;:[],&quot;widget_settings&quot;:{&quot;lisitng_id&quot;:35370,&quot;posts_num&quot;:6,&quot;columns&quot;:1,&quot;columns_tablet&quot;:1,&quot;columns_mobile&quot;:1,&quot;is_archive_template&quot;:&quot;&quot;,&quot;post_status&quot;:[&quot;publish&quot;],&quot;use_random_posts_num&quot;:&quot;&quot;,&quot;max_posts_num&quot;:9,&quot;not_found_message&quot;:&quot;No data was found&quot;,&quot;is_masonry&quot;:false,&quot;equal_columns_height&quot;:&quot;&quot;,&quot;use_load_more&quot;:&quot;&quot;,&quot;load_more_id&quot;:&quot;&quot;,&quot;load_more_type&quot;:&quot;click&quot;,&quot;load_more_offset&quot;:{&quot;unit&quot;:&quot;px&quot;,&quot;size&quot;:0,&quot;sizes&quot;:[]},&quot;use_custom_post_types&quot;:&quot;&quot;,&quot;custom_post_types&quot;:[],&quot;hide_widget_if&quot;:&quot;&quot;,&quot;carousel_enabled&quot;:&quot;&quot;,&quot;slides_to_scroll&quot;:&quot;1&quot;,&quot;arrows&quot;:&quot;true&quot;,&quot;arrow_icon&quot;:&quot;fa fa-angle-left&quot;,&quot;dots&quot;:&quot;&quot;,&quot;autoplay&quot;:&quot;true&quot;,&quot;autoplay_speed&quot;:5000,&quot;infinite&quot;:&quot;true&quot;,&quot;center_mode&quot;:&quot;&quot;,&quot;effect&quot;:&quot;slide&quot;,&quot;speed&quot;:500,&quot;inject_alternative_items&quot;:&quot;&quot;,&quot;injection_items&quot;:[],&quot;scroll_slider_enabled&quot;:&quot;&quot;,&quot;scroll_slider_on&quot;:[&quot;desktop&quot;,&quot;tablet&quot;,&quot;mobile&quot;],&quot;custom_query&quot;:false,&quot;custom_query_id&quot;:&quot;&quot;,&quot;_element_id&quot;:&quot;&quot;}}\" ><\/div><\/div>\t\t\t\t<\/div>\n\t\t\t\t<\/div>\n\t\t\t\t<div class=\"elementor-element elementor-element-5565a223 elementor-position-right elementor-vertical-align-top elementor-widget elementor-widget-image-box\" data-id=\"5565a223\" data-element_type=\"widget\" data-settings=\"{&quot;_ob_widget_stalker_use&quot;:&quot;no&quot;,&quot;_ob_shadough_use&quot;:&quot;no&quot;}\" data-widget_type=\"image-box.default\">\n\t\t\t\t<div class=\"elementor-widget-container\">\n\t\t\t\t\t<div class=\"elementor-image-box-wrapper\"><figure class=\"elementor-image-box-img\"><img loading=\"lazy\" decoding=\"async\" width=\"64\" height=\"64\" src=\"https:\/\/staging.dst.deutsche-schule.eu\/wp-content\/uploads\/2021\/05\/Flyer.svg\" class=\"attachment-medium size-medium wp-image-39962\" alt=\"\" \/><\/figure><div class=\"elementor-image-box-content\"><h3 class=\"elementor-image-box-title\">Formularios<\/h3><p class=\"elementor-image-box-description\">\n<\/p><\/div><\/div>\t\t\t\t<\/div>\n\t\t\t\t<\/div>\n\t\t\t\t<div class=\"elementor-element elementor-element-50e1e2c3 elementor-widget elementor-widget-pdfjs_viewer\" data-id=\"50e1e2c3\" data-element_type=\"widget\" data-settings=\"{&quot;_ob_widget_stalker_use&quot;:&quot;no&quot;,&quot;_ob_shadough_use&quot;:&quot;no&quot;}\" data-widget_type=\"pdfjs_viewer.default\">\n\t\t\t\t<div class=\"elementor-widget-container\">\n\t\t\t\t\t<iframe src=\"https:\/\/staging.dst.deutsche-schule.eu\/wp-content\/plugins\/pdf-viewer-for-elementor\/assets\/pdfjs\/web\/viewer.html?file=https:\/\/staging.dst.deutsche-schule.eu\/wp-content\/uploads\/2021\/05\/Wegweiser-2021-22_25052021.pdf&amp;embedded=true\" style=\"display: block; margin-left: auto; margin-right: auto; width: 640px; height: 455px;\" frameborder=\"1\" marginheight=\"0px\" marginwidth=\"0px\" allowfullscreen><\/iframe>\t\t\t\t<\/div>\n\t\t\t\t<\/div>\n\t\t\t\t<div class=\"elementor-element elementor-element-3453c341 elementor-widget elementor-widget-pdfjs_viewer\" data-id=\"3453c341\" data-element_type=\"widget\" data-settings=\"{&quot;_ob_widget_stalker_use&quot;:&quot;no&quot;,&quot;_ob_shadough_use&quot;:&quot;no&quot;}\" data-widget_type=\"pdfjs_viewer.default\">\n\t\t\t\t<div class=\"elementor-widget-container\">\n\t\t\t\t\t<iframe src=\"https:\/\/staging.dst.deutsche-schule.eu\/wp-content\/plugins\/pdf-viewer-for-elementor\/assets\/pdfjs\/web\/viewer.html?file=https:\/\/staging.dst.deutsche-schule.eu\/wp-content\/uploads\/2021\/05\/Vorlage-kein-Arbeitsverhaltnis-PK_25052021.pdf&amp;embedded=true\" style=\"display: block; margin-left: auto; margin-right: auto; width: 640px; height: 455px;\" frameborder=\"1\" marginheight=\"0px\" marginwidth=\"0px\" allowfullscreen><\/iframe>\t\t\t\t<\/div>\n\t\t\t\t<\/div>\n\t\t\t\t<div class=\"elementor-element elementor-element-20840cf2 elementor-widget elementor-widget-pdfjs_viewer\" data-id=\"20840cf2\" data-element_type=\"widget\" data-settings=\"{&quot;_ob_widget_stalker_use&quot;:&quot;no&quot;,&quot;_ob_shadough_use&quot;:&quot;no&quot;}\" data-widget_type=\"pdfjs_viewer.default\">\n\t\t\t\t<div class=\"elementor-widget-container\">\n\t\t\t\t\t<iframe src=\"https:\/\/staging.dst.deutsche-schule.eu\/wp-content\/plugins\/pdf-viewer-for-elementor\/assets\/pdfjs\/web\/viewer.html?file=https:\/\/staging.dst.deutsche-schule.eu\/wp-content\/uploads\/2021\/05\/Praktikumszusageauflagen_25052021.pdf&amp;embedded=true\" style=\"display: block; margin-left: auto; margin-right: auto; width: 640px; height: 455px;\" frameborder=\"1\" marginheight=\"0px\" marginwidth=\"0px\" allowfullscreen><\/iframe>\t\t\t\t<\/div>\n\t\t\t\t<\/div>\n\t\t\t\t\t<\/div>\n\t\t<\/div>\n\t\t\t\t\t<\/div>\n\t\t<\/section>\n\t\t\t\t<\/div>\n\t\t","protected":false},"excerpt":{"rendered":"<p>\u00cdndice &#8230;en el Colegio Alem\u00e1n Santa Cruz de Tenerife \u00bfLe interesa hacer pr\u00e1cticas en infantil como [&hellip;]<\/p>\n","protected":false},"author":10,"featured_media":0,"parent":1993,"menu_order":6,"comment_status":"closed","ping_status":"closed","template":"","meta":{"site-sidebar-layout":"default","site-content-layout":"default","ast-site-content-layout":"default","site-content-style":"default","site-sidebar-style":"default","ast-global-header-display":"","ast-banner-title-visibility":"","ast-main-header-display":"","ast-hfb-above-header-display":"","ast-hfb-below-header-display":"","ast-hfb-mobile-header-display":"","site-post-title":"","ast-breadcrumbs-content":"","ast-featured-img":"disabled","footer-sml-layout":"","ast-disable-related-posts":"","theme-transparent-header-meta":"default","adv-header-id-meta":"","stick-header-meta":"default","header-above-stick-meta":"","header-main-stick-meta":"","header-below-stick-meta":"","astra-migrate-meta-layouts":"default","ast-page-background-enabled":"default","ast-page-background-meta":{"desktop":{"background-color":"","background-image":"","background-repeat":"repeat","background-position":"center center","background-size":"auto","background-attachment":"scroll","background-type":"","background-media":"","overlay-type":"","overlay-color":"","overlay-opacity":"","overlay-gradient":""},"tablet":{"background-color":"","background-image":"","background-repeat":"repeat","background-position":"center center","background-size":"auto","background-attachment":"scroll","background-type":"","background-media":"","overlay-type":"","overlay-color":"","overlay-opacity":"","overlay-gradient":""},"mobile":{"background-color":"","background-image":"","background-repeat":"repeat","background-position":"center center","background-size":"auto","background-attachment":"scroll","background-type":"","background-media":"","overlay-type":"","overlay-color":"","overlay-opacity":"","overlay-gradient":""}},"ast-content-background-meta":{"desktop":{"background-color":"var(--ast-global-color-5)","background-image":"","background-repeat":"repeat","background-position":"center center","background-size":"auto","background-attachment":"scroll","background-type":"","background-media":"","overlay-type":"","overlay-color":"","overlay-opacity":"","overlay-gradient":""},"tablet":{"background-color":"var(--ast-global-color-5)","background-image":"","background-repeat":"repeat","background-position":"center center","background-size":"auto","background-attachment":"scroll","background-type":"","background-media":"","overlay-type":"","overlay-color":"","overlay-opacity":"","overlay-gradient":""},"mobile":{"background-color":"var(--ast-global-color-5)","background-image":"","background-repeat":"repeat","background-position":"center center","background-size":"auto","background-attachment":"scroll","background-type":"","background-media":"","overlay-type":"","overlay-color":"","overlay-opacity":"","overlay-gradient":""}},"_jet_sm_ready_style":"","_jet_sm_style":"","_jet_sm_controls_values":"","_jet_sm_fonts_collection":"","_jet_sm_fonts_links":"","footnotes":""},"schlagwortedst":[151],"class_list":["post-42274","page","type-page","status-publish","hentry","schlagwortedst-sidesek"],"_links":{"self":[{"href":"https:\/\/staging.dst.deutsche-schule.eu\/es\/wp-json\/wp\/v2\/pages\/42274","targetHints":{"allow":["GET"]}}],"collection":[{"href":"https:\/\/staging.dst.deutsche-schule.eu\/es\/wp-json\/wp\/v2\/pages"}],"about":[{"href":"https:\/\/staging.dst.deutsche-schule.eu\/es\/wp-json\/wp\/v2\/types\/page"}],"author":[{"embeddable":true,"href":"https:\/\/staging.dst.deutsche-schule.eu\/es\/wp-json\/wp\/v2\/users\/10"}],"replies":[{"embeddable":true,"href":"https:\/\/staging.dst.deutsche-schule.eu\/es\/wp-json\/wp\/v2\/comments?post=42274"}],"version-history":[{"count":29,"href":"https:\/\/staging.dst.deutsche-schule.eu\/es\/wp-json\/wp\/v2\/pages\/42274\/revisions"}],"predecessor-version":[{"id":43951,"href":"https:\/\/staging.dst.deutsche-schule.eu\/es\/wp-json\/wp\/v2\/pages\/42274\/revisions\/43951"}],"up":[{"embeddable":true,"href":"https:\/\/staging.dst.deutsche-schule.eu\/es\/wp-json\/wp\/v2\/pages\/1993"}],"wp:attachment":[{"href":"https:\/\/staging.dst.deutsche-schule.eu\/es\/wp-json\/wp\/v2\/media?parent=42274"}],"wp:term":[{"taxonomy":"schlagwortedst","embeddable":true,"href":"https:\/\/staging.dst.deutsche-schule.eu\/es\/wp-json\/wp\/v2\/schlagwortedst?post=42274"}],"curies":[{"name":"wp","href":"https:\/\/api.w.org\/{rel}","templated":true}]}}