{"id":30261,"date":"2020-06-26T10:54:30","date_gmt":"2020-06-26T10:54:30","guid":{"rendered":"https:\/\/stage.dst.deutsche-schule.eu\/?page_id=30261"},"modified":"2020-10-11T14:24:33","modified_gmt":"2020-10-11T14:24:33","slug":"politica-de-cookies","status":"publish","type":"page","link":"https:\/\/staging.dst.deutsche-schule.eu\/es\/politica-de-cookies\/","title":{"rendered":"Pol\u00edtica de cookies"},"content":{"rendered":"<p style=\"text-align: justify;\"><strong>1. \u00bfQu\u00e9 son las Cookies?<\/strong><\/p>\n<p style=\"text-align: justify;\">\nUna cookie es un archivo de texto que un servidor web puede guardar en el disco duro\u00a0de tu equipo para almacenar alg\u00fan tipo de informaci\u00f3n sobre ti como usuario. Las\u00a0cookies se utilizan con diversas finalidades tales como almacenar datos para pr\u00f3ximas\u00a0visitas, para reconocer al usuario y evitar pedir de nuevo la autentificaci\u00f3n, para saber\u00a0que paginas visitas, o para guardar tus preferencias en \u00e1reas personalizables&#8230;).<br \/>\nNormalmente los sitios web utilizan las cookies para obtener informaci\u00f3n estad\u00edstica\u00a0sobre sus p\u00e1ginas web, y analizar el comportamiento de sus clientes\/usuarios.<\/p>\n<p style=\"text-align: justify;\"><strong>2. Tipos de cookies<\/strong><\/p>\n<p style=\"text-align: justify;\">\nLas cookies pueden clasificarse seg\u00fan los siguientes criterios:<br \/>\nSeg\u00fan quien instala la cookie \u00e9stas pueden ser:<\/p>\n<p style=\"text-align: justify;\">\n<strong>Cookies propias<\/strong>: Son aqu\u00e9llas que se env\u00edan al equipo terminal del usuario desde un\u00a0equipo o dominio gestionado por el propio editor y desde el que se presta el servicio\u00a0solicitado por el usuario.<br \/>\n<strong>Cookies de terceros:<\/strong> Son aqu\u00e9llas que se env\u00edan al equipo terminal del usuario bien\u00a0desde un desde un equipo o dominio gestionado por nosotros o por un tercero, pero la\u00a0informaci\u00f3n que se recoja las cookies es gestionada por un tercero distinto del titular de\u00a0la web.<\/p>\n<p style=\"text-align: justify;\"><em>Seg\u00fan su plazo de conservaci\u00f3n las cookies pueden ser:<\/em><\/p>\n<p style=\"text-align: justify;\">\n<strong>Cookies de sesi\u00f3n:<\/strong> Son aquellas que duran el tiempo que el usuario est\u00e1 navegando\u00a0por la p\u00e1gina Web y se borran cuando finaliza la navegaci\u00f3n.<br \/>\n<strong>Cookies persistentes:<\/strong> Quedan almacenadas en el terminal del usuario, por un\u00a0tiempo m\u00e1s largo, facilitando as\u00ed el control de las preferencias elegidas sin tener que\u00a0repetir ciertos par\u00e1metros cada vez que se visite el sitio Web.<\/p>\n<p style=\"text-align: justify;\">\n<em>Seg\u00fan su finalidad las cookies pueden ser:<\/em><\/p>\n<p style=\"text-align: justify;\">\n<strong>Cookies t\u00e9cnicas:<\/strong> Las cookies t\u00e9cnicas son aquellas imprescindibles y estrictamente\u00a0necesarias para el correcto funcionamiento de un sitio Web y el uso de las diversas\u00a0opciones y servicios que ofrece. Por ejemplo, las de mantenimiento de sesi\u00f3n, las que\u00a0permiten utilizar elementos de seguridad, compartir contenido con redes sociales, etc.<br \/>\n<strong>Cookies de personalizaci\u00f3n:<\/strong> Permiten al usuario escoger o personalizar\u00a0caracter\u00edsticas de la p\u00e1gina Web como el idioma, configuraci\u00f3n regional o tipo de\u00a0navegador.<\/p>\n<p style=\"text-align: justify;\"><strong>Cookies anal\u00edticas:<\/strong> Son las utilizadas por los portales Web, para elaborar perfiles de\u00a0navegaci\u00f3n y poder conocer las preferencias de los usuarios con el fin de mejorar la\u00a0oferta de productos y servicios. Permiten controlar \u00e1reas geogr\u00e1ficas de mayor inter\u00e9s\u00a0de un usuario, la informaci\u00f3n de la web de m\u00e1s aceptaci\u00f3n, etc.<br \/>\n<strong>Cookies publicitarias \/ de publicidad:<\/strong> Permiten la gesti\u00f3n de los espacios\u00a0publicitarios en base a criterios concretos. Por ejemplo, la frecuencia de acceso, el\u00a0contenido editado, etc. Las cookies de publicidad permiten a trav\u00e9s de la gesti\u00f3n de la\u00a0publicidad almacenar informaci\u00f3n del comportamiento a trav\u00e9s de la observaci\u00f3n de\u00a0h\u00e1bitos, estudiando los accesos y formando un perfil de preferencias del usuario, para\u00a0ofrecerle publicidad relacionada con los intereses de su perfil.<\/p>\n<p style=\"text-align: justify;\">\n<strong>3. Cookies utilizadas en nuestra web<\/strong><br \/>\nwww.dstenerife.eu utiliza los siguientes tipos de cookies en la web:<br \/>\nCookies t\u00e9cnicas<br \/>\nPermiten al usuario navegar por la Web y usar funcionalidades como ver la pol\u00edtica de\u00a0cookies.<br \/>\nCookies instaladas en nuestro dominio web:<\/p>\n<p>&nbsp;<\/p>\n<table>\n<tbody>\n<tr>\n<td><span style=\"font-weight: 400;\">Nombre de la cookie<\/span><\/td>\n<td><span style=\"font-weight: 400;\">Finalidad<\/span><\/td>\n<td><span style=\"font-weight: 400;\">Propia\/ de terceros<\/span><\/td>\n<td><span style=\"font-weight: 400;\">Duraci\u00f3n<\/span><\/td>\n<td><span style=\"font-weight: 400;\">\u00bfCuando se instala?<\/span><\/td>\n<\/tr>\n<tr>\n<td><span style=\"font-weight: 400;\">viewed_cookie_policy<\/span><\/td>\n<td><span style=\"font-weight: 400;\">T\u00e9cnica<\/span><\/td>\n<td><span style=\"font-weight: 400;\">Propia<\/span><\/td>\n<td><span style=\"font-weight: 400;\">1 a\u00f1o<\/span><\/td>\n<td><span style=\"font-weight: 400;\">Cuando se acepta la pol\u00edtica de cookies<\/span><\/td>\n<\/tr>\n<tr>\n<td><span style=\"font-weight: 400;\">cookielawinfo-checkbox-necessary<\/span><\/td>\n<td><span style=\"font-weight: 400;\">T\u00e9cnica<\/span><\/td>\n<td><span style=\"font-weight: 400;\">Propia<\/span><\/td>\n<td><span style=\"font-weight: 400;\">1 hora<\/span><\/td>\n<td><span style=\"font-weight: 400;\">Al acceder al sitio web<\/span><\/td>\n<\/tr>\n<\/tbody>\n<\/table>\n<p>&nbsp;<\/p>\n<p style=\"text-align: justify;\"><strong>4. Informaci\u00f3n y obtenci\u00f3n del consentimiento para la instalaci\u00f3n<\/strong><\/p>\n<p style=\"text-align: justify;\">\nwww.dstenerife.eu procurar\u00e1 en todo momento establecer mecanismos adecuados\u00a0para obtener el consentimiento del Usuario para la instalaci\u00f3n de cookies que lo\u00a0requieran. Cuando un usuario accede a nuestra web aparece un pop-up en el que se\u00a0informa de la existencia de cookies y de que si contin\u00faa navegando por nuestra p\u00e1gina\u00a0presta su consentimiento para la instalaci\u00f3n de cookies.<\/p>\n<p style=\"text-align: justify;\">\n<strong>5. \u00bfC\u00f3mo puedo impedir la instalaci\u00f3n de cookies?<\/strong><\/p>\n<p style=\"text-align: justify;\">\nEl usuario puede configurar su navegador para aceptar, o no, las cookies que recibe o<br \/>\npara que el navegador le avise cuando un servidor quiera guardar una cookie. Si se<br \/>\ndeshabilitan algunas cookies t\u00e9cnicas no se garantiza el correcto funcionamiento de<br \/>\nalgunas de las utilidades de la web.<br \/>\nEl usuario podr\u00e1 excluir que se almacenen en su terminal las cookies &amp;quot;anal\u00edticas y<br \/>\npublicitarias\u201d de Google Analytics mediante los sistemas de exclusi\u00f3n facilitados<br \/>\npor\u00a0Google Analytics.<\/p>\n<p>A continuaci\u00f3n, tambi\u00e9n le facilitamos algunos ejemplos de c\u00f3mo deshabilitar las<br \/>\ncookies:<br \/>\na) Mediante la configuraci\u00f3n del propio navegador:<\/p>\n<ul>\n<li>Internet Explorer: http:\/\/windows.microsoft.com\/es-es\/windows-vista\/block-or-<br \/>\nallow-cookies<\/li>\n<li>Firefox: https:\/\/support.mozilla.org\/es\/kb\/habilitar-y-deshabilitar-cookies-que-los-<br \/>\nsitios-web<\/li>\n<li>Safari: \u00a0http:\/\/support.apple.com\/kb\/HT1677?viewlocale=es_ES.<\/li>\n<li>Chrome: https:\/\/support.google.com\/accounts\/answer\/61416?hl=es.<\/li>\n<li>Opera: http:\/\/help.opera.com\/Windows\/11.50\/es-ES\/cookies.html<\/li>\n<\/ul>\n<p>Para ampliar esta informaci\u00f3n acuda a la p\u00e1gina de la Agencia Espa\u00f1ola de Protecci\u00f3n\u00a0de Datos que ayuda a configurar la privacidad en redes sociales, navegadores y\u00a0sistemas operativos m\u00f3viles. M\u00e1s informaci\u00f3n.<\/p>\n<p style=\"text-align: justify;\">b) Mediante herramientas de terceros:<br \/>\nExisten herramientas de terceros, disponibles on line, que permiten a los usuarios<br \/>\ndetectar las cookies en cada sitio web que visita y gestionar su desactivaci\u00f3n, por<br \/>\nejemplo:<br \/>\nhttp:\/\/www.ghostery. com<br \/>\nhttp:\/\/www.youronlinechoices.com\/es\/<\/p>\n<p style=\"text-align: justify;\"><strong>6. \u00a0Enlaces a otros sitios web<\/strong><\/p>\n<p style=\"text-align: justify;\">\nSi opta por abandonar nuestro sitio Web a trav\u00e9s de enlaces a otros sitios Web no\u00a0pertenecientes a nuestra entidad, no nos haremos responsables de las pol\u00edticas de\u00a0privacidad de dichos sitios Web ni de las cookies que estos puedan almacenar en el\u00a0ordenador del usuario.<\/p>\n<p style=\"text-align: justify;\">\n<strong>7. Actualizaci\u00f3n de nuestra pol\u00edtica de cookies<\/strong><\/p>\n<p style=\"text-align: justify;\">\nEsta pol\u00edtica se revisa peri\u00f3dicamente para asegurar su vigencia, por lo que puede ser\u00a0modificada. Le recomendamos que visite la p\u00e1gina con regularidad donde le\u00a0informaremos de cualquier actualizaci\u00f3n al respecto.<\/p>\n<p style=\"text-align: justify;\"><strong>Fecha: 10\/06\/20<\/strong><br \/>\n<strong>Versi\u00f3n: V.1.0<\/strong><\/p>\n","protected":false},"excerpt":{"rendered":"<p>1. \u00bfQu\u00e9 son las Cookies? Una cookie es un archivo de texto que un servidor web [&hellip;]<\/p>\n","protected":false},"author":13,"featured_media":0,"parent":0,"menu_order":14,"comment_status":"closed","ping_status":"closed","template":"","meta":{"site-sidebar-layout":"default","site-content-layout":"","ast-site-content-layout":"default","site-content-style":"default","site-sidebar-style":"default","ast-global-header-display":"","ast-banner-title-visibility":"","ast-main-header-display":"","ast-hfb-above-header-display":"","ast-hfb-below-header-display":"","ast-hfb-mobile-header-display":"","site-post-title":"","ast-breadcrumbs-content":"","ast-featured-img":"","footer-sml-layout":"","ast-disable-related-posts":"","theme-transparent-header-meta":"","adv-header-id-meta":"","stick-header-meta":"","header-above-stick-meta":"","header-main-stick-meta":"","header-below-stick-meta":"","astra-migrate-meta-layouts":"default","ast-page-background-enabled":"default","ast-page-background-meta":{"desktop":{"background-color":"","background-image":"","background-repeat":"repeat","background-position":"center center","background-size":"auto","background-attachment":"scroll","background-type":"","background-media":"","overlay-type":"","overlay-color":"","overlay-opacity":"","overlay-gradient":""},"tablet":{"background-color":"","background-image":"","background-repeat":"repeat","background-position":"center center","background-size":"auto","background-attachment":"scroll","background-type":"","background-media":"","overlay-type":"","overlay-color":"","overlay-opacity":"","overlay-gradient":""},"mobile":{"background-color":"","background-image":"","background-repeat":"repeat","background-position":"center center","background-size":"auto","background-attachment":"scroll","background-type":"","background-media":"","overlay-type":"","overlay-color":"","overlay-opacity":"","overlay-gradient":""}},"ast-content-background-meta":{"desktop":{"background-color":"var(--ast-global-color-5)","background-image":"","background-repeat":"repeat","background-position":"center center","background-size":"auto","background-attachment":"scroll","background-type":"","background-media":"","overlay-type":"","overlay-color":"","overlay-opacity":"","overlay-gradient":""},"tablet":{"background-color":"var(--ast-global-color-5)","background-image":"","background-repeat":"repeat","background-position":"center center","background-size":"auto","background-attachment":"scroll","background-type":"","background-media":"","overlay-type":"","overlay-color":"","overlay-opacity":"","overlay-gradient":""},"mobile":{"background-color":"var(--ast-global-color-5)","background-image":"","background-repeat":"repeat","background-position":"center center","background-size":"auto","background-attachment":"scroll","background-type":"","background-media":"","overlay-type":"","overlay-color":"","overlay-opacity":"","overlay-gradient":""}},"_jet_sm_ready_style":"","_jet_sm_style":"","_jet_sm_controls_values":"","_jet_sm_fonts_collection":"","_jet_sm_fonts_links":"","footnotes":""},"schlagwortedst":[],"class_list":["post-30261","page","type-page","status-publish","hentry"],"_links":{"self":[{"href":"https:\/\/staging.dst.deutsche-schule.eu\/es\/wp-json\/wp\/v2\/pages\/30261","targetHints":{"allow":["GET"]}}],"collection":[{"href":"https:\/\/staging.dst.deutsche-schule.eu\/es\/wp-json\/wp\/v2\/pages"}],"about":[{"href":"https:\/\/staging.dst.deutsche-schule.eu\/es\/wp-json\/wp\/v2\/types\/page"}],"author":[{"embeddable":true,"href":"https:\/\/staging.dst.deutsche-schule.eu\/es\/wp-json\/wp\/v2\/users\/13"}],"replies":[{"embeddable":true,"href":"https:\/\/staging.dst.deutsche-schule.eu\/es\/wp-json\/wp\/v2\/comments?post=30261"}],"version-history":[{"count":0,"href":"https:\/\/staging.dst.deutsche-schule.eu\/es\/wp-json\/wp\/v2\/pages\/30261\/revisions"}],"wp:attachment":[{"href":"https:\/\/staging.dst.deutsche-schule.eu\/es\/wp-json\/wp\/v2\/media?parent=30261"}],"wp:term":[{"taxonomy":"schlagwortedst","embeddable":true,"href":"https:\/\/staging.dst.deutsche-schule.eu\/es\/wp-json\/wp\/v2\/schlagwortedst?post=30261"}],"curies":[{"name":"wp","href":"https:\/\/api.w.org\/{rel}","templated":true}]}}