{"id":2659,"date":"2015-10-13T00:35:13","date_gmt":"2015-10-13T00:35:13","guid":{"rendered":"https:\/\/stage.dst.deutsche-schule.eu\/?page_id=2659"},"modified":"2021-07-16T14:57:48","modified_gmt":"2021-07-16T14:57:48","slug":"psicologa","status":"publish","type":"page","link":"https:\/\/staging.dst.deutsche-schule.eu\/es\/servicios\/instituciones\/psicologa\/","title":{"rendered":"Psic\u00f3loga"},"content":{"rendered":"<p align=\"JUSTIFY\">Nuestra psic\u00f3loga escolar, Mercedes Pintado, ofrece asesoramiento psicol\u00f3gico y psicopedag\u00f3gico, as\u00ed como apoyo individualizado a los distintos agentes de la comunidad educativa (alumnos, profesores y padres) desde Educaci\u00f3n Infantil (Kindergarten) hasta Bachillerato.<\/p>\n<p align=\"JUSTIFY\">A su vez, lleva a cabo programas preventivos a nivel grupal con el objetivo de fomentar la tolerancia, el manejo adecuado de emociones y conflictos, la integraci\u00f3n, la apreciaci\u00f3n de la diversidad dentro de la comunidad escolar, la convivencia y el acoso escolar.<\/p>\n<p align=\"JUSTIFY\">Las horas de consulta para padres son los jueves de 08:00 a 9:30 y las citas se solicitan a trav\u00e9s de recepci\u00f3n.<\/p>\n<p align=\"JUSTIFY\">Para comunicaciones o preguntas breves, est\u00e1 disponible a trav\u00e9s del correo electr\u00f3nico: <a href=\"mailto:m.pintado@dstenerife.eu\">m.pintado@dstenerife.eu<\/a><\/p>\n<p align=\"JUSTIFY\">\n","protected":false},"excerpt":{"rendered":"<p>Nuestra psic\u00f3loga escolar, Mercedes Pintado, ofrece asesoramiento psicol\u00f3gico y psicopedag\u00f3gico, as\u00ed como apoyo individualizado a los [&hellip;]<\/p>\n","protected":false},"author":10,"featured_media":0,"parent":1944,"menu_order":2,"comment_status":"closed","ping_status":"closed","template":"","meta":{"site-sidebar-layout":"default","site-content-layout":"default","ast-site-content-layout":"default","site-content-style":"default","site-sidebar-style":"default","ast-global-header-display":"","ast-banner-title-visibility":"","ast-main-header-display":"","ast-hfb-above-header-display":"","ast-hfb-below-header-display":"","ast-hfb-mobile-header-display":"","site-post-title":"","ast-breadcrumbs-content":"","ast-featured-img":"","footer-sml-layout":"","ast-disable-related-posts":"","theme-transparent-header-meta":"default","adv-header-id-meta":"","stick-header-meta":"default","header-above-stick-meta":"","header-main-stick-meta":"","header-below-stick-meta":"","astra-migrate-meta-layouts":"default","ast-page-background-enabled":"default","ast-page-background-meta":{"desktop":{"background-color":"","background-image":"","background-repeat":"repeat","background-position":"center center","background-size":"auto","background-attachment":"scroll","background-type":"","background-media":"","overlay-type":"","overlay-color":"","overlay-opacity":"","overlay-gradient":""},"tablet":{"background-color":"","background-image":"","background-repeat":"repeat","background-position":"center center","background-size":"auto","background-attachment":"scroll","background-type":"","background-media":"","overlay-type":"","overlay-color":"","overlay-opacity":"","overlay-gradient":""},"mobile":{"background-color":"","background-image":"","background-repeat":"repeat","background-position":"center center","background-size":"auto","background-attachment":"scroll","background-type":"","background-media":"","overlay-type":"","overlay-color":"","overlay-opacity":"","overlay-gradient":""}},"ast-content-background-meta":{"desktop":{"background-color":"var(--ast-global-color-5)","background-image":"","background-repeat":"repeat","background-position":"center center","background-size":"auto","background-attachment":"scroll","background-type":"","background-media":"","overlay-type":"","overlay-color":"","overlay-opacity":"","overlay-gradient":""},"tablet":{"background-color":"var(--ast-global-color-5)","background-image":"","background-repeat":"repeat","background-position":"center center","background-size":"auto","background-attachment":"scroll","background-type":"","background-media":"","overlay-type":"","overlay-color":"","overlay-opacity":"","overlay-gradient":""},"mobile":{"background-color":"var(--ast-global-color-5)","background-image":"","background-repeat":"repeat","background-position":"center center","background-size":"auto","background-attachment":"scroll","background-type":"","background-media":"","overlay-type":"","overlay-color":"","overlay-opacity":"","overlay-gradient":""}},"_jet_sm_ready_style":"","_jet_sm_style":"","_jet_sm_controls_values":"","_jet_sm_fonts_collection":"","_jet_sm_fonts_links":"","footnotes":""},"schlagwortedst":[152],"class_list":["post-2659","page","type-page","status-publish","hentry","schlagwortedst-sideservice"],"_links":{"self":[{"href":"https:\/\/staging.dst.deutsche-schule.eu\/es\/wp-json\/wp\/v2\/pages\/2659","targetHints":{"allow":["GET"]}}],"collection":[{"href":"https:\/\/staging.dst.deutsche-schule.eu\/es\/wp-json\/wp\/v2\/pages"}],"about":[{"href":"https:\/\/staging.dst.deutsche-schule.eu\/es\/wp-json\/wp\/v2\/types\/page"}],"author":[{"embeddable":true,"href":"https:\/\/staging.dst.deutsche-schule.eu\/es\/wp-json\/wp\/v2\/users\/10"}],"replies":[{"embeddable":true,"href":"https:\/\/staging.dst.deutsche-schule.eu\/es\/wp-json\/wp\/v2\/comments?post=2659"}],"version-history":[{"count":1,"href":"https:\/\/staging.dst.deutsche-schule.eu\/es\/wp-json\/wp\/v2\/pages\/2659\/revisions"}],"predecessor-version":[{"id":40171,"href":"https:\/\/staging.dst.deutsche-schule.eu\/es\/wp-json\/wp\/v2\/pages\/2659\/revisions\/40171"}],"up":[{"embeddable":true,"href":"https:\/\/staging.dst.deutsche-schule.eu\/es\/wp-json\/wp\/v2\/pages\/1944"}],"wp:attachment":[{"href":"https:\/\/staging.dst.deutsche-schule.eu\/es\/wp-json\/wp\/v2\/media?parent=2659"}],"wp:term":[{"taxonomy":"schlagwortedst","embeddable":true,"href":"https:\/\/staging.dst.deutsche-schule.eu\/es\/wp-json\/wp\/v2\/schlagwortedst?post=2659"}],"curies":[{"name":"wp","href":"https:\/\/api.w.org\/{rel}","templated":true}]}}