{"id":2326,"date":"2015-08-31T12:47:45","date_gmt":"2015-08-31T12:47:45","guid":{"rendered":"https:\/\/stage.dst.deutsche-schule.eu\/?page_id=2326"},"modified":"2021-07-27T08:46:45","modified_gmt":"2021-07-27T08:46:45","slug":"padresgs","status":"publish","type":"page","link":"https:\/\/staging.dst.deutsche-schule.eu\/es\/primaria\/padresgs\/","title":{"rendered":"Bienvenidos a Primaria"},"content":{"rendered":"<p style=\"text-align: justify;\">Bienvenidos a la p\u00e1gina web de Educaci\u00f3n Primaria del Colegio Alem\u00e1n de Santa Cruz de Tenerife.<\/p>\n<p style=\"text-align: justify;\">Tenemos aproximadamente unos 200 alumnos y alumnas de Primaria que estudian en nuestro colegio, de los cuales la mayor\u00eda no tiene como lengua materna el alem\u00e1n. Todos cursan asignaturas en alem\u00e1n como: Alem\u00e1n, Matem\u00e1ticas, Conocimiento del Medio, Educaci\u00f3n F\u00edsica, M\u00fasica, Pl\u00e1stica y \u00c9tica; y asignaturas en espa\u00f1ol como: Lengua, Ciencias Sociales y Religi\u00f3n.<\/p>\n<p style=\"text-align: justify;\">Las diferentes etapas de aprendizaje, tanto individuales como en grupo, se complementan en todas las asignaturas para facilitar a los alumnos y alumnas una relaci\u00f3n variada y espont\u00e1nea con la materia de ense\u00f1anza en situaciones de aprendizaje abiertas.<br \/>\nPara ello, tambi\u00e9n trabajamos frecuentemente por proyectos, permitiendo el trabajo multidisciplinar y entre clases, siempre con dos profesores de alem\u00e1n en la clase.<\/p>\n<p style=\"text-align: justify;\">Damos seguridad a los ni\u00f1os en las clases colectivas y desarrollamos las actividades diarias seg\u00fan las normas generales que organizan la convivencia social y que act\u00faan de manera educativa.<br \/>\nReconocemos a cada ni\u00f1o como ser \u00fanico al que tratamos con aprecio y franqueza, y quien en su individualidad enriquece nuestra comunidad educativa.<\/p>\n<p style=\"text-align: justify;\">Concebimos nuestro colegio un lugar de aprendizaje y un espacio de vida, en el cual los alumnos tienen que aprender a organizarse por s\u00ed mismos. Los\u00a0 profesores y profesoras de Educaci\u00f3n Primaria se entienden por consiguiente, como gu\u00edas educativos que refuerzan los puntos d\u00e9biles de los ni\u00f1os y resaltan los puntos fuertes de los mismos. Para ello trabajamos en equipo y utilizamos las unidades docentes multiprofesionales intercambi\u00e1ndolas con el resto de departamentos del colegio. Tradicionalmente, siempre ha sido muy importante para nosotros la colaboraci\u00f3n con profesores en periodo de pr\u00e1cticas, ya que nos apoyan con el trato de los alumnos y, adem\u00e1s, enriquecen el d\u00eda a d\u00eda de la clase.<\/p>\n<p style=\"text-align: justify;\">Dentro del dise\u00f1o curricular de Educaci\u00f3n Primaria tenemos integradas durante el curso escolar diferentes actividades como: la realizaci\u00f3n de proyectos semanales, el desarrollo de nuevas metodolog\u00edas en clase, la participaci\u00f3n en eventos deportivos, los programas de aprendizaje extraescolares, un programa de intercambio con colegios asociados alemanes en cuarto de Primaria, as\u00ed como la creaci\u00f3n de varios d\u00edas tem\u00e1ticos y de fiesta, ya que para nosotros son muy importantes tanto las tradiciones alemanas como las espa\u00f1olas.<\/p>\n<p style=\"text-align: justify;\">Despu\u00e9s de acabar las clases, los ni\u00f1os pueden comer en el colegio, as\u00ed como asistir a una variedad de actividades extraescolares previo pago, entre las que se incluyen las actividades de refuerzo.<\/p>\n","protected":false},"excerpt":{"rendered":"<p>Bienvenidos a la p\u00e1gina web de Educaci\u00f3n Primaria del Colegio Alem\u00e1n de Santa Cruz de Tenerife. [&hellip;]<\/p>\n","protected":false},"author":10,"featured_media":37143,"parent":1743,"menu_order":0,"comment_status":"closed","ping_status":"closed","template":"","meta":{"site-sidebar-layout":"default","site-content-layout":"default","ast-site-content-layout":"default","site-content-style":"default","site-sidebar-style":"default","ast-global-header-display":"","ast-banner-title-visibility":"","ast-main-header-display":"","ast-hfb-above-header-display":"","ast-hfb-below-header-display":"","ast-hfb-mobile-header-display":"","site-post-title":"","ast-breadcrumbs-content":"","ast-featured-img":"","footer-sml-layout":"","ast-disable-related-posts":"","theme-transparent-header-meta":"default","adv-header-id-meta":"","stick-header-meta":"default","header-above-stick-meta":"","header-main-stick-meta":"","header-below-stick-meta":"","astra-migrate-meta-layouts":"default","ast-page-background-enabled":"default","ast-page-background-meta":{"desktop":{"background-color":"","background-image":"","background-repeat":"repeat","background-position":"center center","background-size":"auto","background-attachment":"scroll","background-type":"","background-media":"","overlay-type":"","overlay-color":"","overlay-opacity":"","overlay-gradient":""},"tablet":{"background-color":"","background-image":"","background-repeat":"repeat","background-position":"center center","background-size":"auto","background-attachment":"scroll","background-type":"","background-media":"","overlay-type":"","overlay-color":"","overlay-opacity":"","overlay-gradient":""},"mobile":{"background-color":"","background-image":"","background-repeat":"repeat","background-position":"center center","background-size":"auto","background-attachment":"scroll","background-type":"","background-media":"","overlay-type":"","overlay-color":"","overlay-opacity":"","overlay-gradient":""}},"ast-content-background-meta":{"desktop":{"background-color":"var(--ast-global-color-5)","background-image":"","background-repeat":"repeat","background-position":"center center","background-size":"auto","background-attachment":"scroll","background-type":"","background-media":"","overlay-type":"","overlay-color":"","overlay-opacity":"","overlay-gradient":""},"tablet":{"background-color":"var(--ast-global-color-5)","background-image":"","background-repeat":"repeat","background-position":"center center","background-size":"auto","background-attachment":"scroll","background-type":"","background-media":"","overlay-type":"","overlay-color":"","overlay-opacity":"","overlay-gradient":""},"mobile":{"background-color":"var(--ast-global-color-5)","background-image":"","background-repeat":"repeat","background-position":"center center","background-size":"auto","background-attachment":"scroll","background-type":"","background-media":"","overlay-type":"","overlay-color":"","overlay-opacity":"","overlay-gradient":""}},"_jet_sm_ready_style":"","_jet_sm_style":"","_jet_sm_controls_values":"","_jet_sm_fonts_collection":"","_jet_sm_fonts_links":"","footnotes":""},"schlagwortedst":[150],"class_list":["post-2326","page","type-page","status-publish","has-post-thumbnail","hentry","schlagwortedst-sidegs"],"_links":{"self":[{"href":"https:\/\/staging.dst.deutsche-schule.eu\/es\/wp-json\/wp\/v2\/pages\/2326","targetHints":{"allow":["GET"]}}],"collection":[{"href":"https:\/\/staging.dst.deutsche-schule.eu\/es\/wp-json\/wp\/v2\/pages"}],"about":[{"href":"https:\/\/staging.dst.deutsche-schule.eu\/es\/wp-json\/wp\/v2\/types\/page"}],"author":[{"embeddable":true,"href":"https:\/\/staging.dst.deutsche-schule.eu\/es\/wp-json\/wp\/v2\/users\/10"}],"replies":[{"embeddable":true,"href":"https:\/\/staging.dst.deutsche-schule.eu\/es\/wp-json\/wp\/v2\/comments?post=2326"}],"version-history":[{"count":3,"href":"https:\/\/staging.dst.deutsche-schule.eu\/es\/wp-json\/wp\/v2\/pages\/2326\/revisions"}],"predecessor-version":[{"id":43880,"href":"https:\/\/staging.dst.deutsche-schule.eu\/es\/wp-json\/wp\/v2\/pages\/2326\/revisions\/43880"}],"up":[{"embeddable":true,"href":"https:\/\/staging.dst.deutsche-schule.eu\/es\/wp-json\/wp\/v2\/pages\/1743"}],"wp:featuredmedia":[{"embeddable":true,"href":"https:\/\/staging.dst.deutsche-schule.eu\/es\/wp-json\/wp\/v2\/media\/37143"}],"wp:attachment":[{"href":"https:\/\/staging.dst.deutsche-schule.eu\/es\/wp-json\/wp\/v2\/media?parent=2326"}],"wp:term":[{"taxonomy":"schlagwortedst","embeddable":true,"href":"https:\/\/staging.dst.deutsche-schule.eu\/es\/wp-json\/wp\/v2\/schlagwortedst?post=2326"}],"curies":[{"name":"wp","href":"https:\/\/api.w.org\/{rel}","templated":true}]}}