{"id":2000,"date":"2015-06-07T22:16:21","date_gmt":"2015-06-07T22:16:21","guid":{"rendered":"http:\/\/dstenerife.ducklingit.com\/?page_id=2000"},"modified":"2021-07-19T15:42:57","modified_gmt":"2021-07-19T15:42:57","slug":"bachilerato","status":"publish","type":"page","link":"https:\/\/staging.dst.deutsche-schule.eu\/es\/secundaria-y-bachilerato\/departamentos\/bachilerato\/","title":{"rendered":"Bachillerato alem\u00e1n"},"content":{"rendered":"<p>El <strong>Bachillerato<\/strong> comprende los \u00faltimos tres cursos escolares (cursos 10-12). Los alumnos que acceden al Bachillerato a partir del curso 2017\/18 se rigen por el reglamento de ex\u00e1menes del Abitur alem\u00e1n internacional (DIA). La clase 10, como antepen\u00faltimo curso escolar, es el \u00faltimo a\u00f1o de la secundaria I y a la vez act\u00faa como fase de introducci\u00f3n y, por lo tanto, pertenece al Bachillerato.<\/p>\n<p>Los cursos 11 y 12 constituyen las fases de clasificaci\u00f3n del Bachillerato. En general, el reparto de alumnos por clase se mantiene durante todo el Bachillerato, del mismo modo que las asignaturas que se imparten en cada grupo.<\/p>\n<p>Las asignaturas obligatorias que se imparten con un alto nivel de exigencia en la fase de clasificaci\u00f3n del DST son:<\/p>\n<ul>\n<li>Alem\u00e1n<\/li>\n<li>Espa\u00f1ol<\/li>\n<li>Ingl\u00e9s<\/li>\n<li>Matem\u00e1ticas<\/li>\n<\/ul>\n<p>Las asignaturas obligatorias que se imparten en un nivel b\u00e1sico de exigencia son:<\/p>\n<ul>\n<li>Historia (en alem\u00e1n)<\/li>\n<li>Historia \/ Ciencias Sociales (en espa\u00f1ol)<\/li>\n<li>Educaci\u00f3n f\u00edsica<\/li>\n<li>Religi\u00f3n \/ Filosof\u00eda<\/li>\n<\/ul>\n<p>Las asignaturas optativas completan la oferta en el Bachillerato. Los alumnos pueden elegir entre:<\/p>\n<ul>\n<li>M\u00fasica o Dibujo<\/li>\n<li>3 de las siguientes asignaturas: Biolog\u00eda, Qu\u00edmica, F\u00edsica o Geograf\u00eda, Inform\u00e1tica o Franc\u00e9s<\/li>\n<\/ul>\n<p>La elecci\u00f3n entre M\u00fasica o Dibujo se decide al final de la clase 9, por lo que es v\u00e1lida a partir de la clase 10.<\/p>\n<p>La fase de clasificaci\u00f3n se divide en cuatro semestres independientes: 11.1, 11.2, 12.1, 12.2. La evaluaci\u00f3n escrita y oral se efect\u00faa mediante una calificaci\u00f3n del sistema de puntos alem\u00e1n (00 \u2013 15 puntos). Por lo general, la evaluaci\u00f3n de los resultados de las pruebas escritas y del resto de los rendimientos cuentan un 50% cada uno. Los resultados de las diferentes asignaturas componen una nota final para cada semestre, que se incluyen en el certificado de Abitur.<\/p>\n<p>Adem\u00e1s de las asignaturas de cualificaci\u00f3n, los alumnos podr\u00e1n elegir asignaturas adicionales (PAU) en espa\u00f1ol, que facilitan el acceso a las universidades espa\u00f1olas.<\/p>\n<p>&nbsp;<\/p>\n<p><a href=\"https:\/\/stage.dst.deutsche-schule.eu\/wp-content\/uploads\/2017\/11\/2015-06-11-DIA-PO-SPA.pdf\">Reglamento para el examen de Abitur Alem\u00e1n Internacional (<em>en espa\u00f1ol)<\/em><\/a><a href=\"https:\/\/stage.dst.deutsche-schule.eu\/wp-content\/uploads\/2015\/06\/2015_06_11-PO-Deutsches-Intern-Abitur.pdf\" target=\"_blank\" rel=\"noopener noreferrer\"><br \/>\n<\/a><a href=\"https:\/\/stage.dst.deutsche-schule.eu\/wp-content\/uploads\/2017\/11\/2015-06-11-DIA-Richtlinien-SPA.pdf\">Directiva para el Abitur Alem\u00e1n Internacional (<em>en espa\u00f1ol)<\/em><\/a><\/p>\n<p>&nbsp;<\/p>\n","protected":false},"excerpt":{"rendered":"<p>El Bachillerato comprende los \u00faltimos tres cursos escolares (cursos 10-12). Los alumnos que acceden al Bachillerato [&hellip;]<\/p>\n","protected":false},"author":10,"featured_media":0,"parent":42264,"menu_order":3,"comment_status":"closed","ping_status":"closed","template":"","meta":{"site-sidebar-layout":"default","site-content-layout":"default","ast-site-content-layout":"default","site-content-style":"default","site-sidebar-style":"default","ast-global-header-display":"","ast-banner-title-visibility":"","ast-main-header-display":"","ast-hfb-above-header-display":"","ast-hfb-below-header-display":"","ast-hfb-mobile-header-display":"","site-post-title":"","ast-breadcrumbs-content":"","ast-featured-img":"","footer-sml-layout":"","ast-disable-related-posts":"","theme-transparent-header-meta":"default","adv-header-id-meta":"","stick-header-meta":"default","header-above-stick-meta":"","header-main-stick-meta":"","header-below-stick-meta":"","astra-migrate-meta-layouts":"default","ast-page-background-enabled":"default","ast-page-background-meta":{"desktop":{"background-color":"","background-image":"","background-repeat":"repeat","background-position":"center center","background-size":"auto","background-attachment":"scroll","background-type":"","background-media":"","overlay-type":"","overlay-color":"","overlay-opacity":"","overlay-gradient":""},"tablet":{"background-color":"","background-image":"","background-repeat":"repeat","background-position":"center center","background-size":"auto","background-attachment":"scroll","background-type":"","background-media":"","overlay-type":"","overlay-color":"","overlay-opacity":"","overlay-gradient":""},"mobile":{"background-color":"","background-image":"","background-repeat":"repeat","background-position":"center center","background-size":"auto","background-attachment":"scroll","background-type":"","background-media":"","overlay-type":"","overlay-color":"","overlay-opacity":"","overlay-gradient":""}},"ast-content-background-meta":{"desktop":{"background-color":"var(--ast-global-color-5)","background-image":"","background-repeat":"repeat","background-position":"center center","background-size":"auto","background-attachment":"scroll","background-type":"","background-media":"","overlay-type":"","overlay-color":"","overlay-opacity":"","overlay-gradient":""},"tablet":{"background-color":"var(--ast-global-color-5)","background-image":"","background-repeat":"repeat","background-position":"center center","background-size":"auto","background-attachment":"scroll","background-type":"","background-media":"","overlay-type":"","overlay-color":"","overlay-opacity":"","overlay-gradient":""},"mobile":{"background-color":"var(--ast-global-color-5)","background-image":"","background-repeat":"repeat","background-position":"center center","background-size":"auto","background-attachment":"scroll","background-type":"","background-media":"","overlay-type":"","overlay-color":"","overlay-opacity":"","overlay-gradient":""}},"_jet_sm_ready_style":"","_jet_sm_style":"","_jet_sm_controls_values":"","_jet_sm_fonts_collection":"","_jet_sm_fonts_links":"","footnotes":""},"schlagwortedst":[151],"class_list":["post-2000","page","type-page","status-publish","hentry","schlagwortedst-sidesek"],"_links":{"self":[{"href":"https:\/\/staging.dst.deutsche-schule.eu\/es\/wp-json\/wp\/v2\/pages\/2000","targetHints":{"allow":["GET"]}}],"collection":[{"href":"https:\/\/staging.dst.deutsche-schule.eu\/es\/wp-json\/wp\/v2\/pages"}],"about":[{"href":"https:\/\/staging.dst.deutsche-schule.eu\/es\/wp-json\/wp\/v2\/types\/page"}],"author":[{"embeddable":true,"href":"https:\/\/staging.dst.deutsche-schule.eu\/es\/wp-json\/wp\/v2\/users\/10"}],"replies":[{"embeddable":true,"href":"https:\/\/staging.dst.deutsche-schule.eu\/es\/wp-json\/wp\/v2\/comments?post=2000"}],"version-history":[{"count":1,"href":"https:\/\/staging.dst.deutsche-schule.eu\/es\/wp-json\/wp\/v2\/pages\/2000\/revisions"}],"predecessor-version":[{"id":42384,"href":"https:\/\/staging.dst.deutsche-schule.eu\/es\/wp-json\/wp\/v2\/pages\/2000\/revisions\/42384"}],"up":[{"embeddable":true,"href":"https:\/\/staging.dst.deutsche-schule.eu\/es\/wp-json\/wp\/v2\/pages\/42264"}],"wp:attachment":[{"href":"https:\/\/staging.dst.deutsche-schule.eu\/es\/wp-json\/wp\/v2\/media?parent=2000"}],"wp:term":[{"taxonomy":"schlagwortedst","embeddable":true,"href":"https:\/\/staging.dst.deutsche-schule.eu\/es\/wp-json\/wp\/v2\/schlagwortedst?post=2000"}],"curies":[{"name":"wp","href":"https:\/\/api.w.org\/{rel}","templated":true}]}}