{"id":1979,"date":"2015-04-25T22:56:30","date_gmt":"2015-04-25T22:56:30","guid":{"rendered":"http:\/\/dstenerife.ducklingit.com\/?page_id=1979"},"modified":"2021-08-06T20:39:58","modified_gmt":"2021-08-06T20:39:58","slug":"practicas-en-la-preescolar","status":"publish","type":"page","link":"https:\/\/staging.dst.deutsche-schule.eu\/es\/kikri-y-kindergarten\/practicas-en-la-preescolar\/","title":{"rendered":"Pr\u00e1cticas en preescolar"},"content":{"rendered":"\t\t<div data-elementor-type=\"wp-page\" data-elementor-id=\"1979\" class=\"elementor elementor-1979 elementor-750\" data-elementor-post-type=\"page\">\n\t\t\t\t\t\t<section class=\"elementor-section elementor-top-section elementor-element elementor-element-6baa076 elementor-section-boxed elementor-section-height-default elementor-section-height-default\" data-id=\"6baa076\" data-element_type=\"section\" data-settings=\"{&quot;_ob_glider_is_slider&quot;:&quot;no&quot;}\">\n\t\t\t\t\t\t<div class=\"elementor-container elementor-column-gap-default\">\n\t\t\t\t\t<div class=\"elementor-column elementor-col-50 elementor-top-column elementor-element elementor-element-42f4308d\" data-id=\"42f4308d\" data-element_type=\"column\">\n\t\t\t<div class=\"elementor-widget-wrap elementor-element-populated\">\n\t\t\t\t\t\t<div class=\"elementor-element elementor-element-2c7be908 elementor-toc--minimized-on-mobile elementor-widget elementor-widget-table-of-contents\" data-id=\"2c7be908\" data-element_type=\"widget\" data-settings=\"{&quot;headings_by_tags&quot;:[&quot;h2&quot;,&quot;h3&quot;,&quot;h4&quot;],&quot;exclude_headings_by_selector&quot;:[],&quot;minimized_on&quot;:&quot;mobile&quot;,&quot;sticky&quot;:&quot;top&quot;,&quot;marker_view&quot;:&quot;numbers&quot;,&quot;no_headings_message&quot;:&quot;No se ha encontrado ning\\u00fan encabezado en esta p\\u00e1gina.&quot;,&quot;minimize_box&quot;:&quot;yes&quot;,&quot;hierarchical_view&quot;:&quot;yes&quot;,&quot;min_height&quot;:{&quot;unit&quot;:&quot;px&quot;,&quot;size&quot;:&quot;&quot;,&quot;sizes&quot;:[]},&quot;min_height_tablet&quot;:{&quot;unit&quot;:&quot;px&quot;,&quot;size&quot;:&quot;&quot;,&quot;sizes&quot;:[]},&quot;min_height_mobile&quot;:{&quot;unit&quot;:&quot;px&quot;,&quot;size&quot;:&quot;&quot;,&quot;sizes&quot;:[]},&quot;_ob_widget_stalker_use&quot;:&quot;no&quot;,&quot;sticky_on&quot;:[&quot;desktop&quot;,&quot;tablet&quot;,&quot;mobile&quot;],&quot;sticky_offset&quot;:0,&quot;sticky_effects_offset&quot;:0,&quot;sticky_anchor_link_offset&quot;:0,&quot;_ob_shadough_use&quot;:&quot;no&quot;}\" data-widget_type=\"table-of-contents.default\">\n\t\t\t\t<div class=\"elementor-widget-container\">\n\t\t\t\t\t\t\t\t\t<div class=\"elementor-toc__header\">\n\t\t\t\t\t\t<h6 class=\"elementor-toc__header-title\">\n\t\t\t\t\u00cdndice\t\t\t<\/h6>\n\t\t\t\t\t\t\t\t\t\t<div class=\"elementor-toc__toggle-button elementor-toc__toggle-button--expand\" role=\"button\" tabindex=\"0\" aria-controls=\"elementor-toc__2c7be908\" aria-expanded=\"true\" aria-label=\"Abrir la tabla de contenidos\"><i aria-hidden=\"true\" class=\"fas fa-caret-down\"><\/i><\/div>\n\t\t\t\t<div class=\"elementor-toc__toggle-button elementor-toc__toggle-button--collapse\" role=\"button\" tabindex=\"0\" aria-controls=\"elementor-toc__2c7be908\" aria-expanded=\"true\" aria-label=\"Cerrar la tabla de contenidos\"><i aria-hidden=\"true\" class=\"fas fa-caret-up\"><\/i><\/div>\n\t\t\t\t\t<\/div>\n\t\t\t\t<div id=\"elementor-toc__2c7be908\" class=\"elementor-toc__body\">\n\t\t\t<div class=\"elementor-toc__spinner-container\">\n\t\t\t\t<i class=\"elementor-toc__spinner eicon-animation-spin eicon-loading\" aria-hidden=\"true\"><\/i>\t\t\t<\/div>\n\t\t<\/div>\n\t\t\t\t\t\t<\/div>\n\t\t\t\t<\/div>\n\t\t\t\t\t<\/div>\n\t\t<\/div>\n\t\t\t\t<div class=\"elementor-column elementor-col-50 elementor-top-column elementor-element elementor-element-78da185c\" data-id=\"78da185c\" data-element_type=\"column\">\n\t\t\t<div class=\"elementor-widget-wrap elementor-element-populated\">\n\t\t\t\t\t\t<div class=\"elementor-element elementor-element-44ec1b98 elementor-position-left elementor-vertical-align-top elementor-widget elementor-widget-image-box\" data-id=\"44ec1b98\" data-element_type=\"widget\" data-settings=\"{&quot;_ob_widget_stalker_use&quot;:&quot;no&quot;,&quot;_ob_shadough_use&quot;:&quot;no&quot;}\" data-widget_type=\"image-box.default\">\n\t\t\t\t<div class=\"elementor-widget-container\">\n\t\t\t\t\t<div class=\"elementor-image-box-wrapper\"><figure class=\"elementor-image-box-img\"><img fetchpriority=\"high\" decoding=\"async\" width=\"564\" height=\"423\" src=\"https:\/\/staging.dst.deutsche-schule.eu\/wp-content\/uploads\/2021\/05\/SliderBild3-564x423.jpg\" class=\"attachment-medium size-medium wp-image-39089\" alt=\"\" srcset=\"https:\/\/staging.dst.deutsche-schule.eu\/wp-content\/uploads\/2021\/05\/SliderBild3-564x423.jpg 564w, https:\/\/staging.dst.deutsche-schule.eu\/wp-content\/uploads\/2021\/05\/SliderBild3-768x576.jpg 768w, https:\/\/staging.dst.deutsche-schule.eu\/wp-content\/uploads\/2021\/05\/SliderBild3-320x240.jpg 320w, https:\/\/staging.dst.deutsche-schule.eu\/wp-content\/uploads\/2021\/05\/SliderBild3.jpg 864w\" sizes=\"(max-width: 564px) 100vw, 564px\" \/><\/figure><div class=\"elementor-image-box-content\"><h3 class=\"elementor-image-box-title\">...en el Colegio Alem\u00e1n Santa Cruz de Tenerife<\/h3><p class=\"elementor-image-box-description\">\u00bfLe interesa hacer pr\u00e1cticas en infantil como educador, estudiante en pr\u00e1cticas o a\u00f1o de voluntariado?<\/p><\/div><\/div>\t\t\t\t<\/div>\n\t\t\t\t<\/div>\n\t\t\t\t<div class=\"elementor-element elementor-element-363eb998 elementor-position-right elementor-vertical-align-top elementor-widget elementor-widget-image-box\" data-id=\"363eb998\" data-element_type=\"widget\" data-settings=\"{&quot;_ob_widget_stalker_use&quot;:&quot;no&quot;,&quot;_ob_shadough_use&quot;:&quot;no&quot;}\" data-widget_type=\"image-box.default\">\n\t\t\t\t<div class=\"elementor-widget-container\">\n\t\t\t\t\t<div class=\"elementor-image-box-wrapper\"><figure class=\"elementor-image-box-img\"><img decoding=\"async\" width=\"480\" height=\"480\" src=\"https:\/\/staging.dst.deutsche-schule.eu\/wp-content\/uploads\/2021\/05\/collaboration.svg\" class=\"attachment-dst-thumb-featured size-dst-thumb-featured wp-image-40906\" alt=\"\" \/><\/figure><div class=\"elementor-image-box-content\"><h3 class=\"elementor-image-box-title\">Organizaci\u00f3n<\/h3><p class=\"elementor-image-box-description\">Aqu\u00ed encontrar\u00e1 informaci\u00f3n importante para sus pr\u00e1cticas.\n\n<\/p><\/div><\/div>\t\t\t\t<\/div>\n\t\t\t\t<\/div>\n\t\t\t\t<div class=\"elementor-element elementor-element-39685154 elementor-widget elementor-widget-text-editor\" data-id=\"39685154\" data-element_type=\"widget\" data-settings=\"{&quot;_ob_postman_use&quot;:&quot;no&quot;,&quot;_ob_widget_stalker_use&quot;:&quot;no&quot;,&quot;_ob_shadough_use&quot;:&quot;no&quot;}\" data-widget_type=\"text-editor.default\">\n\t\t\t\t<div class=\"elementor-widget-container\">\n\t\t\t\t\t\t\t\t\t<h4>\u00bfC\u00f3mo solicito una plaza?<\/h4><p>En cualquier momento puede solicitar una plaza de pr\u00e1cticas. Para ello, env\u00eda un correo electr\u00f3nico con la documentaci\u00f3n (curriculum con foto, formaci\u00f3n, certificado de notas, diploma, tipo de pr\u00e1cticas que desea realizar, etc.). <a href=\"mailto:dstenerife@dstenerife.eu\">al colegio (dstenerife@dstenerife.eu) <\/a>o directamente al Directora del Kindergarten, Claudia Bruch\u00a0(<a href=\"mailto:praktikum.gs@dstenerife.eu\">c.bruch@dstenerife.eu<\/a>).<\/p><h4>Duraci\u00f3n de las pr\u00e1cticas<\/h4><p>Cada curso buscamos a personas motivadas y comprometidas que quieren hacer sus pr\u00e1cticas en un colegio alem\u00e1n en el extranjero.\u00a0<\/p><p>Tenemos las siguientes plazas en la guarder\u00eda, infantil, preescolar y asistencia:<\/p><ul><li>Voluntariados<\/li><li>Pr\u00e1cticas de profesi\u00f3n<\/li><li>Pr\u00e1cticas cortas (al menos 10 semanas)<\/li><\/ul><p>Si le interesa, p\u00f3ngase en contacto con nosotros.<\/p><p>Persona de contacto: <strong>Claudia Bruch, Directora del Kindergarten.<\/strong><\/p><p>CONSEJO: En nuestra web encontrar\u00e1 el calendario escolar con todas las fechas importantes.\u00a0<\/p><h4>\u00bfQu\u00e9 documentaci\u00f3n necesito?<\/h4><ol><li>Gu\u00eda para pr\u00e1cticas de su centro de formaci\u00f3n<\/li><li>Tarjeta sanitaria europea y\/o seguro sanitario y de responsabilidad civil europeo<\/li><li>Certificado de buena conducta<\/li><li>Confirmaci\u00f3n escrita de su plaza de pr\u00e1cticas<br \/><strong>\u00a1Atenci\u00f3n!<\/strong> Por escrito asegura al comienzo de las pr\u00e1cticas que el centro no tiene la obligaci\u00f3n de ofrecerle un contrato laboral.\u00a0\u00a0<\/li><\/ol><h4>\u00bfQu\u00e9 beneficios adicionales me ofrece el colegio?<\/h4><ol><li>Transporte escolar gratuito<\/li><li>Almuerzo gratuito en el comedor<\/li><\/ol>\t\t\t\t\t\t\t\t<\/div>\n\t\t\t\t<\/div>\n\t\t\t\t<div class=\"elementor-element elementor-element-3edefaf0 elementor-position-right elementor-vertical-align-top elementor-widget elementor-widget-image-box\" data-id=\"3edefaf0\" data-element_type=\"widget\" data-settings=\"{&quot;_ob_widget_stalker_use&quot;:&quot;no&quot;,&quot;_ob_shadough_use&quot;:&quot;no&quot;}\" data-widget_type=\"image-box.default\">\n\t\t\t\t<div class=\"elementor-widget-container\">\n\t\t\t\t\t<div class=\"elementor-image-box-wrapper\"><figure class=\"elementor-image-box-img\"><img decoding=\"async\" width=\"113\" height=\"122\" src=\"https:\/\/staging.dst.deutsche-schule.eu\/wp-content\/uploads\/2021\/05\/bulb-checkmark.svg\" class=\"attachment-full size-full wp-image-39154\" alt=\"\" \/><\/figure><div class=\"elementor-image-box-content\"><h3 class=\"elementor-image-box-title\">Obligaciones y derechos<\/h3><p class=\"elementor-image-box-description\">Aqu\u00ed encontrar\u00e1 los deberes y los derechos durante el periodo de pr\u00e1cticas.<\/p><\/div><\/div>\t\t\t\t<\/div>\n\t\t\t\t<\/div>\n\t\t\t\t<div class=\"elementor-element elementor-element-60bd3bb1 elementor-widget elementor-widget-text-editor\" data-id=\"60bd3bb1\" data-element_type=\"widget\" data-settings=\"{&quot;_ob_postman_use&quot;:&quot;no&quot;,&quot;_ob_widget_stalker_use&quot;:&quot;no&quot;,&quot;_ob_shadough_use&quot;:&quot;no&quot;}\" data-widget_type=\"text-editor.default\">\n\t\t\t\t<div class=\"elementor-widget-container\">\n\t\t\t\t\t\t\t\t\t<h4>\u00bfCu\u00e1les son las obligaciones?<\/h4><ul><li>Tiempo presencial en el centro de las 7:40 hasta las 13:10 horas (cuatro horas de clase, una de preparaci\u00f3n y una de recreo)<\/li><li>Ayuda en las actividades por la tarde (de manera voluntaria o si las condiciones de las pr\u00e1cticas lo determinan)<\/li><li>Visita y observaci\u00f3n de las clases, impartici\u00f3n de clases guiadas, grupos peque\u00f1os de trabajo, apoyo espec\u00edfico, etc. (seg\u00fan el tipo de pr\u00e1cticas)<\/li><li>Apoyo en las clases y del profesorado en las actividades escolares como, por ejemplo, excursiones, visitas, proyectos, fiestas, etc.<\/li><li>Vigilancias y sustituciones<\/li><\/ul><h4>Asignaci\u00f3n de grupo y horario<\/h4><p>Generalmente se asigna el grupo para las pr\u00e1cticas en junio para el primer semestre y en diciembre para el segundo semestre.\u00a0<\/p><p>El horario lo podr\u00e1 ver en la primera semana de pr\u00e1cticas con su coordinador.\u00a0<\/p><p>Comun\u00edquenos, por favor, si tiene intereses especiales que en su caso podamos tener en cuenta para sus pr\u00e1cticas.\u00a0<\/p>\t\t\t\t\t\t\t\t<\/div>\n\t\t\t\t<\/div>\n\t\t\t\t<div class=\"elementor-element elementor-element-68eac1cd elementor-position-right elementor-vertical-align-top elementor-widget elementor-widget-image-box\" data-id=\"68eac1cd\" data-element_type=\"widget\" data-settings=\"{&quot;_ob_widget_stalker_use&quot;:&quot;no&quot;,&quot;_ob_shadough_use&quot;:&quot;no&quot;}\" data-widget_type=\"image-box.default\">\n\t\t\t\t<div class=\"elementor-widget-container\">\n\t\t\t\t\t<div class=\"elementor-image-box-wrapper\"><figure class=\"elementor-image-box-img\"><img loading=\"lazy\" decoding=\"async\" width=\"64\" height=\"64\" src=\"https:\/\/staging.dst.deutsche-schule.eu\/wp-content\/uploads\/2021\/05\/Flyer.svg\" class=\"attachment-medium size-medium wp-image-39962\" alt=\"\" \/><\/figure><div class=\"elementor-image-box-content\"><h3 class=\"elementor-image-box-title\">Formularios<\/h3><p class=\"elementor-image-box-description\">\n<\/p><\/div><\/div>\t\t\t\t<\/div>\n\t\t\t\t<\/div>\n\t\t\t\t<div class=\"elementor-element elementor-element-21a6f005 elementor-widget elementor-widget-pdfjs_viewer\" data-id=\"21a6f005\" data-element_type=\"widget\" data-settings=\"{&quot;_ob_widget_stalker_use&quot;:&quot;no&quot;,&quot;_ob_shadough_use&quot;:&quot;no&quot;}\" data-widget_type=\"pdfjs_viewer.default\">\n\t\t\t\t<div class=\"elementor-widget-container\">\n\t\t\t\t\t<iframe src=\"https:\/\/staging.dst.deutsche-schule.eu\/wp-content\/plugins\/pdf-viewer-for-elementor\/assets\/pdfjs\/web\/viewer.html?file=https:\/\/staging.dst.deutsche-schule.eu\/wp-content\/uploads\/2021\/05\/Wegweiser-2021-22_25052021.pdf&amp;embedded=true\" style=\"display: block; margin-left: auto; margin-right: auto; width: 640px; height: 455px;\" frameborder=\"1\" marginheight=\"0px\" marginwidth=\"0px\" allowfullscreen><\/iframe>\t\t\t\t<\/div>\n\t\t\t\t<\/div>\n\t\t\t\t<div class=\"elementor-element elementor-element-6e760fa3 elementor-widget elementor-widget-pdfjs_viewer\" data-id=\"6e760fa3\" data-element_type=\"widget\" data-settings=\"{&quot;_ob_widget_stalker_use&quot;:&quot;no&quot;,&quot;_ob_shadough_use&quot;:&quot;no&quot;}\" data-widget_type=\"pdfjs_viewer.default\">\n\t\t\t\t<div class=\"elementor-widget-container\">\n\t\t\t\t\t<iframe src=\"https:\/\/staging.dst.deutsche-schule.eu\/wp-content\/plugins\/pdf-viewer-for-elementor\/assets\/pdfjs\/web\/viewer.html?file=https:\/\/staging.dst.deutsche-schule.eu\/wp-content\/uploads\/2021\/05\/Vorlage-kein-Arbeitsverhaltnis-PK_25052021.pdf&amp;embedded=true\" style=\"display: block; margin-left: auto; margin-right: auto; width: 640px; height: 455px;\" frameborder=\"1\" marginheight=\"0px\" marginwidth=\"0px\" allowfullscreen><\/iframe>\t\t\t\t<\/div>\n\t\t\t\t<\/div>\n\t\t\t\t<div class=\"elementor-element elementor-element-7788ffbd elementor-widget elementor-widget-pdfjs_viewer\" data-id=\"7788ffbd\" data-element_type=\"widget\" data-settings=\"{&quot;_ob_widget_stalker_use&quot;:&quot;no&quot;,&quot;_ob_shadough_use&quot;:&quot;no&quot;}\" data-widget_type=\"pdfjs_viewer.default\">\n\t\t\t\t<div class=\"elementor-widget-container\">\n\t\t\t\t\t<iframe src=\"https:\/\/staging.dst.deutsche-schule.eu\/wp-content\/plugins\/pdf-viewer-for-elementor\/assets\/pdfjs\/web\/viewer.html?file=https:\/\/staging.dst.deutsche-schule.eu\/wp-content\/uploads\/2021\/05\/Praktikumszusageauflagen_25052021.pdf&amp;embedded=true\" style=\"display: block; margin-left: auto; margin-right: auto; width: 640px; height: 455px;\" frameborder=\"1\" marginheight=\"0px\" marginwidth=\"0px\" allowfullscreen><\/iframe>\t\t\t\t<\/div>\n\t\t\t\t<\/div>\n\t\t\t\t\t<\/div>\n\t\t<\/div>\n\t\t\t\t\t<\/div>\n\t\t<\/section>\n\t\t\t\t<\/div>\n\t\t","protected":false},"excerpt":{"rendered":"<p>\u00cdndice &#8230;en el Colegio Alem\u00e1n Santa Cruz de Tenerife \u00bfLe interesa hacer pr\u00e1cticas en infantil como [&hellip;]<\/p>\n","protected":false},"author":10,"featured_media":0,"parent":1601,"menu_order":5,"comment_status":"closed","ping_status":"closed","template":"","meta":{"site-sidebar-layout":"default","site-content-layout":"default","ast-site-content-layout":"default","site-content-style":"default","site-sidebar-style":"default","ast-global-header-display":"","ast-banner-title-visibility":"","ast-main-header-display":"","ast-hfb-above-header-display":"","ast-hfb-below-header-display":"","ast-hfb-mobile-header-display":"","site-post-title":"","ast-breadcrumbs-content":"","ast-featured-img":"","footer-sml-layout":"","ast-disable-related-posts":"","theme-transparent-header-meta":"default","adv-header-id-meta":"","stick-header-meta":"default","header-above-stick-meta":"","header-main-stick-meta":"","header-below-stick-meta":"","astra-migrate-meta-layouts":"default","ast-page-background-enabled":"default","ast-page-background-meta":{"desktop":{"background-color":"","background-image":"","background-repeat":"repeat","background-position":"center center","background-size":"auto","background-attachment":"scroll","background-type":"","background-media":"","overlay-type":"","overlay-color":"","overlay-opacity":"","overlay-gradient":""},"tablet":{"background-color":"","background-image":"","background-repeat":"repeat","background-position":"center center","background-size":"auto","background-attachment":"scroll","background-type":"","background-media":"","overlay-type":"","overlay-color":"","overlay-opacity":"","overlay-gradient":""},"mobile":{"background-color":"","background-image":"","background-repeat":"repeat","background-position":"center center","background-size":"auto","background-attachment":"scroll","background-type":"","background-media":"","overlay-type":"","overlay-color":"","overlay-opacity":"","overlay-gradient":""}},"ast-content-background-meta":{"desktop":{"background-color":"var(--ast-global-color-5)","background-image":"","background-repeat":"repeat","background-position":"center center","background-size":"auto","background-attachment":"scroll","background-type":"","background-media":"","overlay-type":"","overlay-color":"","overlay-opacity":"","overlay-gradient":""},"tablet":{"background-color":"var(--ast-global-color-5)","background-image":"","background-repeat":"repeat","background-position":"center center","background-size":"auto","background-attachment":"scroll","background-type":"","background-media":"","overlay-type":"","overlay-color":"","overlay-opacity":"","overlay-gradient":""},"mobile":{"background-color":"var(--ast-global-color-5)","background-image":"","background-repeat":"repeat","background-position":"center center","background-size":"auto","background-attachment":"scroll","background-type":"","background-media":"","overlay-type":"","overlay-color":"","overlay-opacity":"","overlay-gradient":""}},"_jet_sm_ready_style":"","_jet_sm_style":"","_jet_sm_controls_values":"","_jet_sm_fonts_collection":"","_jet_sm_fonts_links":"","footnotes":""},"schlagwortedst":[149],"class_list":["post-1979","page","type-page","status-publish","hentry","schlagwortedst-sidekg"],"_links":{"self":[{"href":"https:\/\/staging.dst.deutsche-schule.eu\/es\/wp-json\/wp\/v2\/pages\/1979","targetHints":{"allow":["GET"]}}],"collection":[{"href":"https:\/\/staging.dst.deutsche-schule.eu\/es\/wp-json\/wp\/v2\/pages"}],"about":[{"href":"https:\/\/staging.dst.deutsche-schule.eu\/es\/wp-json\/wp\/v2\/types\/page"}],"author":[{"embeddable":true,"href":"https:\/\/staging.dst.deutsche-schule.eu\/es\/wp-json\/wp\/v2\/users\/10"}],"replies":[{"embeddable":true,"href":"https:\/\/staging.dst.deutsche-schule.eu\/es\/wp-json\/wp\/v2\/comments?post=1979"}],"version-history":[{"count":11,"href":"https:\/\/staging.dst.deutsche-schule.eu\/es\/wp-json\/wp\/v2\/pages\/1979\/revisions"}],"predecessor-version":[{"id":44371,"href":"https:\/\/staging.dst.deutsche-schule.eu\/es\/wp-json\/wp\/v2\/pages\/1979\/revisions\/44371"}],"up":[{"embeddable":true,"href":"https:\/\/staging.dst.deutsche-schule.eu\/es\/wp-json\/wp\/v2\/pages\/1601"}],"wp:attachment":[{"href":"https:\/\/staging.dst.deutsche-schule.eu\/es\/wp-json\/wp\/v2\/media?parent=1979"}],"wp:term":[{"taxonomy":"schlagwortedst","embeddable":true,"href":"https:\/\/staging.dst.deutsche-schule.eu\/es\/wp-json\/wp\/v2\/schlagwortedst?post=1979"}],"curies":[{"name":"wp","href":"https:\/\/api.w.org\/{rel}","templated":true}]}}