{"id":1953,"date":"2015-04-25T22:08:34","date_gmt":"2015-04-25T22:08:34","guid":{"rendered":"http:\/\/dstenerife.ducklingit.com\/?page_id=1953"},"modified":"2021-08-09T14:24:46","modified_gmt":"2021-08-09T14:24:46","slug":"libros-escolares","status":"publish","type":"page","link":"https:\/\/staging.dst.deutsche-schule.eu\/es\/servicios\/libros-escolares\/","title":{"rendered":"Libros escolares 2021\/22"},"content":{"rendered":"<p>En las listas de libros encontrar\u00e1n todo el material did\u00e1ctico introducido por los seminarios (libros, cuadernos, calculadora, etc.). Est\u00e1n clasificadas por curso y podr\u00e1n ser descargadas.<\/p>\n<p>Generalmente, los libros se compran a trav\u00e9s del colegio. El pedido se realiza de forma online a trav\u00e9s de la plataforma de <strong>Microsoft Forms<\/strong>. Para ello, utilicen los datos de acceso de sus hijos. Tambi\u00e9n pueden comprar los libros de texto por su cuenta. Tengan en cuenta que los libros espa\u00f1oles no se pueden pedir a trav\u00e9s del colegio y deben ser comprados por cuenta propia.<\/p>\n<p>Es importante que comprueben la lista cuidadosamente (\u00a1Por favor, comparen los\u00a0<strong>n\u00fameros de ISBN<\/strong>!), ya que\u00a0<strong>tendr\u00e1n<\/strong>\u00a0que comprar los libros que hayan pedidos equivocadamente,\u00a0<strong><u>no es posible<\/u><\/strong>\u00a0hacer pedidos posteriores ni devoluciones a trav\u00e9s del Colegio.<\/p>\n<p>Tengan en cuenta que algunos libros se utilizan durante dos o m\u00e1s a\u00f1os, por lo que su hijo\/a puede ya tener alguno de los libros que figuran en la lista para el pr\u00f3ximo curso.<\/p>\n<p>Por otra parte, tambi\u00e9n es importante que tengan en cuenta que algunos libros podr\u00edan haber publicado una nueva edici\u00f3n y no es posible utilizar las ediciones anteriores.<\/p>\n<p>Para el nuevo a\u00f1o escolar, algunos libros de los cursos 7-10 se comprar\u00e1n en formato digital (<strong>EBook<\/strong>) y sustituir\u00e1n a las ediciones impresas.<\/p>\n<p>Quisiera aclarar que el colegio no se responsabiliza de los pedidos no realizados ni de las compras incorrectas.<\/p>\n<h4>Listas de libros para el curso escolar 2021\/22:<\/h4>\n<table style=\"width: 98%;\">\n<tbody>\n<tr style=\"height: 22px;\">\n<td style=\"text-align: center; height: 22px; width: 100%;\" colspan=\"4\">\n<h6>Libros escolares alemanes<\/h6>\n<\/td>\n<\/tr>\n<tr style=\"background-color: #f89100; color: white;\">\n<th style=\"height: 22px; text-align: center; vertical-align: middle; width: 25%;\"><strong>Grundschule<\/strong><\/th>\n<th style=\"height: 22px; text-align: center; vertical-align: middle; width: 25%;\"><strong>Unterstufe<br \/>\n<\/strong><\/th>\n<th style=\"height: 22px; text-align: center; vertical-align: middle; width: 25%;\"><strong>Mittelstufe<br \/>\n<\/strong><\/th>\n<th style=\"height: 22px; text-align: center; vertical-align: middle; width: 25%;\"><strong>Oberstufe<br \/>\n<\/strong><\/th>\n<\/tr>\n<tr style=\"height: 22px;\">\n<td style=\"height: 22px; text-align: center; vertical-align: middle; width: 25%;\"><a href=\"http:\/\/www.dstenerife.eu\/wp-content\/uploads\/2021\/07\/B\u00fccherliste_Libros-escolares-G1-2021-22.pdf\" rel=\"noopener noreferrer\">G1<\/a><\/td>\n<td style=\"height: 22px; text-align: center; vertical-align: middle; width: 25%;\"><a href=\"http:\/\/www.dstenerife.eu\/wp-content\/uploads\/2021\/06\/5-SPAN.pdf\" rel=\"noopener noreferrer\">5<\/a><\/td>\n<td style=\"height: 22px; text-align: center; vertical-align: middle; width: 25%;\"><a href=\"http:\/\/www.dstenerife.eu\/wp-content\/uploads\/2021\/06\/B\u00fccherliste_Libros-escolares-Klasse-7-2021-22.pdf\" rel=\"noopener noreferrer\">7<\/a><\/td>\n<td style=\"height: 22px; text-align: center; vertical-align: middle; width: 25%;\"><a href=\"http:\/\/www.dstenerife.eu\/wp-content\/uploads\/2021\/06\/B\u00fccherliste_Libros-escolares-Klasse-11-2021-22.pdf\" rel=\"noopener noreferrer\">11<\/a><\/td>\n<\/tr>\n<tr style=\"height: 22px;\">\n<td style=\"height: 22px; width: 25%; text-align: center; vertical-align: middle;\"><a href=\"http:\/\/www.dstenerife.eu\/wp-content\/uploads\/2021\/06\/B\u00fccherliste_Libros-escolares-G2-2021-22.pdf\" rel=\"noopener noreferrer\">G2<\/a><\/td>\n<td style=\"width: 25%; height: 22px; text-align: center; vertical-align: middle;\"><a href=\"http:\/\/www.dstenerife.eu\/wp-content\/uploads\/2021\/06\/B\u00fccherliste_Libros-escolares-Klasse-6-2021-22.pdf\" rel=\"noopener noreferrer\">6<\/a><\/td>\n<td style=\"width: 25%; height: 22px; text-align: center; vertical-align: middle;\"><a href=\"http:\/\/www.dstenerife.eu\/wp-content\/uploads\/2021\/06\/B\u00fccherliste_Libros-escolares-Klasse-8-2021-22.pdf\" rel=\"noopener noreferrer\">8<\/a><\/td>\n<td style=\"width: 25%; height: 22px; text-align: center; vertical-align: middle;\"><a href=\"http:\/\/www.dstenerife.eu\/wp-content\/uploads\/2021\/06\/B\u00fccherliste_Libros-escolares-Klasse-12-2021-22.pdf\" rel=\"noopener noreferrer\">12<\/a><\/td>\n<\/tr>\n<tr style=\"height: 22px;\">\n<td style=\"height: 22px; width: 25%; text-align: center; vertical-align: middle;\"><a href=\"http:\/\/www.dstenerife.eu\/wp-content\/uploads\/2021\/06\/B\u00fccherliste_Libros-escolares-G3-2021-22.pdf\" rel=\"noopener noreferrer\">G3<\/a><\/td>\n<td style=\"width: 25%; height: 22px; text-align: center; vertical-align: middle;\"><\/td>\n<td style=\"width: 25%; height: 22px; text-align: center; vertical-align: middle;\"><a href=\"http:\/\/www.dstenerife.eu\/wp-content\/uploads\/2021\/06\/B\u00fccherliste_Libros-escolares-Klasse-9-2021-22.pdf\" rel=\"noopener noreferrer\">9<\/a><\/td>\n<td style=\"width: 25%; height: 22px; text-align: center; vertical-align: middle;\"><\/td>\n<\/tr>\n<tr style=\"height: 22px;\">\n<td style=\"height: 22px; width: 25%; text-align: center; vertical-align: middle;\"><a href=\"http:\/\/www.dstenerife.eu\/wp-content\/uploads\/2021\/06\/B\u00fccherliste_Libros-escolares-G4-2021-22.pdf\" rel=\"noopener noreferrer\">G4<\/a><\/td>\n<td style=\"width: 25%; height: 22px; text-align: center; vertical-align: middle;\"><\/td>\n<td style=\"width: 25%; height: 22px; text-align: center; vertical-align: middle;\"><a href=\"http:\/\/www.dstenerife.eu\/wp-content\/uploads\/2021\/06\/B\u00fccherliste_Libros-escolares-Klasse-10-2021-22.pdf\" rel=\"noopener noreferrer\">10<\/a><\/td>\n<td style=\"width: 25%; height: 22px; text-align: center; vertical-align: middle;\"><\/td>\n<\/tr>\n<tr style=\"height: 22px;\">\n<td style=\"text-align: center; height: 22px; width: 100%; vertical-align: middle;\" colspan=\"4\">\n<h6>Libros escolares espa\u00f1oles<\/h6>\n<\/td>\n<\/tr>\n<tr style=\"height: 22px;\">\n<td style=\"height: 22px; width: 25%; text-align: center; vertical-align: middle;\"><a href=\"http:\/\/www.dstenerife.eu\/wp-content\/uploads\/2021\/06\/Spanische-B\u00fccher_Libros-espa\u00f1oles-G1-2021-22.pdf\" rel=\"noopener noreferrer\">G1<\/a><\/td>\n<td style=\"width: 25%; height: 22px; text-align: center; vertical-align: middle;\"><a href=\"http:\/\/www.dstenerife.eu\/wp-content\/uploads\/2021\/06\/5-SPAN.pdf\" rel=\"noopener noreferrer\">5<\/a><\/td>\n<td style=\"width: 25%; height: 22px; text-align: center; vertical-align: middle;\"><a href=\"http:\/\/www.dstenerife.eu\/wp-content\/uploads\/2021\/06\/Spanische-B\u00fccher_Libros-espa\u00f1oles-7-2021-22.pdf\" rel=\"noopener noreferrer\">7<\/a><\/td>\n<td style=\"width: 25%; height: 22px; text-align: center; vertical-align: middle;\"><a href=\"http:\/\/www.dstenerife.eu\/wp-content\/uploads\/2021\/06\/Spanische-B\u00fccher_Libros-espa\u00f1oles-11-2021-22.pdf\" rel=\"noopener noreferrer\">11<\/a><\/td>\n<\/tr>\n<tr style=\"height: 22px;\">\n<td style=\"height: 29px; width: 25%; text-align: center; vertical-align: middle;\"><a href=\"http:\/\/www.dstenerife.eu\/wp-content\/uploads\/2021\/06\/Spanische-B\u00fccher_Libros-espa\u00f1oles-G2-2021-22.pdf\" rel=\"noopener noreferrer\">G2<\/a><\/td>\n<td style=\"width: 25%; height: 29px; text-align: center; vertical-align: middle;\"><a href=\"http:\/\/www.dstenerife.eu\/wp-content\/uploads\/2021\/06\/Spanische-B\u00fccher_Libros-espa\u00f1oles-6-2021-22.pdf\" rel=\"noopener noreferrer\">6<\/a><\/td>\n<td style=\"width: 25%; height: 29px; text-align: center; vertical-align: middle;\"><a href=\"http:\/\/www.dstenerife.eu\/wp-content\/uploads\/2021\/06\/Spanische-B\u00fccher_Libros-espa\u00f1oles-8-2021-22.pdf\" rel=\"noopener noreferrer\">8<\/a><\/td>\n<td style=\"width: 25%; height: 29px; text-align: center; vertical-align: middle;\"><a href=\"http:\/\/www.dstenerife.eu\/wp-content\/uploads\/2021\/06\/Spanische-B\u00fccher_Libros-espa\u00f1oles-12-2021-22.pdf\" rel=\"noopener noreferrer\">12<\/a><\/td>\n<\/tr>\n<tr style=\"height: 22px;\">\n<td style=\"height: 22px; width: 25%; text-align: center; vertical-align: middle;\"><a href=\"http:\/\/www.dstenerife.eu\/wp-content\/uploads\/2021\/06\/Spanische-B\u00fccher_Libros-espa\u00f1oles-G3-2021-22.pdf\" rel=\"noopener noreferrer\">G3<\/a><\/td>\n<td style=\"width: 25%; height: 22px; text-align: center; vertical-align: middle;\"><\/td>\n<td style=\"width: 25%; height: 22px; text-align: center; vertical-align: middle;\"><a href=\"http:\/\/www.dstenerife.eu\/wp-content\/uploads\/2021\/06\/Spanische-B\u00fccher_Libros-espa\u00f1oles-9-2021-22.pdf\" rel=\"noopener noreferrer\">9<\/a><\/td>\n<td style=\"width: 25%; height: 22px; text-align: center; vertical-align: middle;\"><\/td>\n<\/tr>\n<tr style=\"height: 22px;\">\n<td style=\"height: 22px; width: 25%; text-align: center; vertical-align: middle;\"><a href=\"http:\/\/www.dstenerife.eu\/wp-content\/uploads\/2021\/06\/Spanische-B\u00fccher_Libros-espa\u00f1oles-G4-2021-22.pdf\" rel=\"noopener noreferrer\">G4<\/a><\/td>\n<td style=\"width: 25%; height: 22px; text-align: center; vertical-align: middle;\"><\/td>\n<td style=\"width: 25%; height: 22px; text-align: center; vertical-align: middle;\"><a href=\"http:\/\/www.dstenerife.eu\/wp-content\/uploads\/2021\/06\/Spanische-B\u00fccher_Libros-espa\u00f1oles-10-2021-22.pdf\" rel=\"noopener noreferrer\">10<\/a><\/td>\n<td style=\"width: 25%; height: 22px; text-align: center; vertical-align: middle;\"><\/td>\n<\/tr>\n<\/tbody>\n<\/table>\n","protected":false},"excerpt":{"rendered":"<p>En las listas de libros encontrar\u00e1n todo el material did\u00e1ctico introducido por los seminarios (libros, cuadernos, [&hellip;]<\/p>\n","protected":false},"author":10,"featured_media":17878,"parent":1939,"menu_order":5,"comment_status":"closed","ping_status":"closed","template":"","meta":{"site-sidebar-layout":"default","site-content-layout":"default","ast-site-content-layout":"default","site-content-style":"default","site-sidebar-style":"default","ast-global-header-display":"","ast-banner-title-visibility":"","ast-main-header-display":"","ast-hfb-above-header-display":"","ast-hfb-below-header-display":"","ast-hfb-mobile-header-display":"","site-post-title":"","ast-breadcrumbs-content":"","ast-featured-img":"","footer-sml-layout":"","ast-disable-related-posts":"","theme-transparent-header-meta":"default","adv-header-id-meta":"","stick-header-meta":"default","header-above-stick-meta":"","header-main-stick-meta":"","header-below-stick-meta":"","astra-migrate-meta-layouts":"default","ast-page-background-enabled":"default","ast-page-background-meta":{"desktop":{"background-color":"","background-image":"","background-repeat":"repeat","background-position":"center center","background-size":"auto","background-attachment":"scroll","background-type":"","background-media":"","overlay-type":"","overlay-color":"","overlay-opacity":"","overlay-gradient":""},"tablet":{"background-color":"","background-image":"","background-repeat":"repeat","background-position":"center center","background-size":"auto","background-attachment":"scroll","background-type":"","background-media":"","overlay-type":"","overlay-color":"","overlay-opacity":"","overlay-gradient":""},"mobile":{"background-color":"","background-image":"","background-repeat":"repeat","background-position":"center center","background-size":"auto","background-attachment":"scroll","background-type":"","background-media":"","overlay-type":"","overlay-color":"","overlay-opacity":"","overlay-gradient":""}},"ast-content-background-meta":{"desktop":{"background-color":"var(--ast-global-color-5)","background-image":"","background-repeat":"repeat","background-position":"center center","background-size":"auto","background-attachment":"scroll","background-type":"","background-media":"","overlay-type":"","overlay-color":"","overlay-opacity":"","overlay-gradient":""},"tablet":{"background-color":"var(--ast-global-color-5)","background-image":"","background-repeat":"repeat","background-position":"center center","background-size":"auto","background-attachment":"scroll","background-type":"","background-media":"","overlay-type":"","overlay-color":"","overlay-opacity":"","overlay-gradient":""},"mobile":{"background-color":"var(--ast-global-color-5)","background-image":"","background-repeat":"repeat","background-position":"center center","background-size":"auto","background-attachment":"scroll","background-type":"","background-media":"","overlay-type":"","overlay-color":"","overlay-opacity":"","overlay-gradient":""}},"_jet_sm_ready_style":"","_jet_sm_style":"","_jet_sm_controls_values":"","_jet_sm_fonts_collection":"","_jet_sm_fonts_links":"","footnotes":""},"schlagwortedst":[152],"class_list":["post-1953","page","type-page","status-publish","has-post-thumbnail","hentry","schlagwortedst-sideservice"],"_links":{"self":[{"href":"https:\/\/staging.dst.deutsche-schule.eu\/es\/wp-json\/wp\/v2\/pages\/1953","targetHints":{"allow":["GET"]}}],"collection":[{"href":"https:\/\/staging.dst.deutsche-schule.eu\/es\/wp-json\/wp\/v2\/pages"}],"about":[{"href":"https:\/\/staging.dst.deutsche-schule.eu\/es\/wp-json\/wp\/v2\/types\/page"}],"author":[{"embeddable":true,"href":"https:\/\/staging.dst.deutsche-schule.eu\/es\/wp-json\/wp\/v2\/users\/10"}],"replies":[{"embeddable":true,"href":"https:\/\/staging.dst.deutsche-schule.eu\/es\/wp-json\/wp\/v2\/comments?post=1953"}],"version-history":[{"count":8,"href":"https:\/\/staging.dst.deutsche-schule.eu\/es\/wp-json\/wp\/v2\/pages\/1953\/revisions"}],"predecessor-version":[{"id":45147,"href":"https:\/\/staging.dst.deutsche-schule.eu\/es\/wp-json\/wp\/v2\/pages\/1953\/revisions\/45147"}],"up":[{"embeddable":true,"href":"https:\/\/staging.dst.deutsche-schule.eu\/es\/wp-json\/wp\/v2\/pages\/1939"}],"wp:featuredmedia":[{"embeddable":true,"href":"https:\/\/staging.dst.deutsche-schule.eu\/es\/wp-json\/wp\/v2\/media\/17878"}],"wp:attachment":[{"href":"https:\/\/staging.dst.deutsche-schule.eu\/es\/wp-json\/wp\/v2\/media?parent=1953"}],"wp:term":[{"taxonomy":"schlagwortedst","embeddable":true,"href":"https:\/\/staging.dst.deutsche-schule.eu\/es\/wp-json\/wp\/v2\/schlagwortedst?post=1953"}],"curies":[{"name":"wp","href":"https:\/\/api.w.org\/{rel}","templated":true}]}}