{"id":1950,"date":"2015-04-25T22:07:22","date_gmt":"2015-04-25T22:07:22","guid":{"rendered":"http:\/\/dstenerife.ducklingit.com\/?page_id=1950"},"modified":"2021-08-07T09:43:02","modified_gmt":"2021-08-07T09:43:02","slug":"reglamentos","status":"publish","type":"page","link":"https:\/\/staging.dst.deutsche-schule.eu\/es\/colegio\/reglamentos\/","title":{"rendered":"Reglamentos"},"content":{"rendered":"<p>El cumplimiento de las normas de comportamiento y comunicaci\u00f3n son condiciones b\u00e1sicas para el trabajo en el aula y para una exitosa vida escolar.<\/p>\n<p>Aqu\u00ed podr\u00e1n encontrar una compilaci\u00f3n de las reglas y reglamentos vigentes:<\/p>\n<ul>\n<li><a href=\"http:\/\/www.dstenerife.eu\/wp-content\/uploads\/2021\/06\/Reglamento-escolar-final_17062021_esp_publicado.pdf\" rel=\"noopener noreferrer\">Reglamento Escolar 2020\/21<\/a><\/li>\n<li><a href=\"https:\/\/stage.dst.deutsche-schule.eu\/wp-content\/uploads\/2015\/04\/versetzungsordnung_2015es.pdf\">Reglamento de notas y de paso de curso\u00a0<\/a><\/li>\n<li><a href=\"https:\/\/stage.dst.deutsche-schule.eu\/wp-content\/uploads\/2019\/11\/Hausordnung-neu_Oktober-2019_final_e.docx-4.pdf\" rel=\"noopener noreferrer\">Reglamento Interno 2019\/2020\u00a0<\/a><\/li>\n<li><a href=\"https:\/\/stage.dst.deutsche-schule.eu\/wp-content\/uploads\/2015\/04\/Satzung-der-Sch%C3%BClervertretung-DST-2016.pdf\">Reglamento de Representantes de alumnos<\/a><\/li>\n<li><a href=\"https:\/\/stage.dst.deutsche-schule.eu\/wp-content\/uploads\/2015\/07\/NO-Elektronische-Geraete.pdf\" rel=\"noopener noreferrer\">Reglamento de uso para aparatos electr\u00f3nicos<\/a><a href=\"https:\/\/stage.dst.deutsche-schule.eu\/wp-content\/uploads\/2015\/04\/Elektronische-Ger\u00e4te-Aparatos-electr\u00f3nicos-2012.pdf\">\u00a0<\/a><\/li>\n<li><a href=\"https:\/\/stage.dst.deutsche-schule.eu\/wp-content\/uploads\/2015\/04\/Mensa-Comedor_2012.pdf\" rel=\"noopener noreferrer\">Reglamento del Comedor<\/a><\/li>\n<li><a href=\"https:\/\/stage.dst.deutsche-schule.eu\/wp-content\/uploads\/2015\/10\/NO-Sporthallen.pdf\" rel=\"noopener noreferrer\">Reglamento de uso para el polideportivo<\/a><\/li>\n<li><a href=\"https:\/\/stage.dst.deutsche-schule.eu\/wp-content\/uploads\/2015\/10\/NO-naturwissenschaftliche-Raeume.pdf\">Reglamento de \u00e1reas cient\u00edficas<\/a><\/li>\n<li><a href=\"https:\/\/stage.dst.deutsche-schule.eu\/wp-content\/uploads\/2015\/10\/NO-Aula.pdf\" rel=\"noopener noreferrer\">Normas para el uso del Sal\u00f3n de Actos<\/a><\/li>\n<li><a href=\"https:\/\/stage.dst.deutsche-schule.eu\/wp-content\/uploads\/2015\/06\/Bibliotheksregeln-Verhaltensregeln-Regeln-Bibliothek.pdf\" rel=\"noopener noreferrer\">Normas de la Biblioteca<\/a><\/li>\n<li><a href=\"https:\/\/stage.dst.deutsche-schule.eu\/wp-content\/uploads\/2015\/10\/NO-Computereinrichtungen.pdf\" rel=\"noopener noreferrer\">Reglamento de las are\u00e1s informaticas<\/a><\/li>\n<\/ul>\n","protected":false},"excerpt":{"rendered":"<p>El cumplimiento de las normas de comportamiento y comunicaci\u00f3n son condiciones b\u00e1sicas para el trabajo en [&hellip;]<\/p>\n","protected":false},"author":10,"featured_media":1781,"parent":902,"menu_order":5,"comment_status":"closed","ping_status":"closed","template":"","meta":{"site-sidebar-layout":"default","site-content-layout":"default","ast-site-content-layout":"default","site-content-style":"default","site-sidebar-style":"default","ast-global-header-display":"","ast-banner-title-visibility":"","ast-main-header-display":"","ast-hfb-above-header-display":"","ast-hfb-below-header-display":"","ast-hfb-mobile-header-display":"","site-post-title":"","ast-breadcrumbs-content":"","ast-featured-img":"","footer-sml-layout":"","ast-disable-related-posts":"","theme-transparent-header-meta":"default","adv-header-id-meta":"","stick-header-meta":"default","header-above-stick-meta":"","header-main-stick-meta":"","header-below-stick-meta":"","astra-migrate-meta-layouts":"default","ast-page-background-enabled":"default","ast-page-background-meta":{"desktop":{"background-color":"","background-image":"","background-repeat":"repeat","background-position":"center center","background-size":"auto","background-attachment":"scroll","background-type":"","background-media":"","overlay-type":"","overlay-color":"","overlay-opacity":"","overlay-gradient":""},"tablet":{"background-color":"","background-image":"","background-repeat":"repeat","background-position":"center center","background-size":"auto","background-attachment":"scroll","background-type":"","background-media":"","overlay-type":"","overlay-color":"","overlay-opacity":"","overlay-gradient":""},"mobile":{"background-color":"","background-image":"","background-repeat":"repeat","background-position":"center center","background-size":"auto","background-attachment":"scroll","background-type":"","background-media":"","overlay-type":"","overlay-color":"","overlay-opacity":"","overlay-gradient":""}},"ast-content-background-meta":{"desktop":{"background-color":"var(--ast-global-color-5)","background-image":"","background-repeat":"repeat","background-position":"center center","background-size":"auto","background-attachment":"scroll","background-type":"","background-media":"","overlay-type":"","overlay-color":"","overlay-opacity":"","overlay-gradient":""},"tablet":{"background-color":"var(--ast-global-color-5)","background-image":"","background-repeat":"repeat","background-position":"center center","background-size":"auto","background-attachment":"scroll","background-type":"","background-media":"","overlay-type":"","overlay-color":"","overlay-opacity":"","overlay-gradient":""},"mobile":{"background-color":"var(--ast-global-color-5)","background-image":"","background-repeat":"repeat","background-position":"center center","background-size":"auto","background-attachment":"scroll","background-type":"","background-media":"","overlay-type":"","overlay-color":"","overlay-opacity":"","overlay-gradient":""}},"_jet_sm_ready_style":"","_jet_sm_style":"","_jet_sm_controls_values":"","_jet_sm_fonts_collection":"","_jet_sm_fonts_links":"","footnotes":""},"schlagwortedst":[153],"class_list":["post-1950","page","type-page","status-publish","has-post-thumbnail","hentry","schlagwortedst-sideschule"],"_links":{"self":[{"href":"https:\/\/staging.dst.deutsche-schule.eu\/es\/wp-json\/wp\/v2\/pages\/1950","targetHints":{"allow":["GET"]}}],"collection":[{"href":"https:\/\/staging.dst.deutsche-schule.eu\/es\/wp-json\/wp\/v2\/pages"}],"about":[{"href":"https:\/\/staging.dst.deutsche-schule.eu\/es\/wp-json\/wp\/v2\/types\/page"}],"author":[{"embeddable":true,"href":"https:\/\/staging.dst.deutsche-schule.eu\/es\/wp-json\/wp\/v2\/users\/10"}],"replies":[{"embeddable":true,"href":"https:\/\/staging.dst.deutsche-schule.eu\/es\/wp-json\/wp\/v2\/comments?post=1950"}],"version-history":[{"count":4,"href":"https:\/\/staging.dst.deutsche-schule.eu\/es\/wp-json\/wp\/v2\/pages\/1950\/revisions"}],"predecessor-version":[{"id":44446,"href":"https:\/\/staging.dst.deutsche-schule.eu\/es\/wp-json\/wp\/v2\/pages\/1950\/revisions\/44446"}],"up":[{"embeddable":true,"href":"https:\/\/staging.dst.deutsche-schule.eu\/es\/wp-json\/wp\/v2\/pages\/902"}],"wp:featuredmedia":[{"embeddable":true,"href":"https:\/\/staging.dst.deutsche-schule.eu\/es\/wp-json\/wp\/v2\/media\/1781"}],"wp:attachment":[{"href":"https:\/\/staging.dst.deutsche-schule.eu\/es\/wp-json\/wp\/v2\/media?parent=1950"}],"wp:term":[{"taxonomy":"schlagwortedst","embeddable":true,"href":"https:\/\/staging.dst.deutsche-schule.eu\/es\/wp-json\/wp\/v2\/schlagwortedst?post=1950"}],"curies":[{"name":"wp","href":"https:\/\/api.w.org\/{rel}","templated":true}]}}