{"id":1948,"date":"2015-04-25T22:07:52","date_gmt":"2015-04-25T22:07:52","guid":{"rendered":"http:\/\/dstenerife.ducklingit.com\/?page_id=1948"},"modified":"2021-08-07T10:57:56","modified_gmt":"2021-08-07T10:57:56","slug":"formularios","status":"publish","type":"page","link":"https:\/\/staging.dst.deutsche-schule.eu\/es\/servicios\/formularios\/","title":{"rendered":"Formularios"},"content":{"rendered":"<p>En esta p\u00e1gina podr\u00e1n encontrar los formularios como documentos PDF, que tendr\u00e1n que ser impresos y firmados.<strong><br \/>\n<a href=\"https:\/\/stage.dst.deutsche-schule.eu\/es\/servicios\/circulares\/\" target=\"_blank\" rel=\"noopener noreferrer\">Cartas actuales<\/a><\/strong><\/p>\n<p><strong>Admisi\u00f3n a la Guarder\u00eda, Kindergarten y Colegio<\/strong><\/p>\n<ul>\n<li><a href=\"https:\/\/stage.dst.deutsche-schule.eu\/wp-content\/uploads\/2019\/11\/Anmeldeformular-2020.pdf\" target=\"_blank\" rel=\"noopener noreferrer\">Hoja de inscripci\u00f3n 2020<\/a><\/li>\n<li><a href=\"https:\/\/stage.dst.deutsche-schule.eu\/wp-content\/uploads\/2018\/03\/Formulario-Banco-Sepa.pdf\" target=\"_blank\" rel=\"noopener noreferrer\">Condiciones de admisi\u00f3n y pagos<\/a><\/li>\n<li><a href=\"https:\/\/stage.dst.deutsche-schule.eu\/wp-content\/uploads\/2017\/11\/Ver\u00f6ffentlichung-von-Fotos-bzw-Videos_2017.pdf\" target=\"_blank\" rel=\"noopener noreferrer\">Publicaci\u00f3n de fotograf\u00edas y v\u00eddeos<\/a><\/li>\n<li type=\"_moz\"><a href=\"https:\/\/stage.dst.deutsche-schule.eu\/wp-content\/uploads\/2020\/06\/20200529-Formulario-Beca-2020-21.pdf\" target=\"_blank\" rel=\"noopener noreferrer\">Formulario para beca escolar<\/a><\/li>\n<\/ul>\n<p><strong>Ese\u00f1anza, justificante de ausencia<\/strong><\/p>\n<ul>\n<li><a href=\"https:\/\/stage.dst.deutsche-schule.eu\/wp-content\/uploads\/2020\/10\/Autorizaci\u00f3n-recogida.pdf\" target=\"_blank\" rel=\"noopener noreferrer\">Autorizaci\u00f3n recogida (2020\/2021)<\/a><\/li>\n<li><a href=\"https:\/\/stage.dst.deutsche-schule.eu\/wp-content\/uploads\/2019\/09\/Entschuldigungsformular1-10_20192020.pdf\" target=\"_blank\" rel=\"noopener noreferrer\">Justificante de ausencia<\/a> (clases 1-10)<\/li>\n<li><a href=\"https:\/\/stage.dst.deutsche-schule.eu\/wp-content\/uploads\/2019\/09\/Entschuldigungsformular-Oberstufe-Esp.pdf\" target=\"_blank\" rel=\"noopener noreferrer\">Justificante de ausencia <\/a>(clases 11-12)<\/li>\n<li><a href=\"https:\/\/stage.dst.deutsche-schule.eu\/wp-content\/uploads\/2019\/03\/KurzdokuPF5_Formular.docx\" target=\"_blank\" rel=\"noopener noreferrer\">Breve presentaci\u00f3n PF5 <\/a>(clase 12)<\/li>\n<li><a href=\"https:\/\/stage.dst.deutsche-schule.eu\/wp-content\/uploads\/2019\/09\/Antrag_Beurlaubung_Sch\u00fcler.pdf\" target=\"_blank\" rel=\"noopener noreferrer\">Solicitud de permiso ausencia 2020\/21<\/a><\/li>\n<li><a href=\"https:\/\/stage.dst.deutsche-schule.eu\/wp-content\/uploads\/2015\/04\/Wahl-Religion-Ethik_Klasse-1.pdf\" target=\"_blank\" rel=\"noopener noreferrer\">Opci\u00f3n Religi\u00f3n y \u00c9tica <\/a>(clase 1)<\/li>\n<li><a href=\"https:\/\/stage.dst.deutsche-schule.eu\/wp-content\/uploads\/2015\/04\/Wahl-Religion-Ethik.pdf\" target=\"_blank\" rel=\"noopener noreferrer\">Opciones Religi\u00f3n y \u00c9tica <\/a>(clase 5)<\/li>\n<\/ul>\n<p><strong>Comedor<\/strong><\/p>\n<ul>\n<li><a href=\"https:\/\/stage.dst.deutsche-schule.eu\/wp-content\/uploads\/2015\/04\/inscripcion_comedor.pdf\">Inscripci\u00f3n comedor<\/a><\/li>\n<\/ul>\n<p><strong>Asociaci\u00f3n<\/strong><\/p>\n<ul>\n<li><a href=\"https:\/\/stage.dst.deutsche-schule.eu\/wp-content\/uploads\/2019\/11\/AUFNAHMEANTRAG.pdf\" target=\"_blank\" rel=\"noopener noreferrer\">Solicitud de admisi\u00f3n a la Asociaci\u00f3n 2019<\/a><\/li>\n<li><a href=\"https:\/\/stage.dst.deutsche-schule.eu\/wp-content\/uploads\/2015\/04\/Delegaci\u00f3n-de-voto-para-la-Asamblea-General.pdf\" target=\"_blank\" rel=\"noopener noreferrer\">Poder<\/a>\u00a0(para la representaci\u00f3n de un miembro en la Asamblea General)<\/li>\n<\/ul>\n<p><strong>Exalumnos<\/strong><\/p>\n<ul>\n<li><a href=\"https:\/\/stage.dst.deutsche-schule.eu\/wp-content\/uploads\/2015\/04\/anmeldungexalumnos_alumniverein_dstenerife.pdf\">Inscripci\u00f3n a la Asociaci\u00f3n de antiguos alumnos<\/a>\u00a0y <a href=\"https:\/\/stage.dst.deutsche-schule.eu\/wp-content\/uploads\/2015\/07\/1911060052-CL-EXALUMNOS.docx\">Protecci\u00f3n de datos antiguos alumnos<\/a>.<\/li>\n<\/ul>\n<p><strong>Convenio de Cooperaci\u00f3n Educativa<\/strong><\/p>\n<ul>\n<li>Convenio de Cooperaci\u00f3n Educativa (espa\u00f1ol)<\/li>\n<li>Convenio de Cooperaci\u00f3n Educativa (alem\u00e1n)<\/li>\n<\/ul>\n<p><strong>Plantillas<\/strong><\/p>\n<ul>\n<li><a href=\"https:\/\/stage.dst.deutsche-schule.eu\/wp-content\/uploads\/2015\/04\/oriolus_papiere.pdf\">Plantillas para imprimir para m\u00fasica, papel cuadriculado, papel especial, &#8230;<\/a><\/li>\n<\/ul>\n<p>&nbsp;<\/p>\n","protected":false},"excerpt":{"rendered":"<p>En esta p\u00e1gina podr\u00e1n encontrar los formularios como documentos PDF, que tendr\u00e1n que ser impresos y [&hellip;]<\/p>\n","protected":false},"author":10,"featured_media":44477,"parent":1939,"menu_order":4,"comment_status":"closed","ping_status":"closed","template":"","meta":{"site-sidebar-layout":"default","site-content-layout":"default","ast-site-content-layout":"default","site-content-style":"default","site-sidebar-style":"default","ast-global-header-display":"","ast-banner-title-visibility":"","ast-main-header-display":"","ast-hfb-above-header-display":"","ast-hfb-below-header-display":"","ast-hfb-mobile-header-display":"","site-post-title":"","ast-breadcrumbs-content":"","ast-featured-img":"","footer-sml-layout":"","ast-disable-related-posts":"","theme-transparent-header-meta":"default","adv-header-id-meta":"","stick-header-meta":"default","header-above-stick-meta":"","header-main-stick-meta":"","header-below-stick-meta":"","astra-migrate-meta-layouts":"default","ast-page-background-enabled":"default","ast-page-background-meta":{"desktop":{"background-color":"","background-image":"","background-repeat":"repeat","background-position":"center center","background-size":"auto","background-attachment":"scroll","background-type":"","background-media":"","overlay-type":"","overlay-color":"","overlay-opacity":"","overlay-gradient":""},"tablet":{"background-color":"","background-image":"","background-repeat":"repeat","background-position":"center center","background-size":"auto","background-attachment":"scroll","background-type":"","background-media":"","overlay-type":"","overlay-color":"","overlay-opacity":"","overlay-gradient":""},"mobile":{"background-color":"","background-image":"","background-repeat":"repeat","background-position":"center center","background-size":"auto","background-attachment":"scroll","background-type":"","background-media":"","overlay-type":"","overlay-color":"","overlay-opacity":"","overlay-gradient":""}},"ast-content-background-meta":{"desktop":{"background-color":"var(--ast-global-color-5)","background-image":"","background-repeat":"repeat","background-position":"center center","background-size":"auto","background-attachment":"scroll","background-type":"","background-media":"","overlay-type":"","overlay-color":"","overlay-opacity":"","overlay-gradient":""},"tablet":{"background-color":"var(--ast-global-color-5)","background-image":"","background-repeat":"repeat","background-position":"center center","background-size":"auto","background-attachment":"scroll","background-type":"","background-media":"","overlay-type":"","overlay-color":"","overlay-opacity":"","overlay-gradient":""},"mobile":{"background-color":"var(--ast-global-color-5)","background-image":"","background-repeat":"repeat","background-position":"center center","background-size":"auto","background-attachment":"scroll","background-type":"","background-media":"","overlay-type":"","overlay-color":"","overlay-opacity":"","overlay-gradient":""}},"_jet_sm_ready_style":"","_jet_sm_style":"","_jet_sm_controls_values":"","_jet_sm_fonts_collection":"","_jet_sm_fonts_links":"","footnotes":""},"schlagwortedst":[152],"class_list":["post-1948","page","type-page","status-publish","has-post-thumbnail","hentry","schlagwortedst-sideservice"],"_links":{"self":[{"href":"https:\/\/staging.dst.deutsche-schule.eu\/es\/wp-json\/wp\/v2\/pages\/1948","targetHints":{"allow":["GET"]}}],"collection":[{"href":"https:\/\/staging.dst.deutsche-schule.eu\/es\/wp-json\/wp\/v2\/pages"}],"about":[{"href":"https:\/\/staging.dst.deutsche-schule.eu\/es\/wp-json\/wp\/v2\/types\/page"}],"author":[{"embeddable":true,"href":"https:\/\/staging.dst.deutsche-schule.eu\/es\/wp-json\/wp\/v2\/users\/10"}],"replies":[{"embeddable":true,"href":"https:\/\/staging.dst.deutsche-schule.eu\/es\/wp-json\/wp\/v2\/comments?post=1948"}],"version-history":[{"count":1,"href":"https:\/\/staging.dst.deutsche-schule.eu\/es\/wp-json\/wp\/v2\/pages\/1948\/revisions"}],"predecessor-version":[{"id":42348,"href":"https:\/\/staging.dst.deutsche-schule.eu\/es\/wp-json\/wp\/v2\/pages\/1948\/revisions\/42348"}],"up":[{"embeddable":true,"href":"https:\/\/staging.dst.deutsche-schule.eu\/es\/wp-json\/wp\/v2\/pages\/1939"}],"wp:featuredmedia":[{"embeddable":true,"href":"https:\/\/staging.dst.deutsche-schule.eu\/es\/wp-json\/wp\/v2\/media\/44477"}],"wp:attachment":[{"href":"https:\/\/staging.dst.deutsche-schule.eu\/es\/wp-json\/wp\/v2\/media?parent=1948"}],"wp:term":[{"taxonomy":"schlagwortedst","embeddable":true,"href":"https:\/\/staging.dst.deutsche-schule.eu\/es\/wp-json\/wp\/v2\/schlagwortedst?post=1948"}],"curies":[{"name":"wp","href":"https:\/\/api.w.org\/{rel}","templated":true}]}}