{"id":1942,"date":"2015-04-25T22:04:57","date_gmt":"2015-04-25T22:04:57","guid":{"rendered":"http:\/\/dstenerife.ducklingit.com\/?page_id=1942"},"modified":"2021-07-16T15:02:53","modified_gmt":"2021-07-16T15:02:53","slug":"autobus-escolar","status":"publish","type":"page","link":"https:\/\/staging.dst.deutsche-schule.eu\/es\/servicios\/autobus-escolar\/","title":{"rendered":"Transporte escolar"},"content":{"rendered":"<p>El transporte escolar lo realiza la empresa Sierra y Gonz\u00e1lez.<\/p>\n<p>Podr\u00e1n encontrar informaci\u00f3n sobre las rutas, horarios, tel\u00e9fonos, inscripciones y baja de alumnos en la propia <a href=\"http:\/\/sierraygonzalez.es\/colegios.cfm?idioma=esp\" target=\"_blank\" rel=\"noopener noreferrer\">p\u00e1gina de la empresa<\/a>.<\/p>\n<p><a href=\"https:\/\/sierraygonzalez.es\/colegios.cfm?idioma=esp\"><img fetchpriority=\"high\" decoding=\"async\" class=\"alignnone wp-image-39982 size-full\" src=\"https:\/\/stage.dst.deutsche-schule.eu\/wp-content\/uploads\/2021\/05\/busempresa.jpg\" alt=\"\" width=\"500\" height=\"212\" srcset=\"https:\/\/staging.dst.deutsche-schule.eu\/wp-content\/uploads\/2021\/05\/busempresa.jpg 500w, https:\/\/staging.dst.deutsche-schule.eu\/wp-content\/uploads\/2021\/05\/busempresa-320x136.jpg 320w\" sizes=\"(max-width: 500px) 100vw, 500px\" \/><\/a><\/p>\n<p><em>Tel\u00e9fono para informaci\u00f3n de rutas y precios: <strong>677 915 605<br \/>\n<\/strong><\/em><em>Email: <strong><a href=\"mailto:lourdes@sierraygonzalez.es\">lourdes@sierraygonzalez.es<\/a><\/strong><\/em><\/p>\n<p><em>Atenci\u00f3n personalizada telef\u00f3nica en el siguiente horario:<br \/>\n<\/em><em>LUNES \u2013 VIERNES: 9:00 a 13:00 Hrs<\/em><\/p>\n<ul>\n<li><em><strong>Ruta\/Precio\/Horario <\/strong><a href=\"http:\/\/sierraygonzalez.es\/c_aleman\/Horarios.pdf\" target=\"_blank\" rel=\"noopener\"><strong>Consultar<\/strong><\/a> <sup>(PDF)<\/sup><\/em><\/li>\n<li><em><a href=\"http:\/\/sierraygonzalez.es\/solicitudtransporteCA.cfm\"> SOLICITUD ONLINE de transporte del COLEGIO ALEMAN<\/a><br \/>\n<\/em><\/li>\n<li><em>Autorizaci\u00f3n a Terceros <\/em><a href=\"http:\/\/sierraygonzalez.es\/c_aleman\/AUTORIZACIONES_TERCEROS_CA.pdf\" target=\"_blank\" rel=\"noopener\"><em>Descargar PDF<\/em><\/a><\/li>\n<\/ul>\n","protected":false},"excerpt":{"rendered":"<p>El transporte escolar lo realiza la empresa Sierra y Gonz\u00e1lez. Podr\u00e1n encontrar informaci\u00f3n sobre las rutas, [&hellip;]<\/p>\n","protected":false},"author":10,"featured_media":0,"parent":1939,"menu_order":3,"comment_status":"closed","ping_status":"closed","template":"","meta":{"site-sidebar-layout":"default","site-content-layout":"default","ast-site-content-layout":"default","site-content-style":"default","site-sidebar-style":"default","ast-global-header-display":"","ast-banner-title-visibility":"","ast-main-header-display":"","ast-hfb-above-header-display":"","ast-hfb-below-header-display":"","ast-hfb-mobile-header-display":"","site-post-title":"","ast-breadcrumbs-content":"","ast-featured-img":"","footer-sml-layout":"","ast-disable-related-posts":"","theme-transparent-header-meta":"default","adv-header-id-meta":"","stick-header-meta":"default","header-above-stick-meta":"","header-main-stick-meta":"","header-below-stick-meta":"","astra-migrate-meta-layouts":"default","ast-page-background-enabled":"default","ast-page-background-meta":{"desktop":{"background-color":"","background-image":"","background-repeat":"repeat","background-position":"center center","background-size":"auto","background-attachment":"scroll","background-type":"","background-media":"","overlay-type":"","overlay-color":"","overlay-opacity":"","overlay-gradient":""},"tablet":{"background-color":"","background-image":"","background-repeat":"repeat","background-position":"center center","background-size":"auto","background-attachment":"scroll","background-type":"","background-media":"","overlay-type":"","overlay-color":"","overlay-opacity":"","overlay-gradient":""},"mobile":{"background-color":"","background-image":"","background-repeat":"repeat","background-position":"center center","background-size":"auto","background-attachment":"scroll","background-type":"","background-media":"","overlay-type":"","overlay-color":"","overlay-opacity":"","overlay-gradient":""}},"ast-content-background-meta":{"desktop":{"background-color":"var(--ast-global-color-5)","background-image":"","background-repeat":"repeat","background-position":"center center","background-size":"auto","background-attachment":"scroll","background-type":"","background-media":"","overlay-type":"","overlay-color":"","overlay-opacity":"","overlay-gradient":""},"tablet":{"background-color":"var(--ast-global-color-5)","background-image":"","background-repeat":"repeat","background-position":"center center","background-size":"auto","background-attachment":"scroll","background-type":"","background-media":"","overlay-type":"","overlay-color":"","overlay-opacity":"","overlay-gradient":""},"mobile":{"background-color":"var(--ast-global-color-5)","background-image":"","background-repeat":"repeat","background-position":"center center","background-size":"auto","background-attachment":"scroll","background-type":"","background-media":"","overlay-type":"","overlay-color":"","overlay-opacity":"","overlay-gradient":""}},"_jet_sm_ready_style":"","_jet_sm_style":"","_jet_sm_controls_values":"","_jet_sm_fonts_collection":"","_jet_sm_fonts_links":"","footnotes":""},"schlagwortedst":[152],"class_list":["post-1942","page","type-page","status-publish","hentry","schlagwortedst-sideservice"],"_links":{"self":[{"href":"https:\/\/staging.dst.deutsche-schule.eu\/es\/wp-json\/wp\/v2\/pages\/1942","targetHints":{"allow":["GET"]}}],"collection":[{"href":"https:\/\/staging.dst.deutsche-schule.eu\/es\/wp-json\/wp\/v2\/pages"}],"about":[{"href":"https:\/\/staging.dst.deutsche-schule.eu\/es\/wp-json\/wp\/v2\/types\/page"}],"author":[{"embeddable":true,"href":"https:\/\/staging.dst.deutsche-schule.eu\/es\/wp-json\/wp\/v2\/users\/10"}],"replies":[{"embeddable":true,"href":"https:\/\/staging.dst.deutsche-schule.eu\/es\/wp-json\/wp\/v2\/comments?post=1942"}],"version-history":[{"count":1,"href":"https:\/\/staging.dst.deutsche-schule.eu\/es\/wp-json\/wp\/v2\/pages\/1942\/revisions"}],"predecessor-version":[{"id":39988,"href":"https:\/\/staging.dst.deutsche-schule.eu\/es\/wp-json\/wp\/v2\/pages\/1942\/revisions\/39988"}],"up":[{"embeddable":true,"href":"https:\/\/staging.dst.deutsche-schule.eu\/es\/wp-json\/wp\/v2\/pages\/1939"}],"wp:attachment":[{"href":"https:\/\/staging.dst.deutsche-schule.eu\/es\/wp-json\/wp\/v2\/media?parent=1942"}],"wp:term":[{"taxonomy":"schlagwortedst","embeddable":true,"href":"https:\/\/staging.dst.deutsche-schule.eu\/es\/wp-json\/wp\/v2\/schlagwortedst?post=1942"}],"curies":[{"name":"wp","href":"https:\/\/api.w.org\/{rel}","templated":true}]}}