{"id":19230,"date":"2015-07-06T22:37:44","date_gmt":"2015-07-06T22:37:44","guid":{"rendered":"https:\/\/stage.dst.deutsche-schule.eu\/?page_id=19230\/"},"modified":"2021-08-06T19:18:07","modified_gmt":"2021-08-06T19:18:07","slug":"ciencias-sociales-historia-aleman-y-historia-espanol","status":"publish","type":"page","link":"https:\/\/staging.dst.deutsche-schule.eu\/es\/secundaria-y-bachilerato\/asignaturas-secundaria\/ciencias-sociales-historia-aleman-y-historia-espanol\/","title":{"rendered":"Ciencias Sociales, Historia (alem\u00e1n) e Historia (espa\u00f1ol)"},"content":{"rendered":"<p>En el Colegio Alem\u00e1n Santa Cruz de Tenerife las asignaturas Ciencias Sociales, Historia (alem\u00e1n) y Historia (espa\u00f1ol) son obligatorias:<\/p>\n<ul>\n<li>Ciencias Sociales: clases 5 a 8 &#8211; en espa\u00f1ol &#8211; asignatura que contiene Geograf\u00eda, Historia y Ciencias Sociales<\/li>\n<\/ul>\n<ul>\n<li>Historia: clases 8-12, en alem\u00e1n.<\/li>\n<\/ul>\n<ul>\n<li>Historia: clases 9 a 12, en espa\u00f1ol.<\/li>\n<\/ul>\n<p><strong>Curriculums:<\/strong><\/p>\n<ul>\n<li style=\"list-style-type: none;\">\n<ul>\n<li><a href=\"https:\/\/stage.dst.deutsche-schule.eu\/wp-content\/uploads\/2021\/08\/DSTeneriffa_Schulcurriculum_Geschichte-2016_8_10.pdf\" target=\"_blank\" rel=\"noopener noreferrer\">Curriculum de Historia en alem\u00e1n para las clases 8 a 10<\/a><br \/>\n<a href=\"https:\/\/stage.dst.deutsche-schule.eu\/wp-content\/uploads\/2021\/08\/DSTeneriffa_Schulcurriculum_Geschichte-2016_8_10.pdf\" class=\"pdfemb-viewer\" style=\"width:340px;\" data-width=\"340\" data-height=\"max\" data-toolbar=\"bottom\" data-toolbar-fixed=\"on\">Curriculum de Historia en alem\u00e1n para las clases 8 a 10<\/a><\/li>\n<li><a href=\"https:\/\/stage.dst.deutsche-schule.eu\/wp-content\/uploads\/2021\/08\/DSTeneriffa_Schulcurriculum_Geschichte-2016_8_10.pdf\" target=\"_blank\" rel=\"noopener noreferrer\">Curriculum de Historia en alem\u00e1n para las clases 11 y 12<\/a><br \/>\n<a href=\"https:\/\/stage.dst.deutsche-schule.eu\/wp-content\/uploads\/2021\/08\/DSTeneriffa_Schulcurriculum_Geschichte_2016_Jgst11_12-1.pdf\" class=\"pdfemb-viewer\" style=\"width:340px;\" data-width=\"340\" data-height=\"max\" data-toolbar=\"bottom\" data-toolbar-fixed=\"on\">Curriculum de Historia en alem\u00e1n para las clases 11 y 12<\/a><\/li>\n<li><a href=\"https:\/\/stage.dst.deutsche-schule.eu\/wp-content\/uploads\/2015\/07\/2019Curr\u00edculo-regional-de-Ciencias-Sociales_Regi\u00f3n_10.pdf\">Curriculum de Historia de los colegios alemanes en Espa\u00f1a para las clases 5 a 12<\/a><br \/>\n<a href=\"https:\/\/stage.dst.deutsche-schule.eu\/wp-content\/uploads\/2015\/07\/2019Curr\u00edculo-regional-de-Ciencias-Sociales_Regi\u00f3n_10.pdf\" class=\"pdfemb-viewer\" style=\"width:340px;\" data-width=\"340\" data-height=\"max\" data-toolbar=\"bottom\" data-toolbar-fixed=\"on\">Curriculum de Historia de los colegios alemanes en Espa\u00f1a para las clases 5 a 12<\/a><\/li>\n<\/ul>\n<\/li>\n<\/ul>\n<div><\/div>\n","protected":false},"excerpt":{"rendered":"<p>En el Colegio Alem\u00e1n Santa Cruz de Tenerife las asignaturas Ciencias Sociales, Historia (alem\u00e1n) y Historia [&hellip;]<\/p>\n","protected":false},"author":10,"featured_media":0,"parent":1910,"menu_order":14,"comment_status":"closed","ping_status":"closed","template":"","meta":{"site-sidebar-layout":"default","site-content-layout":"default","ast-site-content-layout":"default","site-content-style":"default","site-sidebar-style":"default","ast-global-header-display":"","ast-banner-title-visibility":"","ast-main-header-display":"","ast-hfb-above-header-display":"","ast-hfb-below-header-display":"","ast-hfb-mobile-header-display":"","site-post-title":"","ast-breadcrumbs-content":"","ast-featured-img":"","footer-sml-layout":"","ast-disable-related-posts":"","theme-transparent-header-meta":"default","adv-header-id-meta":"","stick-header-meta":"default","header-above-stick-meta":"","header-main-stick-meta":"","header-below-stick-meta":"","astra-migrate-meta-layouts":"default","ast-page-background-enabled":"default","ast-page-background-meta":{"desktop":{"background-color":"","background-image":"","background-repeat":"repeat","background-position":"center center","background-size":"auto","background-attachment":"scroll","background-type":"","background-media":"","overlay-type":"","overlay-color":"","overlay-opacity":"","overlay-gradient":""},"tablet":{"background-color":"","background-image":"","background-repeat":"repeat","background-position":"center center","background-size":"auto","background-attachment":"scroll","background-type":"","background-media":"","overlay-type":"","overlay-color":"","overlay-opacity":"","overlay-gradient":""},"mobile":{"background-color":"","background-image":"","background-repeat":"repeat","background-position":"center center","background-size":"auto","background-attachment":"scroll","background-type":"","background-media":"","overlay-type":"","overlay-color":"","overlay-opacity":"","overlay-gradient":""}},"ast-content-background-meta":{"desktop":{"background-color":"var(--ast-global-color-5)","background-image":"","background-repeat":"repeat","background-position":"center center","background-size":"auto","background-attachment":"scroll","background-type":"","background-media":"","overlay-type":"","overlay-color":"","overlay-opacity":"","overlay-gradient":""},"tablet":{"background-color":"var(--ast-global-color-5)","background-image":"","background-repeat":"repeat","background-position":"center center","background-size":"auto","background-attachment":"scroll","background-type":"","background-media":"","overlay-type":"","overlay-color":"","overlay-opacity":"","overlay-gradient":""},"mobile":{"background-color":"var(--ast-global-color-5)","background-image":"","background-repeat":"repeat","background-position":"center center","background-size":"auto","background-attachment":"scroll","background-type":"","background-media":"","overlay-type":"","overlay-color":"","overlay-opacity":"","overlay-gradient":""}},"_jet_sm_ready_style":"","_jet_sm_style":"","_jet_sm_controls_values":"","_jet_sm_fonts_collection":"","_jet_sm_fonts_links":"","footnotes":""},"schlagwortedst":[151],"class_list":["post-19230","page","type-page","status-publish","hentry","schlagwortedst-sidesek"],"_links":{"self":[{"href":"https:\/\/staging.dst.deutsche-schule.eu\/es\/wp-json\/wp\/v2\/pages\/19230","targetHints":{"allow":["GET"]}}],"collection":[{"href":"https:\/\/staging.dst.deutsche-schule.eu\/es\/wp-json\/wp\/v2\/pages"}],"about":[{"href":"https:\/\/staging.dst.deutsche-schule.eu\/es\/wp-json\/wp\/v2\/types\/page"}],"author":[{"embeddable":true,"href":"https:\/\/staging.dst.deutsche-schule.eu\/es\/wp-json\/wp\/v2\/users\/10"}],"replies":[{"embeddable":true,"href":"https:\/\/staging.dst.deutsche-schule.eu\/es\/wp-json\/wp\/v2\/comments?post=19230"}],"version-history":[{"count":5,"href":"https:\/\/staging.dst.deutsche-schule.eu\/es\/wp-json\/wp\/v2\/pages\/19230\/revisions"}],"predecessor-version":[{"id":44342,"href":"https:\/\/staging.dst.deutsche-schule.eu\/es\/wp-json\/wp\/v2\/pages\/19230\/revisions\/44342"}],"up":[{"embeddable":true,"href":"https:\/\/staging.dst.deutsche-schule.eu\/es\/wp-json\/wp\/v2\/pages\/1910"}],"wp:attachment":[{"href":"https:\/\/staging.dst.deutsche-schule.eu\/es\/wp-json\/wp\/v2\/media?parent=19230"}],"wp:term":[{"taxonomy":"schlagwortedst","embeddable":true,"href":"https:\/\/staging.dst.deutsche-schule.eu\/es\/wp-json\/wp\/v2\/schlagwortedst?post=19230"}],"curies":[{"name":"wp","href":"https:\/\/api.w.org\/{rel}","templated":true}]}}