{"id":1913,"date":"2015-07-07T22:13:24","date_gmt":"2015-07-07T22:13:24","guid":{"rendered":"http:\/\/dstenerife.ducklingit.com\/?page_id=1913"},"modified":"2021-03-07T05:36:51","modified_gmt":"2021-03-07T05:36:51","slug":"comites-del-colegio","status":"publish","type":"page","link":"https:\/\/staging.dst.deutsche-schule.eu\/es\/colegio\/comites-del-colegio\/","title":{"rendered":"Gremios"},"content":{"rendered":"<p>El Colegio Alem\u00e1n de Santa Cruz de Tenerife (DST) es un colegio en el extranjero fomentado por la Rep\u00fablica Federal de Alemania. \u00a0Como centro de encuentro es un lugar de di\u00e1logo intercultural y ofrece a los ni\u00f1os espa\u00f1oles la posibilidad de familiarizarse con la lengua y cultura alemana.<\/p>\n<p>Como es habitual en los colegios alemanes en el extranjero privados, tambi\u00e9n el DST dispone de un enramado de gremios de consulta y decisi\u00f3n interna, que se presentan en las p\u00e1ginas de este men\u00fa.<img fetchpriority=\"high\" decoding=\"async\" class=\"alignnone size-full wp-image-4571\" src=\"https:\/\/stage.dst.deutsche-schule.eu\/wp-content\/uploads\/2015\/02\/Organigramm-Gesamtschulisch.jpg\" alt=\"Organigramm Gesamtschulisch\" width=\"960\" height=\"720\" srcset=\"https:\/\/staging.dst.deutsche-schule.eu\/wp-content\/uploads\/2015\/02\/Organigramm-Gesamtschulisch.jpg 960w, https:\/\/staging.dst.deutsche-schule.eu\/wp-content\/uploads\/2015\/02\/Organigramm-Gesamtschulisch-768x576.jpg 768w\" sizes=\"(max-width: 960px) 100vw, 960px\" \/><\/p>\n","protected":false},"excerpt":{"rendered":"<p>El Colegio Alem\u00e1n de Santa Cruz de Tenerife (DST) es un colegio en el extranjero fomentado [&hellip;]<\/p>\n","protected":false},"author":10,"featured_media":0,"parent":902,"menu_order":17,"comment_status":"closed","ping_status":"closed","template":"","meta":{"site-sidebar-layout":"default","site-content-layout":"default","ast-site-content-layout":"default","site-content-style":"default","site-sidebar-style":"default","ast-global-header-display":"","ast-banner-title-visibility":"","ast-main-header-display":"","ast-hfb-above-header-display":"","ast-hfb-below-header-display":"","ast-hfb-mobile-header-display":"","site-post-title":"","ast-breadcrumbs-content":"","ast-featured-img":"","footer-sml-layout":"","ast-disable-related-posts":"","theme-transparent-header-meta":"default","adv-header-id-meta":"","stick-header-meta":"","header-above-stick-meta":"","header-main-stick-meta":"","header-below-stick-meta":"","astra-migrate-meta-layouts":"default","ast-page-background-enabled":"default","ast-page-background-meta":{"desktop":{"background-color":"","background-image":"","background-repeat":"repeat","background-position":"center center","background-size":"auto","background-attachment":"scroll","background-type":"","background-media":"","overlay-type":"","overlay-color":"","overlay-opacity":"","overlay-gradient":""},"tablet":{"background-color":"","background-image":"","background-repeat":"repeat","background-position":"center center","background-size":"auto","background-attachment":"scroll","background-type":"","background-media":"","overlay-type":"","overlay-color":"","overlay-opacity":"","overlay-gradient":""},"mobile":{"background-color":"","background-image":"","background-repeat":"repeat","background-position":"center center","background-size":"auto","background-attachment":"scroll","background-type":"","background-media":"","overlay-type":"","overlay-color":"","overlay-opacity":"","overlay-gradient":""}},"ast-content-background-meta":{"desktop":{"background-color":"var(--ast-global-color-5)","background-image":"","background-repeat":"repeat","background-position":"center center","background-size":"auto","background-attachment":"scroll","background-type":"","background-media":"","overlay-type":"","overlay-color":"","overlay-opacity":"","overlay-gradient":""},"tablet":{"background-color":"var(--ast-global-color-5)","background-image":"","background-repeat":"repeat","background-position":"center center","background-size":"auto","background-attachment":"scroll","background-type":"","background-media":"","overlay-type":"","overlay-color":"","overlay-opacity":"","overlay-gradient":""},"mobile":{"background-color":"var(--ast-global-color-5)","background-image":"","background-repeat":"repeat","background-position":"center center","background-size":"auto","background-attachment":"scroll","background-type":"","background-media":"","overlay-type":"","overlay-color":"","overlay-opacity":"","overlay-gradient":""}},"_jet_sm_ready_style":"","_jet_sm_style":"","_jet_sm_controls_values":"","_jet_sm_fonts_collection":"","_jet_sm_fonts_links":"","footnotes":""},"schlagwortedst":[],"class_list":["post-1913","page","type-page","status-publish","hentry"],"_links":{"self":[{"href":"https:\/\/staging.dst.deutsche-schule.eu\/es\/wp-json\/wp\/v2\/pages\/1913","targetHints":{"allow":["GET"]}}],"collection":[{"href":"https:\/\/staging.dst.deutsche-schule.eu\/es\/wp-json\/wp\/v2\/pages"}],"about":[{"href":"https:\/\/staging.dst.deutsche-schule.eu\/es\/wp-json\/wp\/v2\/types\/page"}],"author":[{"embeddable":true,"href":"https:\/\/staging.dst.deutsche-schule.eu\/es\/wp-json\/wp\/v2\/users\/10"}],"replies":[{"embeddable":true,"href":"https:\/\/staging.dst.deutsche-schule.eu\/es\/wp-json\/wp\/v2\/comments?post=1913"}],"version-history":[{"count":0,"href":"https:\/\/staging.dst.deutsche-schule.eu\/es\/wp-json\/wp\/v2\/pages\/1913\/revisions"}],"up":[{"embeddable":true,"href":"https:\/\/staging.dst.deutsche-schule.eu\/es\/wp-json\/wp\/v2\/pages\/902"}],"wp:attachment":[{"href":"https:\/\/staging.dst.deutsche-schule.eu\/es\/wp-json\/wp\/v2\/media?parent=1913"}],"wp:term":[{"taxonomy":"schlagwortedst","embeddable":true,"href":"https:\/\/staging.dst.deutsche-schule.eu\/es\/wp-json\/wp\/v2\/schlagwortedst?post=1913"}],"curies":[{"name":"wp","href":"https:\/\/api.w.org\/{rel}","templated":true}]}}