{"id":1901,"date":"2014-06-09T07:41:01","date_gmt":"2014-06-09T07:41:01","guid":{"rendered":"http:\/\/dstenerife.ducklingit.com\/?page_id=1901"},"modified":"2021-08-10T03:10:49","modified_gmt":"2021-08-10T03:10:49","slug":"contacto-y","status":"publish","type":"page","link":"https:\/\/staging.dst.deutsche-schule.eu\/es\/colegio\/contacto-y\/","title":{"rendered":"Contacto y direcci\u00f3n"},"content":{"rendered":"\t\t<div data-elementor-type=\"wp-page\" data-elementor-id=\"1901\" class=\"elementor elementor-1901 elementor-39\" data-elementor-post-type=\"page\">\n\t\t\t\t\t\t<section class=\"elementor-section elementor-top-section elementor-element elementor-element-1d58dc8d elementor-section-content-top elementor-section-boxed elementor-section-height-default elementor-section-height-default\" data-id=\"1d58dc8d\" data-element_type=\"section\" data-settings=\"{&quot;_ob_glider_is_slider&quot;:&quot;no&quot;}\">\n\t\t\t\t\t\t<div class=\"elementor-container elementor-column-gap-no\">\n\t\t\t\t\t<div class=\"elementor-column elementor-col-50 elementor-top-column elementor-element elementor-element-c37109f\" data-id=\"c37109f\" data-element_type=\"column\">\n\t\t\t<div class=\"elementor-widget-wrap elementor-element-populated\">\n\t\t\t\t\t\t<div class=\"elementor-element elementor-element-dfa544a elementor-widget elementor-widget-text-editor\" data-id=\"dfa544a\" data-element_type=\"widget\" data-settings=\"{&quot;_ob_postman_use&quot;:&quot;no&quot;,&quot;_ob_widget_stalker_use&quot;:&quot;no&quot;,&quot;_ob_shadough_use&quot;:&quot;no&quot;}\" data-widget_type=\"text-editor.default\">\n\t\t\t\t<div class=\"elementor-widget-container\">\n\t\t\t\t\t\t\t\t\t<h6 class=\"title-median\">SECRETAR\u00cdA<\/h6>\n<p><strong>Tel:<\/strong> +34 922 682 010<br \/><strong>Fax:<\/strong> +34 922 682 746<\/p>\n<p><strong>Correo electr\u00f3nico:<\/strong> <a href=\"mailto:dstenerife@dstenerife.eu\">dstenerife@dstenerife.eu<\/a><\/p>\n<p><strong>Horario de apertura<\/strong>8:00 &#8211; 15:00 Uhr<\/p>\n<p><strong>Direcci\u00f3n postal<\/strong><\/p>\n<p>Deutsche Schule &#8211; Colegio Alem\u00e1n<br \/>Santa Cruz de Tenerife<br \/>Calle Drago, 1<br \/>38190 Tabaiba Alta<br \/>Espa\u00f1a<\/p>\n\t\t\t\t\t\t\t\t<\/div>\n\t\t\t\t<\/div>\n\t\t\t\t<div class=\"elementor-element elementor-element-f732846 elementor-widget elementor-widget-jet-headline\" data-id=\"f732846\" data-element_type=\"widget\" data-settings=\"{&quot;_ob_widget_stalker_use&quot;:&quot;no&quot;,&quot;_ob_shadough_use&quot;:&quot;no&quot;}\" data-widget_type=\"jet-headline.default\">\n\t\t\t\t<div class=\"elementor-widget-container\">\n\t\t\t\t\t<h2 class=\"jet-headline jet-headline--direction-horizontal\"><span class=\"jet-headline__part jet-headline__first\"><span class=\"jet-headline__label\">Contacto<\/span><\/span><span class=\"jet-headline__space\">&nbsp;<\/span><span class=\"jet-headline__part jet-headline__second\"><span class=\"jet-headline__label\">Formulario<\/span><\/span><\/h2>\t\t\t\t<\/div>\n\t\t\t\t<\/div>\n\t\t\t\t<div class=\"elementor-element elementor-element-8deb013 elementor-widget elementor-widget-jet-engine-booking-form\" data-id=\"8deb013\" data-element_type=\"widget\" data-settings=\"{&quot;_ob_widget_stalker_use&quot;:&quot;no&quot;,&quot;_ob_shadough_use&quot;:&quot;no&quot;}\" data-widget_type=\"jet-engine-booking-form.default\">\n\t\t\t\t<div class=\"elementor-widget-container\">\n\t\t\t\t\t<form  class=\"jet-form layout-column submit-type-ajax\" action=\"\/es\/wp-json\/wp\/v2\/pages\/1901?jet_engine_action=book&nocache=1777471424\" method=\"POST\" data-form-id=\"45006\"><input class=\"jet-form__field hidden-field\" type=\"hidden\" name=\"_jet_engine_booking_form_id\" value=\"45006\" data-field-name=\"_jet_engine_booking_form_id\"><input class=\"jet-form__field hidden-field\" type=\"hidden\" name=\"_jet_engine_refer\" value=\"https:\/\/staging.dst.deutsche-schule.eu\/es\/wp-json\/wp\/v2\/pages\/1901\/\" data-field-name=\"_jet_engine_refer\"><div class=\"jet-form-page \" data-page=\"1\"><div  class=\"jet-form-row jet-form-row--hidden\"><div class=\"jet-form-col jet-form-col-12  field-type-hidden  jet-form-field-container\" data-field=\"cct_pagesrc\" data-conditional=\"false\"><input class=\"jet-form__field hidden-field\" type=\"hidden\" name=\"cct_pagesrc\" value=\"1901\" data-field-name=\"cct_pagesrc\"><\/div><\/div><div  class=\"jet-form-row jet-form-row--first-visible\"><div class=\"jet-form-col jet-form-col-12  field-type-text  jet-form-field-container\" data-field=\"cct_name\" data-conditional=\"false\"><div class=\"jet-form__label\">\n\t<span class=\"jet-form__label-text\" >Nombre<\/span>\n\t<\/div><input class=\"jet-form__field text-field \" name=\"cct_name\" id=\"cct_name\" type=\"text\" data-field-name=\"cct_name\"><\/div><\/div><div  class=\"jet-form-row\"><div class=\"jet-form-col jet-form-col-12  field-type-text  jet-form-field-container\" data-field=\"cct_email\" data-conditional=\"false\"><div class=\"jet-form__label\">\n\t<span class=\"jet-form__label-text\" >Correo electr\u00f3nico<span class=\"jet-form__required\">*<\/span><\/span>\n\t<\/div><input class=\"jet-form__field text-field \" required=\"required\" name=\"cct_email\" id=\"cct_email\" type=\"email\" data-field-name=\"cct_email\"><\/div><\/div><div  class=\"jet-form-row jet-form-row--page-break\"><div class=\"jet-form-col jet-form-col-12  field-type-page_break  jet-form-field-container\" data-field=\"page_break\" data-conditional=\"false\"><div class=\"jet-form__next-page-wrap\">\n\t\t<div class=\"jet-form__next-page-msg\">Por favor, rellene los dos campos. A continuaci\u00f3n, haga clic en el bot\u00f3n y podr\u00e1 introducir el texto del mensaje para nosotros<\/div>\n\t\t\t\t<button class=\"jet-form__next-page\" type=\"button\">continuar con el texto del mensaje<\/button>\n\t<\/div>\n<\/div><\/div><\/div><div class=\"jet-form-page jet-form-page--hidden\" data-page=\"2\"><div  class=\"jet-form-row\"><div class=\"jet-form-col jet-form-col-12  field-type-text  jet-form-field-container\" data-field=\"cct_betreff\" data-conditional=\"false\"><div class=\"jet-form__label\">\n\t<span class=\"jet-form__label-text\" >Asunto<span class=\"jet-form__required\">*<\/span><\/span>\n\t<\/div><input class=\"jet-form__field text-field \" required=\"required\" name=\"cct_betreff\" id=\"cct_betreff\" type=\"text\" data-field-name=\"cct_betreff\"><\/div><\/div><div  class=\"jet-form-row\"><div class=\"jet-form-col jet-form-col-12  field-type-textarea  jet-form-field-container\" data-field=\"cct_nachricht\" data-conditional=\"false\"><div class=\"jet-form__label\">\n\t<span class=\"jet-form__label-text\" >Mensaje<\/span>\n\t<\/div><textarea class=\"jet-form__field textarea-field\" name=\"cct_nachricht\" data-field-name=\"cct_nachricht\" id=\"cct_nachricht\"><\/textarea><\/div><\/div><div  class=\"jet-form-row jet-form-row--submit\"><div class=\"jet-form-col jet-form-col-12  field-type-submit  jet-form-field-container\" data-field=\"Submit\" data-conditional=\"false\"><div class=\"jet-form__submit-wrap\">\n\t\t<button class=\"jet-form__submit submit-type-ajax\" type=\"button\">Enviar mensaje<\/button>\n<\/div><\/div><\/div><script id=\"jet-engine-recaptcha-js\" src=\"https:\/\/www.google.com\/recaptcha\/api.js?render=6LfJKf0bAAAAAPjOhR1Rz0yOa_Z6GnmP88RHGNzh\"><\/script>\t\t\t<input type=\"hidden\" class=\"captcha-token\" name=\"_captcha_token\" value=\"\">\n\t\t\t<script>\n\n\t\t\t\tif ( ! window.JetEngineFormCaptcha ) {\n\t\t\t\t\twindow.JetEngineFormCaptcha = function( formID ) {\n\t\t\t\t\t\tvar $script  = document.querySelector( 'script#jet-engine-recaptcha-js' ),\n\t\t\t\t\t\t\t$cpField = document.querySelector( 'form[data-form-id=\"' + formID + '\"] .captcha-token' );\n\n\t\t\t\t\t\tfunction setFormToken() {\n\t\t\t\t\t\t\tif ( window.JetEngineFormToken ) {\n\t\t\t\t\t\t\t\t$cpField.value = window.JetEngineFormToken;\n\t\t\t\t\t\t\t} else if ( window.grecaptcha ) {\n\t\t\t\t\t\t\t\twindow.grecaptcha.ready( function() {\n\t\t\t\t\t\t\t\t\tgrecaptcha.execute(\n\t\t\t\t\t\t\t\t\t\t'6LfJKf0bAAAAAPjOhR1Rz0yOa_Z6GnmP88RHGNzh',\n\t\t\t\t\t\t\t\t\t\t{\n\t\t\t\t\t\t\t\t\t\t\taction: 'submit_form'\n\t\t\t\t\t\t\t\t\t\t}\n\t\t\t\t\t\t\t\t\t).then( function( token ) {\n\t\t\t\t\t\t\t\t\t\t$cpField.value = token;\n\t\t\t\t\t\t\t\t\t\twindow.JetEngineFormToken = token;\n\t\t\t\t\t\t\t\t\t} );\n\t\t\t\t\t\t\t\t} );\n\t\t\t\t\t\t\t}\n\t\t\t\t\t\t}\n\n\t\t\t\t\t\tif ( ! $cpField ) {\n\t\t\t\t\t\t\treturn;\n\t\t\t\t\t\t}\n\n\t\t\t\t\t\tif ( ! $script ) {\n\n\t\t\t\t\t\t\t$script = document.createElement( 'script' );\n\n\t\t\t\t\t\t\t$script.id  = 'jet-engine-recaptcha-js';\n\t\t\t\t\t\t\t$script.src = 'https:\/\/www.google.com\/recaptcha\/api.js?render=6LfJKf0bAAAAAPjOhR1Rz0yOa_Z6GnmP88RHGNzh';\n\n\t\t\t\t\t\t\t$cpField.parentNode.insertBefore( $script, $cpField );\n\n\t\t\t\t\t\t\t$script.onload = function() {\n\t\t\t\t\t\t\t\tsetFormToken();\n\t\t\t\t\t\t\t};\n\n\t\t\t\t\t\t} else {\n\t\t\t\t\t\t\tsetFormToken();\n\t\t\t\t\t\t}\n\n\t\t\t\t\t}\n\t\t\t\t}\n\n\t\t\t\twindow.JetEngineFormCaptcha( 45006 );\n\n\t\t\t\tjQuery( window ).on( 'jet-popup\/show-event\/after-show', function () {\n\n\t\t\t\t\twindow.JetEngineFormCaptcha( 45006 );\n\n\t\t\t\t} );\n\t\t\t<\/script>\n\t\t\t<\/div><input class=\"jet-form__field hidden-field\" type=\"hidden\" name=\"_jet_engine_nonce\" value=\"b36fa8e27a\" data-field-name=\"_jet_engine_nonce\"><\/form><div class=\"jet-form-messages-wrap\" data-form-id=\"45006\"><\/div>\t\t\t\t<\/div>\n\t\t\t\t<\/div>\n\t\t\t\t\t<\/div>\n\t\t<\/div>\n\t\t\t\t<div class=\"elementor-column elementor-col-50 elementor-top-column elementor-element elementor-element-27a9f02c\" data-id=\"27a9f02c\" data-element_type=\"column\">\n\t\t\t<div class=\"elementor-widget-wrap elementor-element-populated\">\n\t\t\t\t\t\t<div class=\"elementor-element elementor-element-8a4a27d elementor-widget elementor-widget-google_maps\" data-id=\"8a4a27d\" data-element_type=\"widget\" data-settings=\"{&quot;_ob_widget_stalker_use&quot;:&quot;no&quot;,&quot;_ob_shadough_use&quot;:&quot;no&quot;}\" data-widget_type=\"google_maps.default\">\n\t\t\t\t<div class=\"elementor-widget-container\">\n\t\t\t\t\t\t\t<div class=\"elementor-custom-embed\">\n\t\t\t<iframe loading=\"lazy\"\n\t\t\t\t\tsrc=\"https:\/\/maps.google.com\/maps?q=Calle%20Drago%2C%201%2C%2038190%20Tabaiba%2C%20Santa%20Cruz%20de%20Tenerife%2C%20Spain&#038;t=m&#038;z=15&#038;output=embed&#038;iwloc=near\"\n\t\t\t\t\ttitle=\"Calle Drago, 1, 38190 Tabaiba, Santa Cruz de Tenerife, Spain\"\n\t\t\t\t\taria-label=\"Calle Drago, 1, 38190 Tabaiba, Santa Cruz de Tenerife, Spain\"\n\t\t\t><\/iframe>\n\t\t<\/div>\n\t\t\t\t\t\t<\/div>\n\t\t\t\t<\/div>\n\t\t\t\t<div class=\"elementor-element elementor-element-8342d35 elementor-widget elementor-widget-image\" data-id=\"8342d35\" data-element_type=\"widget\" data-settings=\"{&quot;_ob_photomorph_use&quot;:&quot;no&quot;,&quot;_ob_widget_stalker_use&quot;:&quot;no&quot;,&quot;_ob_shadough_use&quot;:&quot;no&quot;}\" data-widget_type=\"image.default\">\n\t\t\t\t<div class=\"elementor-widget-container\">\n\t\t\t\t\t\t\t\t\t\t\t\t\t\t\t\t<a href=\"https:\/\/www.google.com\/maps\/place\/Deutsche+Schule+Santa+Cruz+de+Tenerife\/@28.4445595,-16.3431271,13.75z\/data=!4m5!3m4!1s0x0:0xda972ea62a73ea2!8m2!3d28.4127342!4d-16.3342705?ucbcb=1\">\n\t\t\t\t\t\t\t<img fetchpriority=\"high\" decoding=\"async\" width=\"1200\" height=\"574\" src=\"https:\/\/staging.dst.deutsche-schule.eu\/wp-content\/uploads\/2021\/05\/maps-1280x612.jpg\" class=\"attachment-large size-large wp-image-41036\" alt=\"\" srcset=\"https:\/\/staging.dst.deutsche-schule.eu\/wp-content\/uploads\/2021\/05\/maps-1280x612.jpg 1280w, https:\/\/staging.dst.deutsche-schule.eu\/wp-content\/uploads\/2021\/05\/maps-752x360.jpg 752w, https:\/\/staging.dst.deutsche-schule.eu\/wp-content\/uploads\/2021\/05\/maps-768x367.jpg 768w, https:\/\/staging.dst.deutsche-schule.eu\/wp-content\/uploads\/2021\/05\/maps-1536x735.jpg 1536w, https:\/\/staging.dst.deutsche-schule.eu\/wp-content\/uploads\/2021\/05\/maps-2048x980.jpg 2048w, https:\/\/staging.dst.deutsche-schule.eu\/wp-content\/uploads\/2021\/05\/maps-320x153.jpg 320w\" sizes=\"(max-width: 1200px) 100vw, 1200px\" \/>\t\t\t\t\t\t\t\t<\/a>\n\t\t\t\t\t\t\t\t\t\t\t\t\t\t\t<\/div>\n\t\t\t\t<\/div>\n\t\t\t\t\t<\/div>\n\t\t<\/div>\n\t\t\t\t\t<\/div>\n\t\t<\/section>\n\t\t\t\t<section class=\"elementor-section elementor-top-section elementor-element elementor-element-1c8b766f elementor-section-boxed elementor-section-height-default elementor-section-height-default\" data-id=\"1c8b766f\" data-element_type=\"section\" data-settings=\"{&quot;_ob_glider_is_slider&quot;:&quot;no&quot;}\">\n\t\t\t\t\t\t<div class=\"elementor-container elementor-column-gap-default\">\n\t\t\t\t\t<div class=\"elementor-column elementor-col-100 elementor-top-column elementor-element elementor-element-5b69b23\" data-id=\"5b69b23\" data-element_type=\"column\">\n\t\t\t<div class=\"elementor-widget-wrap elementor-element-populated\">\n\t\t\t\t\t\t<div class=\"elementor-element elementor-element-0a78ad8 elementor-widget elementor-widget-text-editor\" data-id=\"0a78ad8\" data-element_type=\"widget\" data-settings=\"{&quot;_ob_postman_use&quot;:&quot;no&quot;,&quot;_ob_widget_stalker_use&quot;:&quot;no&quot;,&quot;_ob_shadough_use&quot;:&quot;no&quot;}\" data-widget_type=\"text-editor.default\">\n\t\t\t\t<div class=\"elementor-widget-container\">\n\t\t\t\t\t\t\t\t\t<p>El colegio est\u00e1 situado a unos 10 km al sur de la capital de la isla, Santa Cruz de Tenerife, por encima de la autopista TF1 en una gran parcela en Tabaiba Alta. Aqu\u00ed \u2013 a unos 350 metros del nivel del mar, rodeado por la vegetaci\u00f3n subtropical del lado oriental de la isla \u2013 se tiene una amplia vista sobre el mar.<\/p>\n<h5><strong>Descripci\u00f3n de la ruta<\/strong><\/h5>\n<p>Desde Santa Cruz en la autopista TF1:<\/p>\n<p>Salida 7 \u201cRadazul\u201d paralelo a la autopista. Posteriormente hay una rotonda. Completar la rotonda y abandonarla en direcci\u00f3n Radazul\/Tabaiba. Continuar paralelo a la autopista y continuar por la carretera general cuesta arriba. Atravesar la TF28. A partir de aqu\u00ed est\u00e1 se\u00f1alizado el \u201cColegio Alem\u00e1n\u201d.<\/p>\n<h5><strong>Transporte p\u00fablico<\/strong><\/h5>\n<p>Desde el Intercambiador en Santa Cruz de Tenerife hacia el Colegio Alem\u00e1n con las guaguas de Titsa, l\u00edneas 138 o 139. Parada 1165.<\/p>\n\t\t\t\t\t\t\t\t<\/div>\n\t\t\t\t<\/div>\n\t\t\t\t\t<\/div>\n\t\t<\/div>\n\t\t\t\t\t<\/div>\n\t\t<\/section>\n\t\t\t\t<section class=\"elementor-section elementor-top-section elementor-element elementor-element-c722fb9 elementor-section-full_width elementor-section-height-default elementor-section-height-default\" data-id=\"c722fb9\" data-element_type=\"section\" data-settings=\"{&quot;_ob_glider_is_slider&quot;:&quot;no&quot;}\">\n\t\t\t\t\t\t<div class=\"elementor-container elementor-column-gap-default\">\n\t\t\t\t\t<div class=\"elementor-column elementor-col-100 elementor-top-column elementor-element elementor-element-7ae6ae3\" data-id=\"7ae6ae3\" data-element_type=\"column\">\n\t\t\t<div class=\"elementor-widget-wrap elementor-element-populated\">\n\t\t\t\t\t\t<div class=\"elementor-element elementor-element-644ab7b elementor-widget elementor-widget-image\" data-id=\"644ab7b\" data-element_type=\"widget\" data-settings=\"{&quot;_ob_photomorph_use&quot;:&quot;no&quot;,&quot;_ob_widget_stalker_use&quot;:&quot;no&quot;,&quot;_ob_shadough_use&quot;:&quot;no&quot;}\" data-widget_type=\"image.default\">\n\t\t\t\t<div class=\"elementor-widget-container\">\n\t\t\t\t\t\t\t\t\t\t\t\t\t\t\t\t<a href=\"https:\/\/staging.dst.deutsche-schule.eu\/wp-content\/uploads\/2021\/05\/DST-desde-arriba.jpg\" data-elementor-open-lightbox=\"yes\" data-elementor-lightbox-title=\"DST desde arriba\" data-e-action-hash=\"#elementor-action%3Aaction%3Dlightbox%26settings%3DeyJpZCI6NDEwNzEsInVybCI6Imh0dHBzOlwvXC9zdGFnaW5nLmRzdC5kZXV0c2NoZS1zY2h1bGUuZXVcL3dwLWNvbnRlbnRcL3VwbG9hZHNcLzIwMjFcLzA1XC9EU1QtZGVzZGUtYXJyaWJhLmpwZyJ9\">\n\t\t\t\t\t\t\t<img decoding=\"async\" width=\"1140\" height=\"641\" src=\"https:\/\/staging.dst.deutsche-schule.eu\/wp-content\/uploads\/2021\/05\/DST-desde-arriba.jpg\" class=\"attachment-full size-full wp-image-41071\" alt=\"\" srcset=\"https:\/\/staging.dst.deutsche-schule.eu\/wp-content\/uploads\/2021\/05\/DST-desde-arriba.jpg 1140w, https:\/\/staging.dst.deutsche-schule.eu\/wp-content\/uploads\/2021\/05\/DST-desde-arriba-752x423.jpg 752w, https:\/\/staging.dst.deutsche-schule.eu\/wp-content\/uploads\/2021\/05\/DST-desde-arriba-768x432.jpg 768w, https:\/\/staging.dst.deutsche-schule.eu\/wp-content\/uploads\/2021\/05\/DST-desde-arriba-320x180.jpg 320w\" sizes=\"(max-width: 1140px) 100vw, 1140px\" \/>\t\t\t\t\t\t\t\t<\/a>\n\t\t\t\t\t\t\t\t\t\t\t\t\t\t\t<\/div>\n\t\t\t\t<\/div>\n\t\t\t\t\t<\/div>\n\t\t<\/div>\n\t\t\t\t\t<\/div>\n\t\t<\/section>\n\t\t\t\t<\/div>\n\t\t","protected":false},"excerpt":{"rendered":"<p>SECRETAR\u00cdA Tel: +34 922 682 010Fax: +34 922 682 746 Correo electr\u00f3nico: dstenerife@dstenerife.eu Horario de apertura8:00 [&hellip;]<\/p>\n","protected":false},"author":15,"featured_media":0,"parent":902,"menu_order":10,"comment_status":"closed","ping_status":"closed","template":"","meta":{"site-sidebar-layout":"no-sidebar","site-content-layout":"default","ast-site-content-layout":"default","site-content-style":"default","site-sidebar-style":"default","ast-global-header-display":"","ast-banner-title-visibility":"","ast-main-header-display":"","ast-hfb-above-header-display":"","ast-hfb-below-header-display":"","ast-hfb-mobile-header-display":"","site-post-title":"","ast-breadcrumbs-content":"","ast-featured-img":"","footer-sml-layout":"","ast-disable-related-posts":"","theme-transparent-header-meta":"default","adv-header-id-meta":"","stick-header-meta":"default","header-above-stick-meta":"","header-main-stick-meta":"","header-below-stick-meta":"","astra-migrate-meta-layouts":"default","ast-page-background-enabled":"default","ast-page-background-meta":{"desktop":{"background-color":"","background-image":"","background-repeat":"repeat","background-position":"center center","background-size":"auto","background-attachment":"scroll","background-type":"","background-media":"","overlay-type":"","overlay-color":"","overlay-opacity":"","overlay-gradient":""},"tablet":{"background-color":"","background-image":"","background-repeat":"repeat","background-position":"center center","background-size":"auto","background-attachment":"scroll","background-type":"","background-media":"","overlay-type":"","overlay-color":"","overlay-opacity":"","overlay-gradient":""},"mobile":{"background-color":"","background-image":"","background-repeat":"repeat","background-position":"center center","background-size":"auto","background-attachment":"scroll","background-type":"","background-media":"","overlay-type":"","overlay-color":"","overlay-opacity":"","overlay-gradient":""}},"ast-content-background-meta":{"desktop":{"background-color":"var(--ast-global-color-5)","background-image":"","background-repeat":"repeat","background-position":"center center","background-size":"auto","background-attachment":"scroll","background-type":"","background-media":"","overlay-type":"","overlay-color":"","overlay-opacity":"","overlay-gradient":""},"tablet":{"background-color":"var(--ast-global-color-5)","background-image":"","background-repeat":"repeat","background-position":"center center","background-size":"auto","background-attachment":"scroll","background-type":"","background-media":"","overlay-type":"","overlay-color":"","overlay-opacity":"","overlay-gradient":""},"mobile":{"background-color":"var(--ast-global-color-5)","background-image":"","background-repeat":"repeat","background-position":"center center","background-size":"auto","background-attachment":"scroll","background-type":"","background-media":"","overlay-type":"","overlay-color":"","overlay-opacity":"","overlay-gradient":""}},"_jet_sm_ready_style":"","_jet_sm_style":"","_jet_sm_controls_values":"","_jet_sm_fonts_collection":"","_jet_sm_fonts_links":"","footnotes":""},"schlagwortedst":[153],"class_list":["post-1901","page","type-page","status-publish","hentry","schlagwortedst-sideschule"],"_links":{"self":[{"href":"https:\/\/staging.dst.deutsche-schule.eu\/es\/wp-json\/wp\/v2\/pages\/1901","targetHints":{"allow":["GET"]}}],"collection":[{"href":"https:\/\/staging.dst.deutsche-schule.eu\/es\/wp-json\/wp\/v2\/pages"}],"about":[{"href":"https:\/\/staging.dst.deutsche-schule.eu\/es\/wp-json\/wp\/v2\/types\/page"}],"author":[{"embeddable":true,"href":"https:\/\/staging.dst.deutsche-schule.eu\/es\/wp-json\/wp\/v2\/users\/15"}],"replies":[{"embeddable":true,"href":"https:\/\/staging.dst.deutsche-schule.eu\/es\/wp-json\/wp\/v2\/comments?post=1901"}],"version-history":[{"count":14,"href":"https:\/\/staging.dst.deutsche-schule.eu\/es\/wp-json\/wp\/v2\/pages\/1901\/revisions"}],"predecessor-version":[{"id":45188,"href":"https:\/\/staging.dst.deutsche-schule.eu\/es\/wp-json\/wp\/v2\/pages\/1901\/revisions\/45188"}],"up":[{"embeddable":true,"href":"https:\/\/staging.dst.deutsche-schule.eu\/es\/wp-json\/wp\/v2\/pages\/902"}],"wp:attachment":[{"href":"https:\/\/staging.dst.deutsche-schule.eu\/es\/wp-json\/wp\/v2\/media?parent=1901"}],"wp:term":[{"taxonomy":"schlagwortedst","embeddable":true,"href":"https:\/\/staging.dst.deutsche-schule.eu\/es\/wp-json\/wp\/v2\/schlagwortedst?post=1901"}],"curies":[{"name":"wp","href":"https:\/\/api.w.org\/{rel}","templated":true}]}}