{"id":1609,"date":"2015-06-22T13:21:25","date_gmt":"2015-06-22T13:21:25","guid":{"rendered":"http:\/\/dstenerife.ducklingit.com\/?page_id=1609"},"modified":"2021-07-20T14:00:24","modified_gmt":"2021-07-20T14:00:24","slug":"los-comienzos-de-preescolar","status":"publish","type":"page","link":"https:\/\/staging.dst.deutsche-schule.eu\/es\/kikri-y-kindergarten\/los-comienzos-de-preescolar\/","title":{"rendered":"Los comienzos de infantil"},"content":{"rendered":"<p style=\"text-align: justify;\">El \u00e1rea de infantil del Colegio Alem\u00e1n Santa Cruz de Tenerife cuenta con una larga historia de desarrollo: cuando se fund\u00f3 el primer Colegio Alem\u00e1n como iniciativa privada en 1909, hubo que esperar otros veinticuatro a\u00f1os (1933) hasta que se abri\u00f3 el actual Kindergarten con cinco ni\u00f1os. Entre 1945 y 1951 se cerr\u00f3 y confisc\u00f3 el Colegio y Kindergarten alem\u00e1n debido a las presiones de los aliados despu\u00e9s de la Segunda Guerra Mundial. En 1951 el colegio retom\u00f3 su actividad con 16 alumnos y 58 ni\u00f1os en el Kindergarten. Cuando en 1954 el colegio se mud\u00f3 a las nuevas instalaciones en las Ramblas de Santa Cruz, el Kindergarten ya contaba con 74 ni\u00f1os. En 1998 se traslad\u00f3 el Colegio y el Kindergarten a Tabaiba y se crearon por primera vez grupos de edades mixtas. En 2003 se desarroll\u00f3 el primer concepto. En ese momento contaban con 135 ni\u00f1os. Hoy en d\u00eda el Kindergarten atiende a 147 ni\u00f1os.<\/p>\n<p style=\"text-align: justify;\">En febrero de 2014 se cre\u00f3 otra instalaci\u00f3n, la guarder\u00eda KiKri, con dos grupos para un total de 30 ni\u00f1os. Actualmente el Kindergarten (K1-K2-K3+) cuenta con 177 ni\u00f1os, repartidos en nueve grupos, que son atendidos durante tres y cuatro a\u00f1os.<\/p>\n","protected":false},"excerpt":{"rendered":"<p>El \u00e1rea de infantil del Colegio Alem\u00e1n Santa Cruz de Tenerife cuenta con una larga historia [&hellip;]<\/p>\n","protected":false},"author":10,"featured_media":999,"parent":1601,"menu_order":6,"comment_status":"closed","ping_status":"closed","template":"","meta":{"site-sidebar-layout":"default","site-content-layout":"default","ast-site-content-layout":"default","site-content-style":"default","site-sidebar-style":"default","ast-global-header-display":"","ast-banner-title-visibility":"","ast-main-header-display":"","ast-hfb-above-header-display":"","ast-hfb-below-header-display":"","ast-hfb-mobile-header-display":"","site-post-title":"","ast-breadcrumbs-content":"","ast-featured-img":"","footer-sml-layout":"","ast-disable-related-posts":"","theme-transparent-header-meta":"default","adv-header-id-meta":"","stick-header-meta":"default","header-above-stick-meta":"","header-main-stick-meta":"","header-below-stick-meta":"","astra-migrate-meta-layouts":"default","ast-page-background-enabled":"default","ast-page-background-meta":{"desktop":{"background-color":"","background-image":"","background-repeat":"repeat","background-position":"center center","background-size":"auto","background-attachment":"scroll","background-type":"","background-media":"","overlay-type":"","overlay-color":"","overlay-opacity":"","overlay-gradient":""},"tablet":{"background-color":"","background-image":"","background-repeat":"repeat","background-position":"center center","background-size":"auto","background-attachment":"scroll","background-type":"","background-media":"","overlay-type":"","overlay-color":"","overlay-opacity":"","overlay-gradient":""},"mobile":{"background-color":"","background-image":"","background-repeat":"repeat","background-position":"center center","background-size":"auto","background-attachment":"scroll","background-type":"","background-media":"","overlay-type":"","overlay-color":"","overlay-opacity":"","overlay-gradient":""}},"ast-content-background-meta":{"desktop":{"background-color":"var(--ast-global-color-5)","background-image":"","background-repeat":"repeat","background-position":"center center","background-size":"auto","background-attachment":"scroll","background-type":"","background-media":"","overlay-type":"","overlay-color":"","overlay-opacity":"","overlay-gradient":""},"tablet":{"background-color":"var(--ast-global-color-5)","background-image":"","background-repeat":"repeat","background-position":"center center","background-size":"auto","background-attachment":"scroll","background-type":"","background-media":"","overlay-type":"","overlay-color":"","overlay-opacity":"","overlay-gradient":""},"mobile":{"background-color":"var(--ast-global-color-5)","background-image":"","background-repeat":"repeat","background-position":"center center","background-size":"auto","background-attachment":"scroll","background-type":"","background-media":"","overlay-type":"","overlay-color":"","overlay-opacity":"","overlay-gradient":""}},"_jet_sm_ready_style":"","_jet_sm_style":"","_jet_sm_controls_values":"","_jet_sm_fonts_collection":"","_jet_sm_fonts_links":"","footnotes":""},"schlagwortedst":[149],"class_list":["post-1609","page","type-page","status-publish","has-post-thumbnail","hentry","schlagwortedst-sidekg"],"_links":{"self":[{"href":"https:\/\/staging.dst.deutsche-schule.eu\/es\/wp-json\/wp\/v2\/pages\/1609","targetHints":{"allow":["GET"]}}],"collection":[{"href":"https:\/\/staging.dst.deutsche-schule.eu\/es\/wp-json\/wp\/v2\/pages"}],"about":[{"href":"https:\/\/staging.dst.deutsche-schule.eu\/es\/wp-json\/wp\/v2\/types\/page"}],"author":[{"embeddable":true,"href":"https:\/\/staging.dst.deutsche-schule.eu\/es\/wp-json\/wp\/v2\/users\/10"}],"replies":[{"embeddable":true,"href":"https:\/\/staging.dst.deutsche-schule.eu\/es\/wp-json\/wp\/v2\/comments?post=1609"}],"version-history":[{"count":6,"href":"https:\/\/staging.dst.deutsche-schule.eu\/es\/wp-json\/wp\/v2\/pages\/1609\/revisions"}],"predecessor-version":[{"id":43830,"href":"https:\/\/staging.dst.deutsche-schule.eu\/es\/wp-json\/wp\/v2\/pages\/1609\/revisions\/43830"}],"up":[{"embeddable":true,"href":"https:\/\/staging.dst.deutsche-schule.eu\/es\/wp-json\/wp\/v2\/pages\/1601"}],"wp:featuredmedia":[{"embeddable":true,"href":"https:\/\/staging.dst.deutsche-schule.eu\/es\/wp-json\/wp\/v2\/media\/999"}],"wp:attachment":[{"href":"https:\/\/staging.dst.deutsche-schule.eu\/es\/wp-json\/wp\/v2\/media?parent=1609"}],"wp:term":[{"taxonomy":"schlagwortedst","embeddable":true,"href":"https:\/\/staging.dst.deutsche-schule.eu\/es\/wp-json\/wp\/v2\/schlagwortedst?post=1609"}],"curies":[{"name":"wp","href":"https:\/\/api.w.org\/{rel}","templated":true}]}}