{"id":11828,"date":"2017-07-06T10:08:47","date_gmt":"2017-07-06T10:08:47","guid":{"rendered":"https:\/\/stage.dst.deutsche-schule.eu\/?page_id=11828\/"},"modified":"2021-08-06T13:36:16","modified_gmt":"2021-08-06T13:36:16","slug":"certificados","status":"publish","type":"page","link":"https:\/\/staging.dst.deutsche-schule.eu\/es\/primaria\/certificados\/","title":{"rendered":"Certificados de notas"},"content":{"rendered":"<p style=\"text-align: justify;\">En los cursos de Primaria del Colegio Alem\u00e1n Santa Cruz de Tenerife los certificados de notas se completan con un informe de la adquisici\u00f3n de las competencias, con el fin de exponer mejor la diversidad del alumnado.<\/p>\n<p style=\"text-align: justify;\">Somos conscientes de que tareas, los objetivos de aprendizaje y la informaci\u00f3n de rendimiento formulados de forma individual no son totalmente compatibles con las calificaciones iniciales.<\/p>\n<p style=\"text-align: justify;\">Los alumnos de las clases G1 reciben despu\u00e9s del primer semestre una valoraci\u00f3n de su rendimiento acad\u00e9mico, al igual que de su comportamiento social y de trabajo, confeccionada por sus tutoras, cuyo principal objetivo es motivador. Al finalizar el curso escolar G1\u00a0 y despu\u00e9s del primer semestre y al final de curso G2, se recogen en un informe las competencias generales y acad\u00e9micas.<\/p>\n<p style=\"text-align: justify;\">En los cursos G3 y G4 (despu\u00e9s del primer semestre y al final de curso) los certificados de notas muestran las habilidades generales en forma de un cuadro de competencias prefijado. Todas las asignaturas, salvo la asignatura de Ingl\u00e9s, se califican con una nota.<\/p>\n<p style=\"text-align: justify;\">Todos los ni\u00f1os pasan por regla general al siguiente curso escolar. La Direcci\u00f3n solo apoyar\u00e1 retrasar un curso en Primaria en casos excepcionales (por ejemplo debido a retrasos en el desarrollo), por lo tanto no es posible \u00abrepetir\u00bb en Primaria.<\/p>\n","protected":false},"excerpt":{"rendered":"<p>En los cursos de Primaria del Colegio Alem\u00e1n Santa Cruz de Tenerife los certificados de notas [&hellip;]<\/p>\n","protected":false},"author":10,"featured_media":0,"parent":1743,"menu_order":12,"comment_status":"closed","ping_status":"closed","template":"","meta":{"site-sidebar-layout":"default","site-content-layout":"default","ast-site-content-layout":"default","site-content-style":"default","site-sidebar-style":"default","ast-global-header-display":"","ast-banner-title-visibility":"","ast-main-header-display":"","ast-hfb-above-header-display":"","ast-hfb-below-header-display":"","ast-hfb-mobile-header-display":"","site-post-title":"","ast-breadcrumbs-content":"","ast-featured-img":"","footer-sml-layout":"","ast-disable-related-posts":"","theme-transparent-header-meta":"default","adv-header-id-meta":"","stick-header-meta":"default","header-above-stick-meta":"","header-main-stick-meta":"","header-below-stick-meta":"","astra-migrate-meta-layouts":"default","ast-page-background-enabled":"default","ast-page-background-meta":{"desktop":{"background-color":"","background-image":"","background-repeat":"repeat","background-position":"center center","background-size":"auto","background-attachment":"scroll","background-type":"","background-media":"","overlay-type":"","overlay-color":"","overlay-opacity":"","overlay-gradient":""},"tablet":{"background-color":"","background-image":"","background-repeat":"repeat","background-position":"center center","background-size":"auto","background-attachment":"scroll","background-type":"","background-media":"","overlay-type":"","overlay-color":"","overlay-opacity":"","overlay-gradient":""},"mobile":{"background-color":"","background-image":"","background-repeat":"repeat","background-position":"center center","background-size":"auto","background-attachment":"scroll","background-type":"","background-media":"","overlay-type":"","overlay-color":"","overlay-opacity":"","overlay-gradient":""}},"ast-content-background-meta":{"desktop":{"background-color":"var(--ast-global-color-5)","background-image":"","background-repeat":"repeat","background-position":"center center","background-size":"auto","background-attachment":"scroll","background-type":"","background-media":"","overlay-type":"","overlay-color":"","overlay-opacity":"","overlay-gradient":""},"tablet":{"background-color":"var(--ast-global-color-5)","background-image":"","background-repeat":"repeat","background-position":"center center","background-size":"auto","background-attachment":"scroll","background-type":"","background-media":"","overlay-type":"","overlay-color":"","overlay-opacity":"","overlay-gradient":""},"mobile":{"background-color":"var(--ast-global-color-5)","background-image":"","background-repeat":"repeat","background-position":"center center","background-size":"auto","background-attachment":"scroll","background-type":"","background-media":"","overlay-type":"","overlay-color":"","overlay-opacity":"","overlay-gradient":""}},"_jet_sm_ready_style":"","_jet_sm_style":"","_jet_sm_controls_values":"","_jet_sm_fonts_collection":"","_jet_sm_fonts_links":"","footnotes":""},"schlagwortedst":[150],"class_list":["post-11828","page","type-page","status-publish","hentry","schlagwortedst-sidegs"],"_links":{"self":[{"href":"https:\/\/staging.dst.deutsche-schule.eu\/es\/wp-json\/wp\/v2\/pages\/11828","targetHints":{"allow":["GET"]}}],"collection":[{"href":"https:\/\/staging.dst.deutsche-schule.eu\/es\/wp-json\/wp\/v2\/pages"}],"about":[{"href":"https:\/\/staging.dst.deutsche-schule.eu\/es\/wp-json\/wp\/v2\/types\/page"}],"author":[{"embeddable":true,"href":"https:\/\/staging.dst.deutsche-schule.eu\/es\/wp-json\/wp\/v2\/users\/10"}],"replies":[{"embeddable":true,"href":"https:\/\/staging.dst.deutsche-schule.eu\/es\/wp-json\/wp\/v2\/comments?post=11828"}],"version-history":[{"count":3,"href":"https:\/\/staging.dst.deutsche-schule.eu\/es\/wp-json\/wp\/v2\/pages\/11828\/revisions"}],"predecessor-version":[{"id":43886,"href":"https:\/\/staging.dst.deutsche-schule.eu\/es\/wp-json\/wp\/v2\/pages\/11828\/revisions\/43886"}],"up":[{"embeddable":true,"href":"https:\/\/staging.dst.deutsche-schule.eu\/es\/wp-json\/wp\/v2\/pages\/1743"}],"wp:attachment":[{"href":"https:\/\/staging.dst.deutsche-schule.eu\/es\/wp-json\/wp\/v2\/media?parent=11828"}],"wp:term":[{"taxonomy":"schlagwortedst","embeddable":true,"href":"https:\/\/staging.dst.deutsche-schule.eu\/es\/wp-json\/wp\/v2\/schlagwortedst?post=11828"}],"curies":[{"name":"wp","href":"https:\/\/api.w.org\/{rel}","templated":true}]}}