{"id":10987,"date":"2017-06-19T13:43:31","date_gmt":"2017-06-19T13:43:31","guid":{"rendered":"https:\/\/stage.dst.deutsche-schule.eu\/?page_id=10987\/"},"modified":"2021-07-17T11:44:19","modified_gmt":"2021-07-17T11:44:19","slug":"becas-escolares","status":"publish","type":"page","link":"https:\/\/staging.dst.deutsche-schule.eu\/es\/servicios\/inscripcion-y-precios\/becas-escolares\/","title":{"rendered":"Becas escolares"},"content":{"rendered":"<div class=\"news-body\">\n<p>Solicitud de ayudas econ\u00f3micas<\/p>\n<p class=\"p2\">Les hacemos llegar informaci\u00f3n sobre la presentaci\u00f3n de las solicitudes de reducci\u00f3n de cuotas escolares para el curso escolar 2021-22:<\/p>\n<p class=\"p2\">1) La tramitaci\u00f3n se rige por las \u201cNormas para la Concesi\u00f3n de Ayudas Econ\u00f3micas del Colegio Alem\u00e1n Santa Cruz de Tenerife\u201d vigentes en el momento en el que se toma la decisi\u00f3n.<\/p>\n<p class=\"p2\">2) El impreso debe estar <b>cumplimentado en su totalidad<\/b>, se anotar\u00e1 \u201cno procede\u201d en aquellos apartados que no correspondan. En el apartado de ingresos (apartado 5) se indicar\u00e1 el importe correspondiente a los <b>ingresos tanto brutos como netos de todos los miembros de la familia<\/b>. El impreso puede cumplimentarse en alem\u00e1n o en espa\u00f1ol. La solicitud deber\u00e1 ir acompa\u00f1ada de la documentaci\u00f3n estipulada en el apartado 6.1.3. del citado Reglamento.<\/p>\n<p class=\"p2\">3) Con el fin de entregar la documentaci\u00f3n cumplimentada, se solicitar\u00e1 una cita en la Secretar\u00eda del Colegio Alem\u00e1n Santa Cruz de Tenerife<b>. <\/b>No es necesario entregar documentaci\u00f3n original, si bien se deber\u00e1 poner \u00e9sta a disposici\u00f3n del Colegio si fuese necesario realizar comprobaciones.<\/p>\n<p class=\"p2\">El plazo para presentar las solicitudes es el martes, <b>01 de julio 2020. <\/b><\/p>\n<p class=\"p2\">4) La tramitaci\u00f3n se llevar\u00e1 a cabo si el impreso est\u00e1 <b>completamente cumplimentado <\/b>y se ha adjuntado toda la documentaci\u00f3n requerida.<\/p>\n<p class=\"p2\"><a href=\"https:\/\/stage.dst.deutsche-schule.eu\/wp-content\/uploads\/2020\/06\/Normas-generales-BECA.doc.pdf\" target=\"_blank\" rel=\"noopener noreferrer\">Normas generales BECA<\/a><\/p>\n<p class=\"p2\"><a href=\"https:\/\/stage.dst.deutsche-schule.eu\/wp-content\/uploads\/2020\/06\/20200529-Formulario-Beca-2020-21.pdf\" target=\"_blank\" rel=\"noopener noreferrer\">Formulario BECA 2020\/2021<\/a><\/p>\n<p>&nbsp;<\/p>\n<\/div>\n","protected":false},"excerpt":{"rendered":"<p>Solicitud de ayudas econ\u00f3micas Les hacemos llegar informaci\u00f3n sobre la presentaci\u00f3n de las solicitudes de reducci\u00f3n [&hellip;]<\/p>\n","protected":false},"author":10,"featured_media":0,"parent":2833,"menu_order":0,"comment_status":"closed","ping_status":"closed","template":"","meta":{"site-sidebar-layout":"default","site-content-layout":"default","ast-site-content-layout":"default","site-content-style":"default","site-sidebar-style":"default","ast-global-header-display":"","ast-banner-title-visibility":"","ast-main-header-display":"","ast-hfb-above-header-display":"","ast-hfb-below-header-display":"","ast-hfb-mobile-header-display":"","site-post-title":"","ast-breadcrumbs-content":"","ast-featured-img":"","footer-sml-layout":"","ast-disable-related-posts":"","theme-transparent-header-meta":"default","adv-header-id-meta":"","stick-header-meta":"default","header-above-stick-meta":"","header-main-stick-meta":"","header-below-stick-meta":"","astra-migrate-meta-layouts":"default","ast-page-background-enabled":"default","ast-page-background-meta":{"desktop":{"background-color":"","background-image":"","background-repeat":"repeat","background-position":"center center","background-size":"auto","background-attachment":"scroll","background-type":"","background-media":"","overlay-type":"","overlay-color":"","overlay-opacity":"","overlay-gradient":""},"tablet":{"background-color":"","background-image":"","background-repeat":"repeat","background-position":"center center","background-size":"auto","background-attachment":"scroll","background-type":"","background-media":"","overlay-type":"","overlay-color":"","overlay-opacity":"","overlay-gradient":""},"mobile":{"background-color":"","background-image":"","background-repeat":"repeat","background-position":"center center","background-size":"auto","background-attachment":"scroll","background-type":"","background-media":"","overlay-type":"","overlay-color":"","overlay-opacity":"","overlay-gradient":""}},"ast-content-background-meta":{"desktop":{"background-color":"var(--ast-global-color-5)","background-image":"","background-repeat":"repeat","background-position":"center center","background-size":"auto","background-attachment":"scroll","background-type":"","background-media":"","overlay-type":"","overlay-color":"","overlay-opacity":"","overlay-gradient":""},"tablet":{"background-color":"var(--ast-global-color-5)","background-image":"","background-repeat":"repeat","background-position":"center center","background-size":"auto","background-attachment":"scroll","background-type":"","background-media":"","overlay-type":"","overlay-color":"","overlay-opacity":"","overlay-gradient":""},"mobile":{"background-color":"var(--ast-global-color-5)","background-image":"","background-repeat":"repeat","background-position":"center center","background-size":"auto","background-attachment":"scroll","background-type":"","background-media":"","overlay-type":"","overlay-color":"","overlay-opacity":"","overlay-gradient":""}},"_jet_sm_ready_style":"","_jet_sm_style":"","_jet_sm_controls_values":"","_jet_sm_fonts_collection":"","_jet_sm_fonts_links":"","footnotes":""},"schlagwortedst":[152],"class_list":["post-10987","page","type-page","status-publish","hentry","schlagwortedst-sideservice"],"_links":{"self":[{"href":"https:\/\/staging.dst.deutsche-schule.eu\/es\/wp-json\/wp\/v2\/pages\/10987","targetHints":{"allow":["GET"]}}],"collection":[{"href":"https:\/\/staging.dst.deutsche-schule.eu\/es\/wp-json\/wp\/v2\/pages"}],"about":[{"href":"https:\/\/staging.dst.deutsche-schule.eu\/es\/wp-json\/wp\/v2\/types\/page"}],"author":[{"embeddable":true,"href":"https:\/\/staging.dst.deutsche-schule.eu\/es\/wp-json\/wp\/v2\/users\/10"}],"replies":[{"embeddable":true,"href":"https:\/\/staging.dst.deutsche-schule.eu\/es\/wp-json\/wp\/v2\/comments?post=10987"}],"version-history":[{"count":2,"href":"https:\/\/staging.dst.deutsche-schule.eu\/es\/wp-json\/wp\/v2\/pages\/10987\/revisions"}],"predecessor-version":[{"id":43609,"href":"https:\/\/staging.dst.deutsche-schule.eu\/es\/wp-json\/wp\/v2\/pages\/10987\/revisions\/43609"}],"up":[{"embeddable":true,"href":"https:\/\/staging.dst.deutsche-schule.eu\/es\/wp-json\/wp\/v2\/pages\/2833"}],"wp:attachment":[{"href":"https:\/\/staging.dst.deutsche-schule.eu\/es\/wp-json\/wp\/v2\/media?parent=10987"}],"wp:term":[{"taxonomy":"schlagwortedst","embeddable":true,"href":"https:\/\/staging.dst.deutsche-schule.eu\/es\/wp-json\/wp\/v2\/schlagwortedst?post=10987"}],"curies":[{"name":"wp","href":"https:\/\/api.w.org\/{rel}","templated":true}]}}