{"id":10850,"date":"2015-07-06T22:23:39","date_gmt":"2015-07-06T22:23:39","guid":{"rendered":"https:\/\/stage.dst.deutsche-schule.eu\/?page_id=10850\/"},"modified":"2021-08-06T19:09:39","modified_gmt":"2021-08-06T19:09:39","slug":"etica","status":"publish","type":"page","link":"https:\/\/staging.dst.deutsche-schule.eu\/es\/secundaria-y-bachilerato\/asignaturas-secundaria\/etica\/","title":{"rendered":"\u00c9tica"},"content":{"rendered":"<p>Los alumnos del Colegio Alem\u00e1n Santa Cruz de Tenerife pueden elegir entre asistir a la asignatura de Religi\u00f3n y \u00c9tica. Las clases de Religi\u00f3n se imparten en alem\u00e1n tanto en Primaria y Secundaria.<\/p>\n<p><strong>Por favor tenga en cuenta:<\/strong><\/p>\n<p><strong>Cambio entre las asignaturas Religi\u00f3n y \u00c9tica <\/strong><\/p>\n<p><strong>Un cambio entre las asignaturas de Religi\u00f3n y \u00c8ticas solo ser\u00e1 posible en casos excepcionales y previa solicitud y aprobaci\u00f3n de la direcci\u00f3n en las primeras dos semanas lectivas del nuevo curso escolar.<\/strong><\/p>\n<a href=\"https:\/\/stage.dst.deutsche-schule.eu\/wp-content\/uploads\/2015\/07\/ethik_thueringen_gy_lp.pdf\" class=\"pdfemb-viewer\" style=\"width:500px;\" data-width=\"500\" data-height=\"max\" data-toolbar=\"bottom\" data-toolbar-fixed=\"on\">Curriculum de \u00c9tica de Th\u00fcringen<\/a>\n","protected":false},"excerpt":{"rendered":"<p>Los alumnos del Colegio Alem\u00e1n Santa Cruz de Tenerife pueden elegir entre asistir a la asignatura [&hellip;]<\/p>\n","protected":false},"author":10,"featured_media":0,"parent":1910,"menu_order":10,"comment_status":"closed","ping_status":"closed","template":"","meta":{"site-sidebar-layout":"default","site-content-layout":"default","ast-site-content-layout":"default","site-content-style":"default","site-sidebar-style":"default","ast-global-header-display":"","ast-banner-title-visibility":"","ast-main-header-display":"","ast-hfb-above-header-display":"","ast-hfb-below-header-display":"","ast-hfb-mobile-header-display":"","site-post-title":"","ast-breadcrumbs-content":"","ast-featured-img":"","footer-sml-layout":"","ast-disable-related-posts":"","theme-transparent-header-meta":"default","adv-header-id-meta":"","stick-header-meta":"default","header-above-stick-meta":"","header-main-stick-meta":"","header-below-stick-meta":"","astra-migrate-meta-layouts":"default","ast-page-background-enabled":"default","ast-page-background-meta":{"desktop":{"background-color":"","background-image":"","background-repeat":"repeat","background-position":"center center","background-size":"auto","background-attachment":"scroll","background-type":"","background-media":"","overlay-type":"","overlay-color":"","overlay-opacity":"","overlay-gradient":""},"tablet":{"background-color":"","background-image":"","background-repeat":"repeat","background-position":"center center","background-size":"auto","background-attachment":"scroll","background-type":"","background-media":"","overlay-type":"","overlay-color":"","overlay-opacity":"","overlay-gradient":""},"mobile":{"background-color":"","background-image":"","background-repeat":"repeat","background-position":"center center","background-size":"auto","background-attachment":"scroll","background-type":"","background-media":"","overlay-type":"","overlay-color":"","overlay-opacity":"","overlay-gradient":""}},"ast-content-background-meta":{"desktop":{"background-color":"var(--ast-global-color-5)","background-image":"","background-repeat":"repeat","background-position":"center center","background-size":"auto","background-attachment":"scroll","background-type":"","background-media":"","overlay-type":"","overlay-color":"","overlay-opacity":"","overlay-gradient":""},"tablet":{"background-color":"var(--ast-global-color-5)","background-image":"","background-repeat":"repeat","background-position":"center center","background-size":"auto","background-attachment":"scroll","background-type":"","background-media":"","overlay-type":"","overlay-color":"","overlay-opacity":"","overlay-gradient":""},"mobile":{"background-color":"var(--ast-global-color-5)","background-image":"","background-repeat":"repeat","background-position":"center center","background-size":"auto","background-attachment":"scroll","background-type":"","background-media":"","overlay-type":"","overlay-color":"","overlay-opacity":"","overlay-gradient":""}},"_jet_sm_ready_style":"","_jet_sm_style":"","_jet_sm_controls_values":"","_jet_sm_fonts_collection":"","_jet_sm_fonts_links":"","footnotes":""},"schlagwortedst":[151],"class_list":["post-10850","page","type-page","status-publish","hentry","schlagwortedst-sidesek"],"_links":{"self":[{"href":"https:\/\/staging.dst.deutsche-schule.eu\/es\/wp-json\/wp\/v2\/pages\/10850","targetHints":{"allow":["GET"]}}],"collection":[{"href":"https:\/\/staging.dst.deutsche-schule.eu\/es\/wp-json\/wp\/v2\/pages"}],"about":[{"href":"https:\/\/staging.dst.deutsche-schule.eu\/es\/wp-json\/wp\/v2\/types\/page"}],"author":[{"embeddable":true,"href":"https:\/\/staging.dst.deutsche-schule.eu\/es\/wp-json\/wp\/v2\/users\/10"}],"replies":[{"embeddable":true,"href":"https:\/\/staging.dst.deutsche-schule.eu\/es\/wp-json\/wp\/v2\/comments?post=10850"}],"version-history":[{"count":3,"href":"https:\/\/staging.dst.deutsche-schule.eu\/es\/wp-json\/wp\/v2\/pages\/10850\/revisions"}],"predecessor-version":[{"id":44338,"href":"https:\/\/staging.dst.deutsche-schule.eu\/es\/wp-json\/wp\/v2\/pages\/10850\/revisions\/44338"}],"up":[{"embeddable":true,"href":"https:\/\/staging.dst.deutsche-schule.eu\/es\/wp-json\/wp\/v2\/pages\/1910"}],"wp:attachment":[{"href":"https:\/\/staging.dst.deutsche-schule.eu\/es\/wp-json\/wp\/v2\/media?parent=10850"}],"wp:term":[{"taxonomy":"schlagwortedst","embeddable":true,"href":"https:\/\/staging.dst.deutsche-schule.eu\/es\/wp-json\/wp\/v2\/schlagwortedst?post=10850"}],"curies":[{"name":"wp","href":"https:\/\/api.w.org\/{rel}","templated":true}]}}