{"id":10847,"date":"2016-06-20T12:14:31","date_gmt":"2016-06-20T12:14:31","guid":{"rendered":"https:\/\/stage.dst.deutsche-schule.eu\/?page_id=10847\/"},"modified":"2021-08-06T09:32:46","modified_gmt":"2021-08-06T09:32:46","slug":"informatica","status":"publish","type":"page","link":"https:\/\/staging.dst.deutsche-schule.eu\/es\/secundaria-y-bachilerato\/asignaturas-secundaria\/informatica\/","title":{"rendered":"Inform\u00e1tica"},"content":{"rendered":"<p>Los alumnos del Colegio Alem\u00e1n de Tenerife que hayan elegido la asignatura Inform\u00e1tica en la clase 9 y en la clase 10, aprenden a dominar importantes aspectos t\u00e9cnicos de los siguientes temas inform\u00e1ticos:<\/p>\n<ul>\n<li>Procesamiento de textos, de hojas de c\u00e1lculo y de presentaciones,<\/li>\n<li>Dise\u00f1o Web, tratamiento digital de sonido y m\u00fasica , dise\u00f1o gr\u00e1fico,<\/li>\n<li>Programaci\u00f3n de Robots,<\/li>\n<li>Uso de programas actuales aplicados a las asignaturas de Biolog\u00eda, F\u00edsica, Qu\u00edmica y Matem\u00e1ticas.<\/li>\n<\/ul>\n<p>Es posible elegir la asignatura de Inform\u00e1tica como optativa a partir de la clase 11. Se imparten dos horas de clase semanales y cada alumno tiene acceso individual a un ordenador tipo PC. En clase los alumnos aprenden a usar no \u00fanicamente el ordenador sino los dem\u00e1s medios t\u00e9cnicos que el colegio dispone: impresoras, proyectores, \u2026<\/p>\n<p>Los alumnos de las clases 11 y 12 aprenden los siguientes aspectos t\u00e9cnicos e inform\u00e1ticos, de acuerdo con el marco reglado de la formaci\u00f3n de nuestro colegio:<\/p>\n<ul>\n<li>Lenguaje de Programaci\u00f3n un desarrollo de sistemas: \u201cObject Pascal\u201d y \u201cDelphi\u201c\n<ul>\n<li>Sentencias y commandos, procedimientos, funciones, variables, propiedades, m\u00e9todos, sucesos,\u2026<\/li>\n<li>Elaboraci\u00f3n de programas y de aplicaciones,<\/li>\n<li>Desarrollo y programaci\u00f3n de programas de aplicaciones pr\u00e1cticas: Programa de dibujo, Programa editor de textos, Calculadora, Juego.<\/li>\n<\/ul>\n<\/li>\n<li>Hardware y Software del ordenador,<\/li>\n<li>Historia de la inform\u00e1tica.<\/li>\n<\/ul>\n<p>Otros puntos importantes de la asignatura son los Fundamentos de la Comunicaci\u00f3n \u00a0y el manejo \u00f3ptimo de la red de redes: Internet. Los peligros de Internet y c\u00f3mo prevenirlos constituye otro aspecto esencial de la inform\u00e1tica.<\/p>\n<p>En el curso avanzado, en la clase 12, es de especial importancia la programaci\u00f3n con el uso de algoritmos. Adem\u00e1s, se estudia y se emplea la estructuraci\u00f3n de datos.<\/p>\n<p>Para conseguir alcanzar estos objetivos , los alumnos realizar\u00e1n no solo ex\u00e1menes escritos sino tambi\u00e9n proyectos con los ordenadores.<\/p>\n","protected":false},"excerpt":{"rendered":"<p>Los alumnos del Colegio Alem\u00e1n de Tenerife que hayan elegido la asignatura Inform\u00e1tica en la clase [&hellip;]<\/p>\n","protected":false},"author":10,"featured_media":0,"parent":1910,"menu_order":9,"comment_status":"closed","ping_status":"closed","template":"","meta":{"site-sidebar-layout":"default","site-content-layout":"default","ast-site-content-layout":"default","site-content-style":"default","site-sidebar-style":"default","ast-global-header-display":"","ast-banner-title-visibility":"","ast-main-header-display":"","ast-hfb-above-header-display":"","ast-hfb-below-header-display":"","ast-hfb-mobile-header-display":"","site-post-title":"","ast-breadcrumbs-content":"","ast-featured-img":"","footer-sml-layout":"","ast-disable-related-posts":"","theme-transparent-header-meta":"default","adv-header-id-meta":"","stick-header-meta":"default","header-above-stick-meta":"","header-main-stick-meta":"","header-below-stick-meta":"","astra-migrate-meta-layouts":"default","ast-page-background-enabled":"default","ast-page-background-meta":{"desktop":{"background-color":"","background-image":"","background-repeat":"repeat","background-position":"center center","background-size":"auto","background-attachment":"scroll","background-type":"","background-media":"","overlay-type":"","overlay-color":"","overlay-opacity":"","overlay-gradient":""},"tablet":{"background-color":"","background-image":"","background-repeat":"repeat","background-position":"center center","background-size":"auto","background-attachment":"scroll","background-type":"","background-media":"","overlay-type":"","overlay-color":"","overlay-opacity":"","overlay-gradient":""},"mobile":{"background-color":"","background-image":"","background-repeat":"repeat","background-position":"center center","background-size":"auto","background-attachment":"scroll","background-type":"","background-media":"","overlay-type":"","overlay-color":"","overlay-opacity":"","overlay-gradient":""}},"ast-content-background-meta":{"desktop":{"background-color":"var(--ast-global-color-5)","background-image":"","background-repeat":"repeat","background-position":"center center","background-size":"auto","background-attachment":"scroll","background-type":"","background-media":"","overlay-type":"","overlay-color":"","overlay-opacity":"","overlay-gradient":""},"tablet":{"background-color":"var(--ast-global-color-5)","background-image":"","background-repeat":"repeat","background-position":"center center","background-size":"auto","background-attachment":"scroll","background-type":"","background-media":"","overlay-type":"","overlay-color":"","overlay-opacity":"","overlay-gradient":""},"mobile":{"background-color":"var(--ast-global-color-5)","background-image":"","background-repeat":"repeat","background-position":"center center","background-size":"auto","background-attachment":"scroll","background-type":"","background-media":"","overlay-type":"","overlay-color":"","overlay-opacity":"","overlay-gradient":""}},"_jet_sm_ready_style":"","_jet_sm_style":"","_jet_sm_controls_values":"","_jet_sm_fonts_collection":"","_jet_sm_fonts_links":"","footnotes":""},"schlagwortedst":[151],"class_list":["post-10847","page","type-page","status-publish","hentry","schlagwortedst-sidesek"],"_links":{"self":[{"href":"https:\/\/staging.dst.deutsche-schule.eu\/es\/wp-json\/wp\/v2\/pages\/10847","targetHints":{"allow":["GET"]}}],"collection":[{"href":"https:\/\/staging.dst.deutsche-schule.eu\/es\/wp-json\/wp\/v2\/pages"}],"about":[{"href":"https:\/\/staging.dst.deutsche-schule.eu\/es\/wp-json\/wp\/v2\/types\/page"}],"author":[{"embeddable":true,"href":"https:\/\/staging.dst.deutsche-schule.eu\/es\/wp-json\/wp\/v2\/users\/10"}],"replies":[{"embeddable":true,"href":"https:\/\/staging.dst.deutsche-schule.eu\/es\/wp-json\/wp\/v2\/comments?post=10847"}],"version-history":[{"count":2,"href":"https:\/\/staging.dst.deutsche-schule.eu\/es\/wp-json\/wp\/v2\/pages\/10847\/revisions"}],"predecessor-version":[{"id":44094,"href":"https:\/\/staging.dst.deutsche-schule.eu\/es\/wp-json\/wp\/v2\/pages\/10847\/revisions\/44094"}],"up":[{"embeddable":true,"href":"https:\/\/staging.dst.deutsche-schule.eu\/es\/wp-json\/wp\/v2\/pages\/1910"}],"wp:attachment":[{"href":"https:\/\/staging.dst.deutsche-schule.eu\/es\/wp-json\/wp\/v2\/media?parent=10847"}],"wp:term":[{"taxonomy":"schlagwortedst","embeddable":true,"href":"https:\/\/staging.dst.deutsche-schule.eu\/es\/wp-json\/wp\/v2\/schlagwortedst?post=10847"}],"curies":[{"name":"wp","href":"https:\/\/api.w.org\/{rel}","templated":true}]}}