{"id":10186,"date":"2015-06-22T21:17:48","date_gmt":"2015-06-22T21:17:48","guid":{"rendered":"https:\/\/stage.dst.deutsche-schule.eu\/?page_id=10186\/"},"modified":"2021-08-06T18:59:19","modified_gmt":"2021-08-06T18:59:19","slug":"ingles","status":"publish","type":"page","link":"https:\/\/staging.dst.deutsche-schule.eu\/es\/secundaria-y-bachilerato\/asignaturas-secundaria\/ingles\/","title":{"rendered":"Ingl\u00e9s"},"content":{"rendered":"<p>En las clases de Ingl\u00e9s se ejercitan las competencias intelectuales en general, como por ejemplo las habilidades comunicativas, la expresi\u00f3n creativa, argumentativa y asociativa de una lengua extranjera, tanto hablada como escrita, visi\u00f3n contrastiva de los sistemas ling\u00fc\u00edsticos. Al conocer la cultura, la literatura y las costumbres de los pa\u00edses de habla inglesa, se observan las <img fetchpriority=\"high\" decoding=\"async\" class=\"wp-image-5674 alignleft\" src=\"https:\/\/stage.dst.deutsche-schule.eu\/wp-content\/uploads\/2015\/06\/IMG_4324-1140x851.jpg\" alt=\"IMG_4324\" width=\"283\" height=\"212\" srcset=\"https:\/\/staging.dst.deutsche-schule.eu\/wp-content\/uploads\/2015\/06\/IMG_4324-1140x851.jpg 1140w, https:\/\/staging.dst.deutsche-schule.eu\/wp-content\/uploads\/2015\/06\/IMG_4324-768x573.jpg 768w\" sizes=\"(max-width: 283px) 100vw, 283px\" \/>diferencias y similitudes entre la cultura propia y la de la otra lengua. La lengua inglesa en s\u00ed misma y tambi\u00e9n como lengua franca tiene una importancia especial, su aprendizaje y el conocimiento de su cultura no solo abre horizontes, sino tambi\u00e9n tiene ventajas pr\u00e1cticas en la vida profesional. Hoy en d\u00eda en muchas profesiones se presupone unos conocimientos fluidos del ingl\u00e9s hablado y escrito.<\/p>\n<p>Durante casi toda la secundaria del Colegio Alem\u00e1n Santa Cruz de Tenerife se imparten cuatro horas semanales de la asignatura de Ingl\u00e9s. En la clase 10 (4\u00ba ESO) se imparten\u00a0 tres horas semanales en cuatro grupos reducidos por curso.\u00a0 En primer lugar se realiza la fase de adquisici\u00f3n ling\u00fc\u00edstica, que tiene lugar hasta la clase 8 (2\u00ba ESO) inclusive. En la clase 9 (3\u00ba ESO) <img decoding=\"async\" class=\"wp-image-5673 alignleft\" src=\"https:\/\/stage.dst.deutsche-schule.eu\/wp-content\/uploads\/2015\/06\/IMG_4320-1140x851.jpg\" alt=\"IMG_4320\" width=\"285\" height=\"213\" srcset=\"https:\/\/staging.dst.deutsche-schule.eu\/wp-content\/uploads\/2015\/06\/IMG_4320-1140x851.jpg 1140w, https:\/\/staging.dst.deutsche-schule.eu\/wp-content\/uploads\/2015\/06\/IMG_4320-768x573.jpg 768w\" sizes=\"(max-width: 285px) 100vw, 285px\" \/>se repasan y profundizan las competencias adquiridas. Para ello se utiliza el libro de gram\u00e1tica <em>Murphy\u2019s English Grammar in Use. <\/em>A partir de la clase 10 existe un enfoque m\u00e1s tem\u00e1tico, en el que se analiza en profundidad la cultura, literatura y otros temas m\u00e1s relevantes. Tanto para la adquisici\u00f3n del t\u00edtulo de E.S.O. y la autorizaci\u00f3n de transici\u00f3n al Bachillerato como para evaluar los est\u00e1ndares educativos, en la clase 10 se realiza un Examen Centralizado.<img decoding=\"async\" class=\" wp-image-5671 alignleft\" src=\"https:\/\/stage.dst.deutsche-schule.eu\/wp-content\/uploads\/2015\/06\/IMG_4314-1140x851.jpg\" alt=\"IMG_4314\" width=\"286\" height=\"214\" srcset=\"https:\/\/staging.dst.deutsche-schule.eu\/wp-content\/uploads\/2015\/06\/IMG_4314-1140x851.jpg 1140w, https:\/\/staging.dst.deutsche-schule.eu\/wp-content\/uploads\/2015\/06\/IMG_4314-768x573.jpg 768w\" sizes=\"(max-width: 286px) 100vw, 286px\" \/><\/p>\n<p>Asesoramos a nuestros alumnos en la presentaci\u00f3n de certificados de competencia ling\u00fc\u00edstica y les proporcionamos una preparaci\u00f3n adecuada. Hay que analizar cada caso individualmente, ya que con la adquisici\u00f3n del Abitur queda reconocido parcialmente en las universidades de habla inglesa. Para ello, ofrecemos un asesoramiento personalizado al alumno.<\/p>\n<p>&nbsp;<\/p>\n<p><a href=\"https:\/\/stage.dst.deutsche-schule.eu\/wp-content\/uploads\/2015\/06\/DSTeneriffa_Schulcurriculum_Englisch_Sek1.pdf\" target=\"_blank\" rel=\"noopener\">Curriculum Ingl\u00e9s ESO<\/a><br \/>\n<a href=\"https:\/\/stage.dst.deutsche-schule.eu\/wp-content\/uploads\/2015\/06\/DSTeneriffa_Schulcurriculum_Englisch_Sek1.pdf\" class=\"pdfemb-viewer\" style=\"\" data-width=\"max\" data-height=\"max\" data-toolbar=\"bottom\" data-toolbar-fixed=\"on\">Curriculum Ingl\u00e9s ESO<\/a><\/p>\n<p><a href=\"https:\/\/stage.dst.deutsche-schule.eu\/wp-content\/uploads\/2015\/06\/DS-Teneriffa_Schulcurriculum_Englisch_Sek-2.pdf\" target=\"_blank\" rel=\"noopener\">Curriculum Ingl\u00e9s Bachillerato<\/a><br \/>\n<a href=\"https:\/\/stage.dst.deutsche-schule.eu\/wp-content\/uploads\/2015\/06\/DS-Teneriffa_Schulcurriculum_Englisch_Sek-2.pdf\" class=\"pdfemb-viewer\" style=\"\" data-width=\"max\" data-height=\"max\" data-toolbar=\"bottom\" data-toolbar-fixed=\"on\">Curriculum Ingl\u00e9s Bachillerato<\/a><\/p>\n","protected":false},"excerpt":{"rendered":"<p>En las clases de Ingl\u00e9s se ejercitan las competencias intelectuales en general, como por ejemplo las [&hellip;]<\/p>\n","protected":false},"author":10,"featured_media":0,"parent":1910,"menu_order":8,"comment_status":"closed","ping_status":"closed","template":"","meta":{"site-sidebar-layout":"default","site-content-layout":"default","ast-site-content-layout":"default","site-content-style":"default","site-sidebar-style":"default","ast-global-header-display":"","ast-banner-title-visibility":"","ast-main-header-display":"","ast-hfb-above-header-display":"","ast-hfb-below-header-display":"","ast-hfb-mobile-header-display":"","site-post-title":"","ast-breadcrumbs-content":"","ast-featured-img":"","footer-sml-layout":"","ast-disable-related-posts":"","theme-transparent-header-meta":"default","adv-header-id-meta":"","stick-header-meta":"default","header-above-stick-meta":"","header-main-stick-meta":"","header-below-stick-meta":"","astra-migrate-meta-layouts":"default","ast-page-background-enabled":"default","ast-page-background-meta":{"desktop":{"background-color":"","background-image":"","background-repeat":"repeat","background-position":"center center","background-size":"auto","background-attachment":"scroll","background-type":"","background-media":"","overlay-type":"","overlay-color":"","overlay-opacity":"","overlay-gradient":""},"tablet":{"background-color":"","background-image":"","background-repeat":"repeat","background-position":"center center","background-size":"auto","background-attachment":"scroll","background-type":"","background-media":"","overlay-type":"","overlay-color":"","overlay-opacity":"","overlay-gradient":""},"mobile":{"background-color":"","background-image":"","background-repeat":"repeat","background-position":"center center","background-size":"auto","background-attachment":"scroll","background-type":"","background-media":"","overlay-type":"","overlay-color":"","overlay-opacity":"","overlay-gradient":""}},"ast-content-background-meta":{"desktop":{"background-color":"var(--ast-global-color-5)","background-image":"","background-repeat":"repeat","background-position":"center center","background-size":"auto","background-attachment":"scroll","background-type":"","background-media":"","overlay-type":"","overlay-color":"","overlay-opacity":"","overlay-gradient":""},"tablet":{"background-color":"var(--ast-global-color-5)","background-image":"","background-repeat":"repeat","background-position":"center center","background-size":"auto","background-attachment":"scroll","background-type":"","background-media":"","overlay-type":"","overlay-color":"","overlay-opacity":"","overlay-gradient":""},"mobile":{"background-color":"var(--ast-global-color-5)","background-image":"","background-repeat":"repeat","background-position":"center center","background-size":"auto","background-attachment":"scroll","background-type":"","background-media":"","overlay-type":"","overlay-color":"","overlay-opacity":"","overlay-gradient":""}},"_jet_sm_ready_style":"","_jet_sm_style":"","_jet_sm_controls_values":"","_jet_sm_fonts_collection":"","_jet_sm_fonts_links":"","footnotes":""},"schlagwortedst":[151],"class_list":["post-10186","page","type-page","status-publish","hentry","schlagwortedst-sidesek"],"_links":{"self":[{"href":"https:\/\/staging.dst.deutsche-schule.eu\/es\/wp-json\/wp\/v2\/pages\/10186","targetHints":{"allow":["GET"]}}],"collection":[{"href":"https:\/\/staging.dst.deutsche-schule.eu\/es\/wp-json\/wp\/v2\/pages"}],"about":[{"href":"https:\/\/staging.dst.deutsche-schule.eu\/es\/wp-json\/wp\/v2\/types\/page"}],"author":[{"embeddable":true,"href":"https:\/\/staging.dst.deutsche-schule.eu\/es\/wp-json\/wp\/v2\/users\/10"}],"replies":[{"embeddable":true,"href":"https:\/\/staging.dst.deutsche-schule.eu\/es\/wp-json\/wp\/v2\/comments?post=10186"}],"version-history":[{"count":2,"href":"https:\/\/staging.dst.deutsche-schule.eu\/es\/wp-json\/wp\/v2\/pages\/10186\/revisions"}],"predecessor-version":[{"id":44332,"href":"https:\/\/staging.dst.deutsche-schule.eu\/es\/wp-json\/wp\/v2\/pages\/10186\/revisions\/44332"}],"up":[{"embeddable":true,"href":"https:\/\/staging.dst.deutsche-schule.eu\/es\/wp-json\/wp\/v2\/pages\/1910"}],"wp:attachment":[{"href":"https:\/\/staging.dst.deutsche-schule.eu\/es\/wp-json\/wp\/v2\/media?parent=10186"}],"wp:term":[{"taxonomy":"schlagwortedst","embeddable":true,"href":"https:\/\/staging.dst.deutsche-schule.eu\/es\/wp-json\/wp\/v2\/schlagwortedst?post=10186"}],"curies":[{"name":"wp","href":"https:\/\/api.w.org\/{rel}","templated":true}]}}