{"id":10176,"date":"2015-06-29T22:25:19","date_gmt":"2015-06-29T22:25:19","guid":{"rendered":"https:\/\/stage.dst.deutsche-schule.eu\/?page_id=10176\/"},"modified":"2021-08-06T19:40:55","modified_gmt":"2021-08-06T19:40:55","slug":"matematicas","status":"publish","type":"page","link":"https:\/\/staging.dst.deutsche-schule.eu\/es\/secundaria-y-bachilerato\/asignaturas-secundaria\/matematicas\/","title":{"rendered":"Matem\u00e1ticas"},"content":{"rendered":"<p>En las clases de Matem\u00e1ticas se entrenan las capacidades intelectuales en general, por ejemplo el pensamiento l\u00f3gico, el razonamiento y el poder de percepci\u00f3n. Se proporciona m\u00e9todos y estrategias para resolver problemas. La interacci\u00f3n entre la ciencia pura y su aplicaci\u00f3n es particularmente evidente en las Matem\u00e1ticas. Las Matem\u00e1ticas juegan un papel importante en muchas otras asignaturas (Ciencias, Tecnolog\u00eda, Inform\u00e1tica, etc.). Adem\u00e1s, cuenta con miles de a\u00f1os de historia, contando por lo tanto con una gran importancia cultural e hist\u00f3rica.<\/p>\n<p>En la secundaria del DST se imparten cuatro horas semanales de Matem\u00e1ticas. Apoyado por el uso de una calculadora gr\u00e1fica a partir de la clase 9 (3\u00ba E.S.O.), va creciendo la adquisici\u00f3n de habilidades para resolver problemas y el trabajo pr\u00e1ctico. Tanto para la adquisici\u00f3n del T\u00edtulo de la E.S.O., como \u00a0para la autorizaci\u00f3n de la transici\u00f3n a la fase de cualificaci\u00f3n (Bachillerato) y la evaluaci\u00f3n de los est\u00e1ndares educativos, en la clase 10 (4\u00ba E.S.O.) se lleva a cabo un examen centralizado.<\/p>\n<p>Dentro de nuestro programa de calidad educativa, ofrecemos y animamos a nuestros alumnos a participar en concursos matem\u00e1ticos:<\/p>\n<ul>\n<li>Los alumnos de todos los cursos interesados o con aptitudes especiales tienen la posibilidad de participar en las Olimpiadas Matem\u00e1ticas.<\/li>\n<li>Los alumnos de las clases 3-12 participan anualmente en el Concurso Matem\u00e1tico Canguro, cuyo primer objetivo es popularizar las Matem\u00e1ticas. A trav\u00e9s de los ejercicios se quiere despertar y apoyar el entusiasmo en el razonamiento y trabajo matem\u00e1tico.<\/li>\n<\/ul>\n<p><strong>Curriculums:<\/strong><\/p>\n<p><a href=\"https:\/\/stage.dst.deutsche-schule.eu\/wp-content\/uploads\/2015\/06\/Schulcurriculum-Mathematik-Sek-I-DS-Tenerife.pdf\">Curriculum Matem\u00e1ticas ESO\u00a0<\/a><br \/>\n<a href=\"https:\/\/stage.dst.deutsche-schule.eu\/wp-content\/uploads\/2015\/06\/Schulcurriculum-Mathematik-Sek-I-DS-Tenerife.pdf\" class=\"pdfemb-viewer\" style=\"width:340px;\" data-width=\"340\" data-height=\"max\" data-toolbar=\"bottom\" data-toolbar-fixed=\"on\">Curriculum Matem\u00e1ticas ESO<\/a><\/p>\n<p><a href=\"https:\/\/stage.dst.deutsche-schule.eu\/wp-content\/uploads\/2015\/06\/Schulcurriculum-Mathematik-Kursstufe-DS-Tenerife-1.pdf\" target=\"_blank\" rel=\"noopener\">Curriculum Matem\u00e1ticas Bachillerato<\/a><br \/>\n<a href=\"https:\/\/stage.dst.deutsche-schule.eu\/wp-content\/uploads\/2015\/06\/Schulcurriculum-Mathematik-Kursstufe-DS-Tenerife-1.pdf\" class=\"pdfemb-viewer\" style=\"width:340px;\" data-width=\"340\" data-height=\"max\" data-toolbar=\"bottom\" data-toolbar-fixed=\"on\">Curriculum Matem\u00e1ticas Bachillerato<\/a><\/p>\n","protected":false},"excerpt":{"rendered":"<p>En las clases de Matem\u00e1ticas se entrenan las capacidades intelectuales en general, por ejemplo el pensamiento [&hellip;]<\/p>\n","protected":false},"author":10,"featured_media":0,"parent":1910,"menu_order":6,"comment_status":"closed","ping_status":"closed","template":"","meta":{"site-sidebar-layout":"default","site-content-layout":"default","ast-site-content-layout":"default","site-content-style":"default","site-sidebar-style":"default","ast-global-header-display":"","ast-banner-title-visibility":"","ast-main-header-display":"","ast-hfb-above-header-display":"","ast-hfb-below-header-display":"","ast-hfb-mobile-header-display":"","site-post-title":"","ast-breadcrumbs-content":"","ast-featured-img":"","footer-sml-layout":"","ast-disable-related-posts":"","theme-transparent-header-meta":"default","adv-header-id-meta":"","stick-header-meta":"default","header-above-stick-meta":"","header-main-stick-meta":"","header-below-stick-meta":"","astra-migrate-meta-layouts":"default","ast-page-background-enabled":"default","ast-page-background-meta":{"desktop":{"background-color":"","background-image":"","background-repeat":"repeat","background-position":"center center","background-size":"auto","background-attachment":"scroll","background-type":"","background-media":"","overlay-type":"","overlay-color":"","overlay-opacity":"","overlay-gradient":""},"tablet":{"background-color":"","background-image":"","background-repeat":"repeat","background-position":"center center","background-size":"auto","background-attachment":"scroll","background-type":"","background-media":"","overlay-type":"","overlay-color":"","overlay-opacity":"","overlay-gradient":""},"mobile":{"background-color":"","background-image":"","background-repeat":"repeat","background-position":"center center","background-size":"auto","background-attachment":"scroll","background-type":"","background-media":"","overlay-type":"","overlay-color":"","overlay-opacity":"","overlay-gradient":""}},"ast-content-background-meta":{"desktop":{"background-color":"var(--ast-global-color-5)","background-image":"","background-repeat":"repeat","background-position":"center center","background-size":"auto","background-attachment":"scroll","background-type":"","background-media":"","overlay-type":"","overlay-color":"","overlay-opacity":"","overlay-gradient":""},"tablet":{"background-color":"var(--ast-global-color-5)","background-image":"","background-repeat":"repeat","background-position":"center center","background-size":"auto","background-attachment":"scroll","background-type":"","background-media":"","overlay-type":"","overlay-color":"","overlay-opacity":"","overlay-gradient":""},"mobile":{"background-color":"var(--ast-global-color-5)","background-image":"","background-repeat":"repeat","background-position":"center center","background-size":"auto","background-attachment":"scroll","background-type":"","background-media":"","overlay-type":"","overlay-color":"","overlay-opacity":"","overlay-gradient":""}},"_jet_sm_ready_style":"","_jet_sm_style":"","_jet_sm_controls_values":"","_jet_sm_fonts_collection":"","_jet_sm_fonts_links":"","footnotes":""},"schlagwortedst":[151],"class_list":["post-10176","page","type-page","status-publish","hentry","schlagwortedst-sidesek"],"_links":{"self":[{"href":"https:\/\/staging.dst.deutsche-schule.eu\/es\/wp-json\/wp\/v2\/pages\/10176","targetHints":{"allow":["GET"]}}],"collection":[{"href":"https:\/\/staging.dst.deutsche-schule.eu\/es\/wp-json\/wp\/v2\/pages"}],"about":[{"href":"https:\/\/staging.dst.deutsche-schule.eu\/es\/wp-json\/wp\/v2\/types\/page"}],"author":[{"embeddable":true,"href":"https:\/\/staging.dst.deutsche-schule.eu\/es\/wp-json\/wp\/v2\/users\/10"}],"replies":[{"embeddable":true,"href":"https:\/\/staging.dst.deutsche-schule.eu\/es\/wp-json\/wp\/v2\/comments?post=10176"}],"version-history":[{"count":2,"href":"https:\/\/staging.dst.deutsche-schule.eu\/es\/wp-json\/wp\/v2\/pages\/10176\/revisions"}],"predecessor-version":[{"id":44351,"href":"https:\/\/staging.dst.deutsche-schule.eu\/es\/wp-json\/wp\/v2\/pages\/10176\/revisions\/44351"}],"up":[{"embeddable":true,"href":"https:\/\/staging.dst.deutsche-schule.eu\/es\/wp-json\/wp\/v2\/pages\/1910"}],"wp:attachment":[{"href":"https:\/\/staging.dst.deutsche-schule.eu\/es\/wp-json\/wp\/v2\/media?parent=10176"}],"wp:term":[{"taxonomy":"schlagwortedst","embeddable":true,"href":"https:\/\/staging.dst.deutsche-schule.eu\/es\/wp-json\/wp\/v2\/schlagwortedst?post=10176"}],"curies":[{"name":"wp","href":"https:\/\/api.w.org\/{rel}","templated":true}]}}